{"id":58279,"date":"2025-01-26T02:49:47","date_gmt":"2025-01-26T02:49:47","guid":{"rendered":"https:\/\/nexgendecors.com\/product\/genji-wood-language-solid-wood-childrens-wardrobe-bookcase-combination-bedroom-floor-standing-oak-wardrobe-home-clothes-storage-cabinet-2\/"},"modified":"2025-04-06T08:38:23","modified_gmt":"2025-04-06T08:38:23","slug":"genji-wood-language-solid-wood-childrens-wardrobe-bookcase-combination-bedroom-floor-standing-oak-wardrobe-home-clothes-storage-cabinet-2","status":"publish","type":"product","link":"https:\/\/nexgendecors.com\/fr\/product\/genji-wood-language-solid-wood-childrens-wardrobe-bookcase-combination-bedroom-floor-standing-oak-wardrobe-home-clothes-storage-cabinet-2\/","title":{"rendered":"Armoire et biblioth\u00e8que pour enfants en ch\u00eane Genji Wood"},"content":{"rendered":"<ul>\n<li>\n<strong>marque<\/strong>:Les mots du bois de Genji<\/li>\n<li>\n<strong>\u00e9l\u00e9ments populaires<\/strong>:Mortaise et tenon en rondins<\/li>\n<li>\n<strong>style<\/strong>:Simple et moderne<\/li>\n<li>\n<strong>ville<\/strong>:Shanghai<\/li>\n<li>\n<strong>Districts et comt\u00e9s<\/strong>:Autres domaines<\/li>\n<li>\n<strong>Wardrobe Type<\/strong>:Children&#8217;s Wardrobe<\/li>\n<li>\n<strong>La pr\u00e9vente est-elle disponible ?<\/strong>:Oui<\/li>\n<li>\n<strong>volume du colis<\/strong>:0.63<\/li>\n<li>\n<strong>Est-ce personnalisable ?<\/strong>:Non<\/li>\n<li>\n<strong>Mat\u00e9riel<\/strong>:Bois<\/li>\n<li>\n<strong>Mat\u00e9riau en bois<\/strong>:ch\u00eane<\/li>\n<li>\n<strong>Instructions d&#039;installation d\u00e9taill\u00e9es<\/strong>:Provide simple installation tools and installation instructions<\/li>\n<li>\n<strong>Origine<\/strong>:Shanghai<\/li>\n<li>\n<strong>Un taxi est-il disponible pour le transport ?<\/strong>:Non<\/li>\n<li>\n<strong>Positionnement de style<\/strong>:Qualit\u00e9 Luxe<\/li>\n<li>\n<strong>trier par couleur<\/strong>:0.5m single-door children&#8217;s wardrobe (500*530*2000mm) Y07E13 (upgraded version) 1m double-door children&#8217;s wardrobe (1000*530*2000mm) Y07E13 (upgraded version) 1m double door + 0.5m single door (1500*530*2000mm) Y07E13 (upgraded version) 1m double door + 0.5m drawer cabinet (1500*530*2000mm) Y07E13 (upgraded version) 1m double door + 0.5m single door + 0.5m drawer cabinet (2000*530*2000mm) Y07E13 (upgraded version) 0.5m children&#8217;s drawer cabinet (500*530*2000mm) Y07E13 (upgraded version)<\/li>\n<\/ul>\n<p><img><\/p>","protected":false},"excerpt":{"rendered":"<p>Marque : Genji Wood Mots \u00c9l\u00e9ments populaires : Bois massif Style : Simple et moderne Ville : Shanghai Districts et comt\u00e9s : Autres r\u00e9gions Type de garde-robe : Garde-robe pour enfants<\/p>","protected":false},"featured_media":117122,"comment_status":"open","ping_status":"closed","template":"","meta":[],"product_brand":[],"product_cat":[30858,30862,30971,30851],"product_tag":[],"class_list":{"0":"post-58279","1":"product","2":"type-product","3":"status-publish","4":"has-post-thumbnail","6":"product_cat-wholesale-bedroom","7":"product_cat-wholesales-hotels","8":"product_cat-hp","9":"product_cat-wholesale-cabinets","11":"first","12":"instock","13":"taxable","14":"shipping-taxable","15":"purchasable","16":"product-type-variable"},"_links":{"self":[{"href":"https:\/\/nexgendecors.com\/fr\/wp-json\/wp\/v2\/product\/58279","targetHints":{"allow":["GET"]}}],"collection":[{"href":"https:\/\/nexgendecors.com\/fr\/wp-json\/wp\/v2\/product"}],"about":[{"href":"https:\/\/nexgendecors.com\/fr\/wp-json\/wp\/v2\/types\/product"}],"replies":[{"embeddable":true,"href":"https:\/\/nexgendecors.com\/fr\/wp-json\/wp\/v2\/comments?post=58279"}],"version-history":[{"count":0,"href":"https:\/\/nexgendecors.com\/fr\/wp-json\/wp\/v2\/product\/58279\/revisions"}],"wp:featuredmedia":[{"embeddable":true,"href":"https:\/\/nexgendecors.com\/fr\/wp-json\/wp\/v2\/media\/117122"}],"wp:attachment":[{"href":"https:\/\/nexgendecors.com\/fr\/wp-json\/wp\/v2\/media?parent=58279"}],"wp:term":[{"taxonomy":"product_brand","embeddable":true,"href":"https:\/\/nexgendecors.com\/fr\/wp-json\/wp\/v2\/product_brand?post=58279"},{"taxonomy":"product_cat","embeddable":true,"href":"https:\/\/nexgendecors.com\/fr\/wp-json\/wp\/v2\/product_cat?post=58279"},{"taxonomy":"product_tag","embeddable":true,"href":"https:\/\/nexgendecors.com\/fr\/wp-json\/wp\/v2\/product_tag?post=58279"}],"curies":[{"name":"wp","href":"https:\/\/api.w.org\/{rel}","templated":true}]}}