{"id":58610,"date":"2025-01-26T02:50:34","date_gmt":"2025-01-26T02:50:34","guid":{"rendered":"https:\/\/nexgendecors.com\/product\/german-creative-art-basin-net-red-wash-basin-above-the-counter-basin-high-end-ceramic-countertop-basin-bathroom-wash-basin-pool-2\/"},"modified":"2025-04-06T08:38:41","modified_gmt":"2025-04-06T08:38:41","slug":"german-creative-art-basin-net-red-wash-basin-above-the-counter-basin-high-end-ceramic-countertop-basin-bathroom-wash-basin-pool-2","status":"publish","type":"product","link":"https:\/\/nexgendecors.com\/fr\/product\/german-creative-art-basin-net-red-wash-basin-above-the-counter-basin-high-end-ceramic-countertop-basin-bathroom-wash-basin-pool-2\/","title":{"rendered":"Lavabo \u00e0 poser en c\u00e9ramique allemande haut de gamme"},"content":{"rendered":"<ul>\n<li>\n<strong>marque<\/strong>:KALDEBEND\/KALDEBEND<\/li>\n<li>\n<strong>mod\u00e8le<\/strong>:XZ450<\/li>\n<li>\n<strong>Mat\u00e9riel<\/strong>:c\u00e9ramique<\/li>\n<li>\n<strong>capacit\u00e9<\/strong>:12L<\/li>\n<li>\n<strong>Origine<\/strong>:Chine continentale<\/li>\n<li>\n<strong>taille<\/strong>:450*450*120MM<\/li>\n<li>\n<strong>trier par couleur<\/strong>:XZ450 [Frosted Red Single Basin] with Drain, XZ540 [Frosted Red Single Basin] with Drain, XZ550 [Frosted Red Single Basin] with Drain, XZ550 Frosted Red with [Dazzling Square Black] Package, XZ550 Frosted Red with [Waterfall Black] Package, XZ550 Frosted Red with [Elegant Black] Package, XZ550 Frosted Red with [Elegant Black Pull-out] Package, XZ550 Frosted Red with [Black Swan] Package, XZ550 Frosted Red [Monica Red Hat] Package, XZ550 Frosted Red [Life Faucet Black] Package, XZ540 Frosted Red with [Dazzling Square Black] Package, XZ540 Frosted Red with [Waterfall Black] Package, XZ 540 matte red with [elegant black] package, XZ540 matte red [elegant black pull-out] package, XZ540 matte red [Monica dumb black] package, XZ540 matte red [Monica red hat] package, XZ540 matte red [Life faucet black] package, XZ450 matte red with [Xuanfang black] package, XZ450 matte red with [waterfall black] package, XZ450 matte red with [elegant black] package, XZ450 matte red [elegant black pull-out] package, XZ450 matte red with [black swan] package, XZ450 matte red [Monica red hat] package, XZ450 matte red [Life faucet black] package<\/li>\n<li>\n<strong>Service en ville<\/strong>:Livraison porte-\u00e0-porte logistique intra-urbaine<\/li>\n<li>\n<strong>Ouverture du robinet<\/strong>:Non poreux<\/li>\n<li>\n<strong><\/strong>:<\/li>\n<\/ul>\n<p><img><\/p>","protected":false},"excerpt":{"rendered":"<p>Marque : KALDEBEND\/KALDEBEND Mod\u00e8le : XZ450 Mat\u00e9riau : c\u00e9ramique Capacit\u00e9 : 12 L Origine : Chine continentale Taille : 450 x 450 x 120 mm Trier par couleur : XZ450 [Vasque simple rouge givr\u00e9] avec drain, XZ540 [Vasque simple rouge givr\u00e9<\/p>","protected":false},"featured_media":117485,"comment_status":"open","ping_status":"closed","template":"","meta":[],"product_brand":[],"product_cat":[30893,30971,30880],"product_tag":[],"class_list":{"0":"post-58610","1":"product","2":"type-product","3":"status-publish","4":"has-post-thumbnail","6":"product_cat-bs-sink","7":"product_cat-hp","8":"product_cat-wholesales-bathroom-sink","10":"first","11":"instock","12":"taxable","13":"shipping-taxable","14":"purchasable","15":"product-type-variable"},"_links":{"self":[{"href":"https:\/\/nexgendecors.com\/fr\/wp-json\/wp\/v2\/product\/58610","targetHints":{"allow":["GET"]}}],"collection":[{"href":"https:\/\/nexgendecors.com\/fr\/wp-json\/wp\/v2\/product"}],"about":[{"href":"https:\/\/nexgendecors.com\/fr\/wp-json\/wp\/v2\/types\/product"}],"replies":[{"embeddable":true,"href":"https:\/\/nexgendecors.com\/fr\/wp-json\/wp\/v2\/comments?post=58610"}],"version-history":[{"count":0,"href":"https:\/\/nexgendecors.com\/fr\/wp-json\/wp\/v2\/product\/58610\/revisions"}],"wp:featuredmedia":[{"embeddable":true,"href":"https:\/\/nexgendecors.com\/fr\/wp-json\/wp\/v2\/media\/117485"}],"wp:attachment":[{"href":"https:\/\/nexgendecors.com\/fr\/wp-json\/wp\/v2\/media?parent=58610"}],"wp:term":[{"taxonomy":"product_brand","embeddable":true,"href":"https:\/\/nexgendecors.com\/fr\/wp-json\/wp\/v2\/product_brand?post=58610"},{"taxonomy":"product_cat","embeddable":true,"href":"https:\/\/nexgendecors.com\/fr\/wp-json\/wp\/v2\/product_cat?post=58610"},{"taxonomy":"product_tag","embeddable":true,"href":"https:\/\/nexgendecors.com\/fr\/wp-json\/wp\/v2\/product_tag?post=58610"}],"curies":[{"name":"wp","href":"https:\/\/api.w.org\/{rel}","templated":true}]}}