{"id":58751,"date":"2025-01-26T02:50:55","date_gmt":"2025-01-26T02:50:55","guid":{"rendered":"https:\/\/nexgendecors.com\/product\/gillham-47-2-iron-dining-table\/"},"modified":"2025-04-06T08:38:44","modified_gmt":"2025-04-06T08:38:44","slug":"gillham-47-2-iron-dining-table","status":"publish","type":"product","link":"https:\/\/nexgendecors.com\/fr\/product\/gillham-47-2-iron-dining-table\/","title":{"rendered":"Gillham 47.2\u2033 Table de salle \u00e0 manger en fer - Style industriel moderne"},"content":{"rendered":"<p>This modern-inspired dining table features a clean-lined silhouette for a contemporary look that seats up to four guests. It has a rectangular tempered glass top, so it&#8217;s easy to wipe up accidental spills. Plus, it rests on a double trestle base with an open tripod construction. This structure gives you plenty of legroom, so your dining room feels light and airy when guests are over for brunch or a holiday dinner. The iron frame is painted with an elegant gold finish for some glam style that makes a statement.<\/p>","protected":false},"excerpt":{"rendered":"<p>Cette table de salle \u00e0 manger d'inspiration moderne pr\u00e9sente une silhouette \u00e9pur\u00e9e pour un look contemporain et peut accueillir jusqu'\u00e0 quatre personnes. Elle a<\/p>","protected":false},"featured_media":117590,"comment_status":"open","ping_status":"closed","template":"","meta":[],"product_brand":[],"product_cat":[30971,32],"product_tag":[12770],"class_list":{"0":"post-58751","1":"product","2":"type-product","3":"status-publish","4":"has-post-thumbnail","6":"product_cat-hp","7":"product_cat-residential-furniture","8":"product_tag-all-categories","10":"first","11":"instock","12":"sale","13":"taxable","14":"shipping-taxable","15":"purchasable","16":"product-type-variable"},"_links":{"self":[{"href":"https:\/\/nexgendecors.com\/fr\/wp-json\/wp\/v2\/product\/58751","targetHints":{"allow":["GET"]}}],"collection":[{"href":"https:\/\/nexgendecors.com\/fr\/wp-json\/wp\/v2\/product"}],"about":[{"href":"https:\/\/nexgendecors.com\/fr\/wp-json\/wp\/v2\/types\/product"}],"replies":[{"embeddable":true,"href":"https:\/\/nexgendecors.com\/fr\/wp-json\/wp\/v2\/comments?post=58751"}],"version-history":[{"count":0,"href":"https:\/\/nexgendecors.com\/fr\/wp-json\/wp\/v2\/product\/58751\/revisions"}],"wp:featuredmedia":[{"embeddable":true,"href":"https:\/\/nexgendecors.com\/fr\/wp-json\/wp\/v2\/media\/117590"}],"wp:attachment":[{"href":"https:\/\/nexgendecors.com\/fr\/wp-json\/wp\/v2\/media?parent=58751"}],"wp:term":[{"taxonomy":"product_brand","embeddable":true,"href":"https:\/\/nexgendecors.com\/fr\/wp-json\/wp\/v2\/product_brand?post=58751"},{"taxonomy":"product_cat","embeddable":true,"href":"https:\/\/nexgendecors.com\/fr\/wp-json\/wp\/v2\/product_cat?post=58751"},{"taxonomy":"product_tag","embeddable":true,"href":"https:\/\/nexgendecors.com\/fr\/wp-json\/wp\/v2\/product_tag?post=58751"}],"curies":[{"name":"wp","href":"https:\/\/api.w.org\/{rel}","templated":true}]}}