{"id":59002,"date":"2025-01-26T02:51:24","date_gmt":"2025-01-26T02:51:24","guid":{"rendered":"https:\/\/nexgendecors.com\/product\/girls-room-wall-lamp-cute-rabbit-creative-clock-room-wall-lamp-girl-childrens-room-bedroom-bedside-wall-lamp\/"},"modified":"2025-04-06T08:38:53","modified_gmt":"2025-04-06T08:38:53","slug":"girls-room-wall-lamp-cute-rabbit-creative-clock-room-wall-lamp-girl-childrens-room-bedroom-bedside-wall-lamp","status":"publish","type":"product","link":"https:\/\/nexgendecors.com\/fr\/product\/girls-room-wall-lamp-cute-rabbit-creative-clock-room-wall-lamp-girl-childrens-room-bedroom-bedside-wall-lamp\/","title":{"rendered":"Cute Rabbit Wall Lamp &#038; Clock for Girls&#8217; Room"},"content":{"rendered":"<ul>\n<li>\n<strong>marque<\/strong>:Kaferay<\/li>\n<li>\n<strong>mod\u00e8le<\/strong>:BD-119<\/li>\n<li>\n<strong>style<\/strong>:Europe du Nord<\/li>\n<li>\n<strong>Type de contr\u00f4le<\/strong>:Other non-intelligent control APP control Intelligent voice control Intelligent switch control<\/li>\n<li>\n<strong>Mat\u00e9riau principal du corps de la lampe<\/strong>:fer<\/li>\n<li>\n<strong>Mat\u00e9riau principal de l&#039;abat-jour<\/strong>:Abat-jour en PMMA \u00e0 haute transmission lumineuse<\/li>\n<li>\n<strong>Tension<\/strong>:111V~240V (inclus)<\/li>\n<li>\n<strong>Type intelligent<\/strong>:Connect\u00e9 \u00e0 Tmall Genie<\/li>\n<li>\n<strong>Que ce soit un contr\u00f4le intelligent<\/strong>:Oui<\/li>\n<li>\n<strong>Mat\u00e9riau auxiliaire pour abat-jour<\/strong>:Abat-jour en PMMA \u00e0 haute transmission lumineuse<\/li>\n<li>\n<strong>Mat\u00e9riau auxiliaire du corps de la lampe<\/strong>:fer<\/li>\n<li>\n<strong>Espace applicable<\/strong>:Living room bathroom kitchen study other\/other dining room bedroom<\/li>\n<li>\n<strong>P\u00e9riode de garantie<\/strong>:3 ans<\/li>\n<li>\n<strong>Zone d&#039;irradiation<\/strong>:3\u33a1-5\u33a1<\/li>\n<li>\n<strong>Temp\u00e9rature de couleur<\/strong>:Lumi\u00e8re tricolore<\/li>\n<li>\n<strong>La lampe a-t-elle une source lumineuse ?<\/strong>:Non<\/li>\n<li>\n<strong>type de source lumineuse<\/strong>:Lumi\u00e8res LED<\/li>\n<li>\n<strong>Nombre de sources lumineuses<\/strong>:1<\/li>\n<li>\n<strong>Technologie<\/strong>:Gla\u00e7age \u00e0 la peinture en a\u00e9rosol<\/li>\n<li>\n<strong>trier par couleur<\/strong>:Chinchilla &#8211; full spectrum three-color light Chinchilla &#8211; full spectrum Tmall smart dimming Chinchilla &#8211; full spectrum Mijia smart dimming Cute rabbit &#8211; full spectrum three-color light Cute rabbit &#8211; full spectrum Tmall smart dimming Cute rabbit &#8211; full spectrum Mijia smart dimming<\/li>\n<li>\n<strong>Num\u00e9ro de certificat 3C<\/strong>:2016171001000868<\/li>\n<li>\n<strong><\/strong>:<\/li>\n<\/ul>\n<p><img><\/p>","protected":false},"excerpt":{"rendered":"<p>brand:Kaferay model:BD-119 style:Northern Europe Control Type:Other non-intelligent control APP control Intelligent voice control Intelligent switch control Main material of lamp<\/p>","protected":false},"featured_media":117791,"comment_status":"open","ping_status":"closed","template":"","meta":[],"product_brand":[],"product_cat":[30971,30864],"product_tag":[],"class_list":{"0":"post-59002","1":"product","2":"type-product","3":"status-publish","4":"has-post-thumbnail","6":"product_cat-hp","7":"product_cat-new-wholesales-lights","9":"first","10":"instock","11":"taxable","12":"shipping-taxable","13":"purchasable","14":"product-type-variable"},"_links":{"self":[{"href":"https:\/\/nexgendecors.com\/fr\/wp-json\/wp\/v2\/product\/59002","targetHints":{"allow":["GET"]}}],"collection":[{"href":"https:\/\/nexgendecors.com\/fr\/wp-json\/wp\/v2\/product"}],"about":[{"href":"https:\/\/nexgendecors.com\/fr\/wp-json\/wp\/v2\/types\/product"}],"replies":[{"embeddable":true,"href":"https:\/\/nexgendecors.com\/fr\/wp-json\/wp\/v2\/comments?post=59002"}],"version-history":[{"count":0,"href":"https:\/\/nexgendecors.com\/fr\/wp-json\/wp\/v2\/product\/59002\/revisions"}],"wp:featuredmedia":[{"embeddable":true,"href":"https:\/\/nexgendecors.com\/fr\/wp-json\/wp\/v2\/media\/117791"}],"wp:attachment":[{"href":"https:\/\/nexgendecors.com\/fr\/wp-json\/wp\/v2\/media?parent=59002"}],"wp:term":[{"taxonomy":"product_brand","embeddable":true,"href":"https:\/\/nexgendecors.com\/fr\/wp-json\/wp\/v2\/product_brand?post=59002"},{"taxonomy":"product_cat","embeddable":true,"href":"https:\/\/nexgendecors.com\/fr\/wp-json\/wp\/v2\/product_cat?post=59002"},{"taxonomy":"product_tag","embeddable":true,"href":"https:\/\/nexgendecors.com\/fr\/wp-json\/wp\/v2\/product_tag?post=59002"}],"curies":[{"name":"wp","href":"https:\/\/api.w.org\/{rel}","templated":true}]}}