{"id":59081,"date":"2025-01-26T02:51:39","date_gmt":"2025-01-26T02:51:39","guid":{"rendered":"https:\/\/nexgendecors.com\/product\/internet-celebrity-gold-nail-table-and-chair-set-simple-modern-marble-double-layer-nail-salon-single-double-nail-table\/"},"modified":"2025-04-06T08:39:10","modified_gmt":"2025-04-06T08:39:10","slug":"internet-celebrity-gold-nail-table-and-chair-set-simple-modern-marble-double-layer-nail-salon-single-double-nail-table","status":"publish","type":"product","link":"https:\/\/nexgendecors.com\/fr\/product\/internet-celebrity-gold-nail-table-and-chair-set-simple-modern-marble-double-layer-nail-salon-single-double-nail-table\/","title":{"rendered":"Ensemble table et chaises en marbre clout\u00e9 dor\u00e9 \u2013 \u00c9l\u00e9gance moderne"},"content":{"rendered":"<ul>\n<li>\n<strong>marque<\/strong>:Zhongmin Yunshang<\/li>\n<li>\n<strong>mod\u00e8le<\/strong>:ZMYS076<\/li>\n<li>\n<strong>Fonction<\/strong>:Storage and dirt-resistant<\/li>\n<li>\n<strong>Mat\u00e9riel<\/strong>:Iron rock slab soft package<\/li>\n<li>\n<strong>style<\/strong>:Style de luxe l\u00e9ger<\/li>\n<li>\n<strong>Origine<\/strong>:Province du Fujian<\/li>\n<li>\n<strong>trier par couleur<\/strong>:Manicure table 100x45x78 (color notes) Peacock chair (color notes) Manicure table 150x45x78 (color notes) Shell chair (color notes) Water drop chair (color notes) Mermaid chair (color notes) Red lip chair (color notes) Meilin chair (color notes) Butterfly chair (color notes) Swallow chair (color notes) Line U-shaped sofa (color notes) Princess chair (color notes) Round stool (color notes) Volume model 80x40x78 (color notes) Volume model 100x40x78 (color notes) Volume model 120x40x78 (color notes) Volume model 140x40x78 (color notes) Volume model 160x40x78 (color notes) Volume model 180x40x78 (color notes) Volume 200x40x78 (color notes) Multifunctional 180x45x78 (color notes) Multifunctional 200x45x78 (color notes)<\/li>\n<li>\n<strong>Package Type<\/strong>:Official standard<\/li>\n<li>\n<strong>Taille du paquet<\/strong>:0<\/li>\n<li>\n<strong>Poids du colis<\/strong>:0<\/li>\n<li>\n<strong>Normes environnementales<\/strong>:green design<\/li>\n<li>\n<strong>Est-ce personnalisable ?<\/strong>:Oui<\/li>\n<li>\n<strong>La pr\u00e9vente est-elle disponible ?<\/strong>:Non<\/li>\n<li>\n<strong><\/strong>:<\/li>\n<\/ul>\n<p><img><\/p>","protected":false},"excerpt":{"rendered":"<p>Marque : Zhongmin Yunshang Mod\u00e8le : ZMYS076 Fonction : Stockage et r\u00e9sistant \u00e0 la salet\u00e9 Mat\u00e9riau : Dalle de roche en fer Style d&#039;emballage souple : Style de luxe l\u00e9ger Origine : Province du Fujian Trier par couleur : Table de manucure<\/p>","protected":false},"featured_media":117873,"comment_status":"open","ping_status":"closed","template":"","meta":[],"product_brand":[],"product_cat":[30971,30865],"product_tag":[],"class_list":{"0":"post-59081","1":"product","2":"type-product","3":"status-publish","4":"has-post-thumbnail","6":"product_cat-hp","7":"product_cat-wholesales-salons-shops","9":"first","10":"instock","11":"sale","12":"taxable","13":"shipping-taxable","14":"purchasable","15":"product-type-variable"},"_links":{"self":[{"href":"https:\/\/nexgendecors.com\/fr\/wp-json\/wp\/v2\/product\/59081","targetHints":{"allow":["GET"]}}],"collection":[{"href":"https:\/\/nexgendecors.com\/fr\/wp-json\/wp\/v2\/product"}],"about":[{"href":"https:\/\/nexgendecors.com\/fr\/wp-json\/wp\/v2\/types\/product"}],"replies":[{"embeddable":true,"href":"https:\/\/nexgendecors.com\/fr\/wp-json\/wp\/v2\/comments?post=59081"}],"version-history":[{"count":0,"href":"https:\/\/nexgendecors.com\/fr\/wp-json\/wp\/v2\/product\/59081\/revisions"}],"wp:featuredmedia":[{"embeddable":true,"href":"https:\/\/nexgendecors.com\/fr\/wp-json\/wp\/v2\/media\/117873"}],"wp:attachment":[{"href":"https:\/\/nexgendecors.com\/fr\/wp-json\/wp\/v2\/media?parent=59081"}],"wp:term":[{"taxonomy":"product_brand","embeddable":true,"href":"https:\/\/nexgendecors.com\/fr\/wp-json\/wp\/v2\/product_brand?post=59081"},{"taxonomy":"product_cat","embeddable":true,"href":"https:\/\/nexgendecors.com\/fr\/wp-json\/wp\/v2\/product_cat?post=59081"},{"taxonomy":"product_tag","embeddable":true,"href":"https:\/\/nexgendecors.com\/fr\/wp-json\/wp\/v2\/product_tag?post=59081"}],"curies":[{"name":"wp","href":"https:\/\/api.w.org\/{rel}","templated":true}]}}