{"id":59115,"date":"2025-01-26T02:51:43","date_gmt":"2025-01-26T02:51:43","guid":{"rendered":"https:\/\/nexgendecors.com\/product\/grand-patio-3-piece-leather-texture-wicker-patio-chairs-foldable-balcony-furniture-set-with-outdoor-lounge-seating-and-side-table1711879779114\/"},"modified":"2025-04-06T08:39:18","modified_gmt":"2025-04-06T08:39:18","slug":"grand-patio-ensemble-de-3-chaises-de-patio-pliables-en-osier-texture-cuir-avec-salon-de-jardin-et-table-dappoint-1711879779114","status":"publish","type":"product","link":"https:\/\/nexgendecors.com\/fr\/product\/grand-patio-ensemble-de-3-chaises-de-patio-pliables-en-osier-texture-cuir-avec-salon-de-jardin-et-table-dappoint-1711879779114\/","title":{"rendered":"Ensemble de chaises longues et de table d&#039;appoint en osier Grand Patio"},"content":{"rendered":"<p data-mce-fragment=\"1\"><strong data-mce-fragment=\"1\">Caract\u00e9ristiques mat\u00e9rielles<\/strong> \ud83c\udf3f:<\/p>\n<ul data-mce-fragment=\"1\">\n<li data-mce-fragment=\"1\">Le large osier \u00e0 texture cuir offre un confort semblable \u00e0 celui du cuir sans entretien suppl\u00e9mentaire.<\/li>\n<li data-mce-fragment=\"1\">R\u00e9sistant aux intemp\u00e9ries, aux rayures et \u00e0 la d\u00e9coloration.<\/li>\n<li data-mce-fragment=\"1\">Cadre en acier avec rev\u00eatement en poudre pour une durabilit\u00e9 et une utilisation ext\u00e9rieure \u00e0 long terme.<\/li>\n<\/ul>\n<p data-mce-fragment=\"1\"><strong data-mce-fragment=\"1\">Conception ergonomique<\/strong> \ud83e\ude91:<\/p>\n<ul data-mce-fragment=\"1\">\n<li data-mce-fragment=\"1\">Chaise longue de style Adirondack avec un dossier courb\u00e9 et \u00e9loign\u00e9.<\/li>\n<li data-mce-fragment=\"1\">Zone d&#039;assise inclin\u00e9e pour lib\u00e9rer la pression de la colonne vert\u00e9brale et soulager la fatigue.<\/li>\n<li data-mce-fragment=\"1\">Confortable pour les adultes et les enfants.<\/li>\n<\/ul>\n<p data-mce-fragment=\"1\"><strong data-mce-fragment=\"1\">Facile \u00e0 utiliser et peu encombrant<\/strong> \ud83d\udd04:<\/p>\n<ul data-mce-fragment=\"1\">\n<li data-mce-fragment=\"1\">Aucun assemblage requis pour les chaises ; faciles \u00e0 installer et \u00e0 plier.<\/li>\n<li data-mce-fragment=\"1\">Taille plus grande pour un confort surdimensionn\u00e9; chaque chaise peut supporter jusqu&#039;\u00e0 330 lb.<\/li>\n<li data-mce-fragment=\"1\">La table basse n\u00e9cessite un assemblage minimal (environ 10 minutes).<\/li>\n<\/ul>\n<p data-mce-fragment=\"1\"><strong data-mce-fragment=\"1\">Table d&#039;appoint durable<\/strong> \ud83d\udecb\ufe0f:<\/p>\n<ul data-mce-fragment=\"1\">\n<li data-mce-fragment=\"1\">Cadre en acier avec rev\u00eatement en poudre r\u00e9sistant aux intemp\u00e9ries et aux UV.<\/li>\n<li data-mce-fragment=\"1\">Peut supporter jusqu&#039;\u00e0 50 lb; ne p\u00e8le pas, ne rouille pas et ne pourrit pas.<\/li>\n<li data-mce-fragment=\"1\">4 pieds en plastique pour prot\u00e9ger les sols et am\u00e9liorer la stabilit\u00e9.<\/li>\n<\/ul>\n<div><\/div>","protected":false},"excerpt":{"rendered":"<p>Material Feature \ud83c\udf3f: Leather texture wide wicker offers leather-like comfort without extra maintenance. Weather-resistant, scratch-resistant, and fade-resistant. Powder-coated steel frame<\/p>","protected":false},"featured_media":117898,"comment_status":"open","ping_status":"closed","template":"","meta":[],"product_brand":[],"product_cat":[30971,30856,32],"product_tag":[],"class_list":{"0":"post-59115","1":"product","2":"type-product","3":"status-publish","4":"has-post-thumbnail","6":"product_cat-hp","7":"product_cat-outdoor-furniture","8":"product_cat-residential-furniture","10":"first","11":"instock","12":"taxable","13":"shipping-taxable","14":"purchasable","15":"product-type-variable"},"_links":{"self":[{"href":"https:\/\/nexgendecors.com\/fr\/wp-json\/wp\/v2\/product\/59115","targetHints":{"allow":["GET"]}}],"collection":[{"href":"https:\/\/nexgendecors.com\/fr\/wp-json\/wp\/v2\/product"}],"about":[{"href":"https:\/\/nexgendecors.com\/fr\/wp-json\/wp\/v2\/types\/product"}],"replies":[{"embeddable":true,"href":"https:\/\/nexgendecors.com\/fr\/wp-json\/wp\/v2\/comments?post=59115"}],"version-history":[{"count":0,"href":"https:\/\/nexgendecors.com\/fr\/wp-json\/wp\/v2\/product\/59115\/revisions"}],"wp:featuredmedia":[{"embeddable":true,"href":"https:\/\/nexgendecors.com\/fr\/wp-json\/wp\/v2\/media\/117898"}],"wp:attachment":[{"href":"https:\/\/nexgendecors.com\/fr\/wp-json\/wp\/v2\/media?parent=59115"}],"wp:term":[{"taxonomy":"product_brand","embeddable":true,"href":"https:\/\/nexgendecors.com\/fr\/wp-json\/wp\/v2\/product_brand?post=59115"},{"taxonomy":"product_cat","embeddable":true,"href":"https:\/\/nexgendecors.com\/fr\/wp-json\/wp\/v2\/product_cat?post=59115"},{"taxonomy":"product_tag","embeddable":true,"href":"https:\/\/nexgendecors.com\/fr\/wp-json\/wp\/v2\/product_tag?post=59115"}],"curies":[{"name":"wp","href":"https:\/\/api.w.org\/{rel}","templated":true}]}}