{"id":59157,"date":"2025-01-26T02:51:56","date_gmt":"2025-01-26T02:51:56","guid":{"rendered":"https:\/\/nexgendecors.com\/product\/grand-patio-5-pieces-outdoor-wicker-patio-conversation-set-seating-chair-set-with-cushions-and-coffee-tables-boho-pe-wicker-seating-set-for-indoor-outdoor-balcony-porch-garden-deck-natural-17118797"},"modified":"2025-04-06T08:39:42","modified_gmt":"2025-04-06T08:39:42","slug":"grand-patio-5-pieces-outdoor-wicker-patio-conversation-set-seating-chair-set-with-cushions-and-coffee-tables-boho-pe-wicker-seating-set-for-indoor-outdoor-balcony-porch-garden-deck-natural-17118797791","status":"publish","type":"product","link":"https:\/\/nexgendecors.com\/fr\/product\/grand-patio-5-pieces-outdoor-wicker-patio-conversation-set-seating-chair-set-with-cushions-and-coffee-tables-boho-pe-wicker-seating-set-for-indoor-outdoor-balcony-porch-garden-deck-natural-17118797791\/","title":{"rendered":"Grand Patio 5-Piece Boho Wicker Outdoor Seating Set"},"content":{"rendered":"<p data-mce-fragment=\"1\"><strong data-mce-fragment=\"1\">Bohemian Charm<\/strong> \ud83c\udf3f:<\/p>\n<ul data-mce-fragment=\"1\">\n<li data-mce-fragment=\"1\">Clean lines and Bohemian open-weave style for a minimalist touch.<\/li>\n<li data-mce-fragment=\"1\">Includes 2 wicker chairs, a loveseat, and 2 round accent tables.<\/li>\n<\/ul>\n<p data-mce-fragment=\"1\"><strong data-mce-fragment=\"1\">Comfortable &#038; Cool<\/strong> \ud83d\ude0c:<\/p>\n<ul data-mce-fragment=\"1\">\n<li data-mce-fragment=\"1\">Radial design offers better body and arm support.<\/li>\n<li data-mce-fragment=\"1\">Removable polyester cushions for fade-resistant, soft seating.<\/li>\n<li data-mce-fragment=\"1\">Open weave promotes air circulation for a cool and cozy feel.<\/li>\n<\/ul>\n<p data-mce-fragment=\"1\"><strong data-mce-fragment=\"1\">Rust-Proof Durability<\/strong> \ud83d\udee1\ufe0f:<\/p>\n<ul data-mce-fragment=\"1\">\n<li data-mce-fragment=\"1\">3-step corrosion protection on steel frames for ultimate rust resistance.<\/li>\n<li data-mce-fragment=\"1\">Meticulous cleaning, electrocoat bath, and final powder coat for toughness.<\/li>\n<\/ul>\n<p data-mce-fragment=\"1\"><strong data-mce-fragment=\"1\">Low-Maintenance Beauty<\/strong> \ud83c\udf1e\ud83c\udf27\ufe0f:<\/p>\n<ul data-mce-fragment=\"1\">\n<li data-mce-fragment=\"1\">Handwoven resin wicker tested for year-round resilience.<\/li>\n<li data-mce-fragment=\"1\">Rated at 1500 UV hours; resistant to sun, rain, heat, and cold.<\/li>\n<\/ul>\n<p data-mce-fragment=\"1\"><strong data-mce-fragment=\"1\">Storage &#038; Easy Assembly<\/strong> \ud83d\udce6\ud83d\udd27:<\/p>\n<ul data-mce-fragment=\"1\">\n<li data-mce-fragment=\"1\">Coffee table offers extra storage space.<\/li>\n<li data-mce-fragment=\"1\">All tools and hardware included; assemble with a two-person team in 30 minutes.<\/li>\n<\/ul>\n<div><\/div>","protected":false},"excerpt":{"rendered":"<p>Charme boh\u00e9mien \ud83c\udf3f : Lignes \u00e9pur\u00e9es et style boh\u00e8me \u00e0 tissage ouvert pour une touche minimaliste. Comprend 2 chaises en osier, une causeuse et une chaise longue.<\/p>","protected":false},"featured_media":117977,"comment_status":"open","ping_status":"closed","template":"","meta":[],"product_brand":[],"product_cat":[30971,30856,32],"product_tag":[],"class_list":{"0":"post-59157","1":"product","2":"type-product","3":"status-publish","4":"has-post-thumbnail","6":"product_cat-hp","7":"product_cat-outdoor-furniture","8":"product_cat-residential-furniture","10":"first","11":"instock","12":"sale","13":"taxable","14":"shipping-taxable","15":"purchasable","16":"product-type-simple"},"_links":{"self":[{"href":"https:\/\/nexgendecors.com\/fr\/wp-json\/wp\/v2\/product\/59157","targetHints":{"allow":["GET"]}}],"collection":[{"href":"https:\/\/nexgendecors.com\/fr\/wp-json\/wp\/v2\/product"}],"about":[{"href":"https:\/\/nexgendecors.com\/fr\/wp-json\/wp\/v2\/types\/product"}],"replies":[{"embeddable":true,"href":"https:\/\/nexgendecors.com\/fr\/wp-json\/wp\/v2\/comments?post=59157"}],"version-history":[{"count":0,"href":"https:\/\/nexgendecors.com\/fr\/wp-json\/wp\/v2\/product\/59157\/revisions"}],"wp:featuredmedia":[{"embeddable":true,"href":"https:\/\/nexgendecors.com\/fr\/wp-json\/wp\/v2\/media\/117977"}],"wp:attachment":[{"href":"https:\/\/nexgendecors.com\/fr\/wp-json\/wp\/v2\/media?parent=59157"}],"wp:term":[{"taxonomy":"product_brand","embeddable":true,"href":"https:\/\/nexgendecors.com\/fr\/wp-json\/wp\/v2\/product_brand?post=59157"},{"taxonomy":"product_cat","embeddable":true,"href":"https:\/\/nexgendecors.com\/fr\/wp-json\/wp\/v2\/product_cat?post=59157"},{"taxonomy":"product_tag","embeddable":true,"href":"https:\/\/nexgendecors.com\/fr\/wp-json\/wp\/v2\/product_tag?post=59157"}],"curies":[{"name":"wp","href":"https:\/\/api.w.org\/{rel}","templated":true}]}}