{"id":59348,"date":"2025-01-26T02:52:28","date_gmt":"2025-01-26T02:52:28","guid":{"rendered":"https:\/\/nexgendecors.com\/product\/guangdong-conference-table-long-table-and-chair-combination-simple-modern-creative-steel-frame-negotiation-table-10-people-industrial-style-conference-table\/"},"modified":"2025-04-06T08:40:38","modified_gmt":"2025-04-06T08:40:38","slug":"guangdong-conference-table-long-table-and-chair-combination-simple-modern-creative-steel-frame-negotiation-table-10-people-industrial-style-conference-table","status":"publish","type":"product","link":"https:\/\/nexgendecors.com\/fr\/product\/guangdong-conference-table-long-table-and-chair-combination-simple-modern-creative-steel-frame-negotiation-table-10-people-industrial-style-conference-table\/","title":{"rendered":"Table de conf\u00e9rence moderne \u00e0 cadre en acier du Guangdong pour 10 personnes"},"content":{"rendered":"<ul>\n<li>\n<strong>marque<\/strong>:Amy Becky<\/li>\n<li>\n<strong>mod\u00e8le<\/strong>:AMHYZ0010<\/li>\n<li>\n<strong>Fonction<\/strong>:Removable other\/other with cable box<\/li>\n<li>\n<strong>Mat\u00e9riel<\/strong>:autre<\/li>\n<li>\n<strong>forme<\/strong>:Bar<\/li>\n<li>\n<strong>Nombre de personnes applicable<\/strong>:6-10 personnes<\/li>\n<li>\n<strong>trier par couleur<\/strong>:&#8221;Thickening&#8221; 2.8*1.2+10 chairs &#8220;Thickening&#8221; 4.8*1.5+16 chairs &#8220;Thickening&#8221; 4.2*1.5+14 chairs &#8220;Thickening&#8221; 3.6*1.5 &#8220;Thickening&#8221; 5.5*1.5+18 chairs &#8220;Thickening&#8221; 7.0*1.5+26 chairs &#8220;Thickening&#8221; 2.4*1.2+8 chairs &#8220;Thickening&#8221; 4.2*1.5 &#8220;Thickening&#8221; 4.8*1.5 &#8220;Thickening&#8221; 3.6*1.5+12 chairs &#8220;Thickening&#8221; 3.2*1.2 &#8220;Thickening&#8221; 6.0*1.5+22 chairs &#8220;Thickening&#8221; 6.0*1.5 &#8220;Thickening&#8221; 2.0*1.2+6 chairs &#8220;Thickening&#8221; 3.2*1.2+12 chairs &#8220;Thickening&#8221; 2.8*1.2 &#8220;Thickening&#8221; 5.5*1.5 &#8220;Thickening&#8221; 2.0*1.2 Thickened: 2.4*1.2<\/li>\n<li>\n<strong>Est-ce personnalisable ?<\/strong>:Oui<\/li>\n<li>\n<strong>Assembler<\/strong>:Oui<\/li>\n<li>\n<strong>Un taxi est-il disponible pour le transport ?<\/strong>:Non<\/li>\n<li>\n<strong>Instructions d&#039;installation d\u00e9taill\u00e9es<\/strong>:Fournir des instructions d&#039;installation<\/li>\n<li>\n<strong>longueur<\/strong>:180cm<\/li>\n<li>\n<strong><\/strong>:<\/li>\n<\/ul>\n<p><img><\/p>","protected":false},"excerpt":{"rendered":"<p>Marque : Amy Becky Mod\u00e8le : AMHYZ0010 Fonction : Amovible autre\/autre avec bo\u00eetier de c\u00e2bles Mat\u00e9riau : autre Forme : Barre Nombre de personnes applicable : 6 \u00e0 10 personnes Trier par couleur : \u00ab \u00c9paississement \u00bb 2,8 x 1,2 + 10 chaises<\/p>","protected":false},"featured_media":118430,"comment_status":"open","ping_status":"closed","template":"","meta":[],"product_brand":[],"product_cat":[30901,30971,30859],"product_tag":[],"class_list":{"0":"post-59348","1":"product","2":"type-product","3":"status-publish","4":"has-post-thumbnail","6":"product_cat-bs-office","7":"product_cat-hp","8":"product_cat-wholesale-office","10":"first","11":"instock","12":"sale","13":"taxable","14":"shipping-taxable","15":"purchasable","16":"product-type-variable"},"_links":{"self":[{"href":"https:\/\/nexgendecors.com\/fr\/wp-json\/wp\/v2\/product\/59348","targetHints":{"allow":["GET"]}}],"collection":[{"href":"https:\/\/nexgendecors.com\/fr\/wp-json\/wp\/v2\/product"}],"about":[{"href":"https:\/\/nexgendecors.com\/fr\/wp-json\/wp\/v2\/types\/product"}],"replies":[{"embeddable":true,"href":"https:\/\/nexgendecors.com\/fr\/wp-json\/wp\/v2\/comments?post=59348"}],"version-history":[{"count":0,"href":"https:\/\/nexgendecors.com\/fr\/wp-json\/wp\/v2\/product\/59348\/revisions"}],"wp:featuredmedia":[{"embeddable":true,"href":"https:\/\/nexgendecors.com\/fr\/wp-json\/wp\/v2\/media\/118430"}],"wp:attachment":[{"href":"https:\/\/nexgendecors.com\/fr\/wp-json\/wp\/v2\/media?parent=59348"}],"wp:term":[{"taxonomy":"product_brand","embeddable":true,"href":"https:\/\/nexgendecors.com\/fr\/wp-json\/wp\/v2\/product_brand?post=59348"},{"taxonomy":"product_cat","embeddable":true,"href":"https:\/\/nexgendecors.com\/fr\/wp-json\/wp\/v2\/product_cat?post=59348"},{"taxonomy":"product_tag","embeddable":true,"href":"https:\/\/nexgendecors.com\/fr\/wp-json\/wp\/v2\/product_tag?post=59348"}],"curies":[{"name":"wp","href":"https:\/\/api.w.org\/{rel}","templated":true}]}}