{"id":59505,"date":"2025-01-26T02:52:46","date_gmt":"2025-01-26T02:52:46","guid":{"rendered":"https:\/\/nexgendecors.com\/product\/guquan-bow-shaped-computer-chair-home-backrest-office-chair-seat-human-body-comfortable-study-room-reclining-boss-chair-chair\/"},"modified":"2025-04-06T08:40:50","modified_gmt":"2025-04-06T08:40:50","slug":"guquan-bow-shaped-computer-chair-home-backrest-office-chair-seat-human-body-comfortable-study-room-reclining-boss-chair-chair","status":"publish","type":"product","link":"https:\/\/nexgendecors.com\/fr\/product\/guquan-bow-shaped-computer-chair-home-backrest-office-chair-seat-human-body-comfortable-study-room-reclining-boss-chair-chair\/","title":{"rendered":"Guquan Bow-Shaped Ergonomic Office Chair &#8211; Reclining Comfort"},"content":{"rendered":"<ul>\n<li>\n<strong>marque<\/strong>:Gu Quan<\/li>\n<li>\n<strong>mod\u00e8le<\/strong>:C533-7<\/li>\n<li>\n<strong>Assembler<\/strong>:Oui<\/li>\n<li>\n<strong>Est-ce rotatif ?<\/strong>:Non<\/li>\n<li>\n<strong>Peut-il \u00eatre \u00e9lev\u00e9 ou abaiss\u00e9 ?<\/strong>:Non<\/li>\n<li>\n<strong>Est-ce que cela prend en charge l\u2019ergonomie ?<\/strong>:Oui<\/li>\n<li>\n<strong>Mat\u00e9riau de pied cinq \u00e9toiles<\/strong>:Pieds en acier<\/li>\n<li>\n<strong>Mat\u00e9riau en tissu<\/strong>:Cuir<\/li>\n<li>\n<strong>volume du colis<\/strong>:0.6<\/li>\n<li>\n<strong>Est-ce personnalisable ?<\/strong>:Non<\/li>\n<li>\n<strong>Puis-je m&#039;allonger ?<\/strong>:Oui<\/li>\n<li>\n<strong>Type de main courante<\/strong>:Accoudoir fixe<\/li>\n<li>\n<strong>Faut-il avoir des p\u00e9dales ?<\/strong>:Oui<\/li>\n<li>\n<strong>Mat\u00e9riel<\/strong>:autre<\/li>\n<li>\n<strong>Instructions d&#039;installation d\u00e9taill\u00e9es<\/strong>:Provide simple installation tools and installation instructions<\/li>\n<li>\n<strong>Un taxi est-il disponible pour le transport ?<\/strong>:Non<\/li>\n<li>\n<strong>Positionnement de style<\/strong>:Qualit\u00e9 Luxe<\/li>\n<li>\n<strong>trier par couleur<\/strong>:Light brown nylon armrests-bowed feetOrange nylon armrests-bowed feetLight brown nylon armrests-leather [adjustable lumbar support]Light brown leather-nylon armrestsLight brown metal armrests-leather [adjustable lumbar support]Light brown leather-metal armrestsBlack nylon armrests-leather [adjustable lumbar support]Black leather-nylon armrestsBlack metal armrests-leather [adjustable lumbar support]Black leather-metal armrestsOff-white nylon armrests-leather [adjustable lumbar support]Off-white leather-nylon armrests<\/li>\n<\/ul>","protected":false},"excerpt":{"rendered":"<p>brand:Gu Quan model:C533-7 Assemble:yes Is it rotatable?:no Can it be raised or lowered?:no Does it support ergonomics?:yes Five-star foot material:Steel<\/p>","protected":false},"featured_media":118539,"comment_status":"open","ping_status":"closed","template":"","meta":[],"product_brand":[],"product_cat":[30971,30859],"product_tag":[],"class_list":{"0":"post-59505","1":"product","2":"type-product","3":"status-publish","4":"has-post-thumbnail","6":"product_cat-hp","7":"product_cat-wholesale-office","9":"first","10":"instock","11":"sale","12":"taxable","13":"shipping-taxable","14":"purchasable","15":"product-type-variable"},"_links":{"self":[{"href":"https:\/\/nexgendecors.com\/fr\/wp-json\/wp\/v2\/product\/59505","targetHints":{"allow":["GET"]}}],"collection":[{"href":"https:\/\/nexgendecors.com\/fr\/wp-json\/wp\/v2\/product"}],"about":[{"href":"https:\/\/nexgendecors.com\/fr\/wp-json\/wp\/v2\/types\/product"}],"replies":[{"embeddable":true,"href":"https:\/\/nexgendecors.com\/fr\/wp-json\/wp\/v2\/comments?post=59505"}],"version-history":[{"count":0,"href":"https:\/\/nexgendecors.com\/fr\/wp-json\/wp\/v2\/product\/59505\/revisions"}],"wp:featuredmedia":[{"embeddable":true,"href":"https:\/\/nexgendecors.com\/fr\/wp-json\/wp\/v2\/media\/118539"}],"wp:attachment":[{"href":"https:\/\/nexgendecors.com\/fr\/wp-json\/wp\/v2\/media?parent=59505"}],"wp:term":[{"taxonomy":"product_brand","embeddable":true,"href":"https:\/\/nexgendecors.com\/fr\/wp-json\/wp\/v2\/product_brand?post=59505"},{"taxonomy":"product_cat","embeddable":true,"href":"https:\/\/nexgendecors.com\/fr\/wp-json\/wp\/v2\/product_cat?post=59505"},{"taxonomy":"product_tag","embeddable":true,"href":"https:\/\/nexgendecors.com\/fr\/wp-json\/wp\/v2\/product_tag?post=59505"}],"curies":[{"name":"wp","href":"https:\/\/api.w.org\/{rel}","templated":true}]}}