{"id":59533,"date":"2025-01-26T02:52:51","date_gmt":"2025-01-26T02:52:51","guid":{"rendered":"https:\/\/nexgendecors.com\/product\/guquan-electric-boss-chair-reclining-leather-executive-chair-comfortable-study-computer-chair-comfortable-long-term-sitting-business-office-chair\/"},"modified":"2025-04-06T08:40:58","modified_gmt":"2025-04-06T08:40:58","slug":"guquan-electric-boss-chair-reclining-leather-executive-chair-comfortable-study-computer-chair-comfortable-long-term-sitting-business-office-chair","status":"publish","type":"product","link":"https:\/\/nexgendecors.com\/fr\/product\/guquan-electric-boss-chair-reclining-leather-executive-chair-comfortable-study-computer-chair-comfortable-long-term-sitting-business-office-chair\/","title":{"rendered":"Guquan Executive Reclining Leather Office Chair"},"content":{"rendered":"<ul>\n<li>\n<strong>marque<\/strong>:Gu Quan<\/li>\n<li>\n<strong>mod\u00e8le<\/strong>:S002<\/li>\n<li>\n<strong>\u00e9l\u00e9ments populaires<\/strong>:M\u00e9tal<\/li>\n<li>\n<strong>Assembler<\/strong>:Oui<\/li>\n<li>\n<strong>Poids brut<\/strong>:30kg<\/li>\n<li>\n<strong>Est-ce rotatif ?<\/strong>:Oui<\/li>\n<li>\n<strong>Peut-il \u00eatre \u00e9lev\u00e9 ou abaiss\u00e9 ?<\/strong>:Oui<\/li>\n<li>\n<strong>Est-ce que cela prend en charge l\u2019ergonomie ?<\/strong>:Non<\/li>\n<li>\n<strong>Mat\u00e9riau de pied cinq \u00e9toiles<\/strong>:Pieds en acier<\/li>\n<li>\n<strong>Mat\u00e9riau en tissu<\/strong>:Peau de vache<\/li>\n<li>\n<strong>volume du colis<\/strong>:0.6<\/li>\n<li>\n<strong>Est-ce personnalisable ?<\/strong>:Non<\/li>\n<li>\n<strong>Mat\u00e9riau m\u00e9tallique<\/strong>:fer<\/li>\n<li>\n<strong>Puis-je m&#039;allonger ?<\/strong>:Oui<\/li>\n<li>\n<strong>Type de main courante<\/strong>:Accoudoir fixe<\/li>\n<li>\n<strong>Faut-il avoir des p\u00e9dales ?<\/strong>:Oui<\/li>\n<li>\n<strong>Mat\u00e9riel<\/strong>:M\u00e9tal<\/li>\n<li>\n<strong>Instructions d&#039;installation d\u00e9taill\u00e9es<\/strong>:Provide simple installation tools Provide installation instructions Provide installation video<\/li>\n<li>\n<strong>Un taxi est-il disponible pour le transport ?<\/strong>:Non<\/li>\n<li>\n<strong>Positionnement de style<\/strong>:Qualit\u00e9 Luxe<\/li>\n<li>\n<strong>Type d&#039;appui-t\u00eate<\/strong>:No headrest<\/li>\n<li>\n<strong>Livraison\/installation disponible<\/strong>:Foshan Zhengzhou Guiyang Guangzhou Fuzhou Harbin Xiamen Chongqing Changzhou Suzhou Xi&#039;an Shenzhen Nanjing P\u00e9kin Changsha Qingdao Wuxi Chengdu Shanghai Wuhan Nanning Shenyang Dalian Taizhou Dongguan Tianjin Toutes les villes Jinhua Hangzhou Nanchang Ningbo Wenzhou<\/li>\n<li>\n<strong>trier par couleur<\/strong>:Electric model &#8211; light brown leather (adjustable at any angle) Electric model &#8211; light brown microfiber leather (adjustable at any angle) Electric model &#8211; black leather (adjustable at any angle) Electric model &#8211; light orange microfiber leather (adjustable at any angle) Electric model &#8211; light orange leather (adjustable at any angle) Manual model &#8211; light brown microfiber leather (two-speed adjustment for gravity reclining) [Newly upgraded flap armrests] Light brown massage model [Newly upgraded flap armrests] Dark gray standard model [Newly upgraded flap armrests] Dark gray massage model [Newly upgraded flap armrests] Light brown standard model<\/li>\n<li>\n<strong><\/strong>:<\/li>\n<\/ul>\n<p><img><\/p>","protected":false},"excerpt":{"rendered":"<p>brand:Gu Quan model:S002 popular elements:Metal Assemble:yes Gross Weight:30kg Is it rotatable?:yes Can it be raised or lowered?:yes Does it support<\/p>","protected":false},"featured_media":118566,"comment_status":"open","ping_status":"closed","template":"","meta":[],"product_brand":[],"product_cat":[30971,30859],"product_tag":[],"class_list":{"0":"post-59533","1":"product","2":"type-product","3":"status-publish","4":"has-post-thumbnail","6":"product_cat-hp","7":"product_cat-wholesale-office","9":"first","10":"instock","11":"sale","12":"taxable","13":"shipping-taxable","14":"purchasable","15":"product-type-variable"},"_links":{"self":[{"href":"https:\/\/nexgendecors.com\/fr\/wp-json\/wp\/v2\/product\/59533","targetHints":{"allow":["GET"]}}],"collection":[{"href":"https:\/\/nexgendecors.com\/fr\/wp-json\/wp\/v2\/product"}],"about":[{"href":"https:\/\/nexgendecors.com\/fr\/wp-json\/wp\/v2\/types\/product"}],"replies":[{"embeddable":true,"href":"https:\/\/nexgendecors.com\/fr\/wp-json\/wp\/v2\/comments?post=59533"}],"version-history":[{"count":0,"href":"https:\/\/nexgendecors.com\/fr\/wp-json\/wp\/v2\/product\/59533\/revisions"}],"wp:featuredmedia":[{"embeddable":true,"href":"https:\/\/nexgendecors.com\/fr\/wp-json\/wp\/v2\/media\/118566"}],"wp:attachment":[{"href":"https:\/\/nexgendecors.com\/fr\/wp-json\/wp\/v2\/media?parent=59533"}],"wp:term":[{"taxonomy":"product_brand","embeddable":true,"href":"https:\/\/nexgendecors.com\/fr\/wp-json\/wp\/v2\/product_brand?post=59533"},{"taxonomy":"product_cat","embeddable":true,"href":"https:\/\/nexgendecors.com\/fr\/wp-json\/wp\/v2\/product_cat?post=59533"},{"taxonomy":"product_tag","embeddable":true,"href":"https:\/\/nexgendecors.com\/fr\/wp-json\/wp\/v2\/product_tag?post=59533"}],"curies":[{"name":"wp","href":"https:\/\/api.w.org\/{rel}","templated":true}]}}