{"id":59585,"date":"2025-01-26T02:53:01","date_gmt":"2025-01-26T02:53:01","guid":{"rendered":"https:\/\/nexgendecors.com\/product\/guquan-italian-computer-chair-home-comfortable-bedroom-office-chair-simple-long-term-comfortable-light-luxury-study-desk-chair\/"},"modified":"2025-04-06T08:41:07","modified_gmt":"2025-04-06T08:41:07","slug":"guquan-italian-computer-chair-home-comfortable-bedroom-office-chair-simple-long-term-comfortable-light-luxury-study-desk-chair","status":"publish","type":"product","link":"https:\/\/nexgendecors.com\/fr\/product\/guquan-italian-computer-chair-home-comfortable-bedroom-office-chair-simple-long-term-comfortable-light-luxury-study-desk-chair\/","title":{"rendered":"Guquan Luxury Italian Office Chair &#8211; Stylish &#038; Comfortable"},"content":{"rendered":"<ul>\n<li>\n<strong>marque<\/strong>:Gu Quan<\/li>\n<li>\n<strong>mod\u00e8le<\/strong>:C706<\/li>\n<li>\n<strong>Mat\u00e9riel<\/strong>:M\u00e9tal<\/li>\n<li>\n<strong>Mat\u00e9riau m\u00e9tallique<\/strong>:fer<\/li>\n<li>\n<strong>\u00e9l\u00e9ments populaires<\/strong>:M\u00e9tal<\/li>\n<li>\n<strong>trier par couleur<\/strong>:White gold foot roller-microfiber leather version Light gray gold foot roller-microfiber leather version<\/li>\n<li>\n<strong>Mat\u00e9riau en tissu<\/strong>:Cuir artificiel<\/li>\n<li>\n<strong>Est-ce personnalisable ?<\/strong>:Non<\/li>\n<li>\n<strong>Peut-il \u00eatre \u00e9lev\u00e9 ou abaiss\u00e9 ?<\/strong>:Oui<\/li>\n<li>\n<strong>Est-ce rotatif ?<\/strong>:Oui<\/li>\n<li>\n<strong>Puis-je m&#039;allonger ?<\/strong>:Non<\/li>\n<li>\n<strong>Mat\u00e9riau de pied cinq \u00e9toiles<\/strong>:Pieds en acier<\/li>\n<li>\n<strong>Type de main courante<\/strong>:No armrests<\/li>\n<li>\n<strong>Est-ce que cela prend en charge l\u2019ergonomie ?<\/strong>:Oui<\/li>\n<li>\n<strong>Livraison\/installation disponible<\/strong>:Toutes les villes P\u00e9kin Chongqing Shanghai Tianjin Shenzhen Chengdu Shenyang Dalian Harbin Nanjing Wuxi Changzhou Suzhou Hangzhou Ningbo Wenzhou Jinhua Taizhou Fuzhou Xiamen Nanchang Qingdao Zhengzhou Wuhan Changsha Guangzhou Foshan Dongguan Nanning Guiyang Xi&#039;an<\/li>\n<li>\n<strong>Assembler<\/strong>:Oui<\/li>\n<li>\n<strong>volume du colis<\/strong>:0.4<\/li>\n<li>\n<strong>Un taxi est-il disponible pour le transport ?<\/strong>:Oui<\/li>\n<li>\n<strong>Positionnement de style<\/strong>:Qualit\u00e9 Luxe<\/li>\n<li>\n<strong>Faut-il avoir des p\u00e9dales ?<\/strong>:Non<\/li>\n<\/ul>\n<p><img><\/p>","protected":false},"excerpt":{"rendered":"<p>brand:Gu Quan model:C706 Material:Metal Metal Material:iron popular elements:Metal sort by color:White gold foot roller-microfiber leather version Light gray gold foot<\/p>","protected":false},"featured_media":118694,"comment_status":"open","ping_status":"closed","template":"","meta":[],"product_brand":[],"product_cat":[30971,30859],"product_tag":[],"class_list":{"0":"post-59585","1":"product","2":"type-product","3":"status-publish","4":"has-post-thumbnail","6":"product_cat-hp","7":"product_cat-wholesale-office","9":"first","10":"instock","11":"sale","12":"taxable","13":"shipping-taxable","14":"purchasable","15":"product-type-variable"},"_links":{"self":[{"href":"https:\/\/nexgendecors.com\/fr\/wp-json\/wp\/v2\/product\/59585","targetHints":{"allow":["GET"]}}],"collection":[{"href":"https:\/\/nexgendecors.com\/fr\/wp-json\/wp\/v2\/product"}],"about":[{"href":"https:\/\/nexgendecors.com\/fr\/wp-json\/wp\/v2\/types\/product"}],"replies":[{"embeddable":true,"href":"https:\/\/nexgendecors.com\/fr\/wp-json\/wp\/v2\/comments?post=59585"}],"version-history":[{"count":0,"href":"https:\/\/nexgendecors.com\/fr\/wp-json\/wp\/v2\/product\/59585\/revisions"}],"wp:featuredmedia":[{"embeddable":true,"href":"https:\/\/nexgendecors.com\/fr\/wp-json\/wp\/v2\/media\/118694"}],"wp:attachment":[{"href":"https:\/\/nexgendecors.com\/fr\/wp-json\/wp\/v2\/media?parent=59585"}],"wp:term":[{"taxonomy":"product_brand","embeddable":true,"href":"https:\/\/nexgendecors.com\/fr\/wp-json\/wp\/v2\/product_brand?post=59585"},{"taxonomy":"product_cat","embeddable":true,"href":"https:\/\/nexgendecors.com\/fr\/wp-json\/wp\/v2\/product_cat?post=59585"},{"taxonomy":"product_tag","embeddable":true,"href":"https:\/\/nexgendecors.com\/fr\/wp-json\/wp\/v2\/product_tag?post=59585"}],"curies":[{"name":"wp","href":"https:\/\/api.w.org\/{rel}","templated":true}]}}