{"id":59632,"date":"2025-01-26T02:53:08","date_gmt":"2025-01-26T02:53:08","guid":{"rendered":"https:\/\/nexgendecors.com\/product\/guquan-leather-office-chair-comfortable-long-term-sitting-boss-chair-chair-simple-seat-desk-chair-home-comfortable-computer-chair\/"},"modified":"2025-04-06T08:41:15","modified_gmt":"2025-04-06T08:41:15","slug":"guquan-leather-office-chair-comfortable-long-term-sitting-boss-chair-chair-simple-seat-desk-chair-home-comfortable-computer-chair","status":"publish","type":"product","link":"https:\/\/nexgendecors.com\/fr\/product\/guquan-leather-office-chair-comfortable-long-term-sitting-boss-chair-chair-simple-seat-desk-chair-home-comfortable-computer-chair\/","title":{"rendered":"Guquan Leather Boss Chair &#8211; Comfortable Office Seating"},"content":{"rendered":"<ul>\n<li>\n<strong>marque<\/strong>:Gu Quan<\/li>\n<li>\n<strong>mod\u00e8le<\/strong>:C581<\/li>\n<li>\n<strong>Assembler<\/strong>:Oui<\/li>\n<li>\n<strong>Est-ce rotatif ?<\/strong>:Oui<\/li>\n<li>\n<strong>Peut-il \u00eatre \u00e9lev\u00e9 ou abaiss\u00e9 ?<\/strong>:Oui<\/li>\n<li>\n<strong>Est-ce que cela prend en charge l\u2019ergonomie ?<\/strong>:Oui<\/li>\n<li>\n<strong>Mat\u00e9riau de pied cinq \u00e9toiles<\/strong>:Pieds en acier<\/li>\n<li>\n<strong>Mat\u00e9riau en tissu<\/strong>:Peau de vache<\/li>\n<li>\n<strong>volume du colis<\/strong>:0.5<\/li>\n<li>\n<strong>Est-ce personnalisable ?<\/strong>:Non<\/li>\n<li>\n<strong>Mat\u00e9riau m\u00e9tallique<\/strong>:fer<\/li>\n<li>\n<strong>Puis-je m&#039;allonger ?<\/strong>:Oui<\/li>\n<li>\n<strong>Type de main courante<\/strong>:Linked armrest<\/li>\n<li>\n<strong>Faut-il avoir des p\u00e9dales ?<\/strong>:Oui<\/li>\n<li>\n<strong>Mat\u00e9riel<\/strong>:M\u00e9tal<\/li>\n<li>\n<strong>Instructions d&#039;installation d\u00e9taill\u00e9es<\/strong>:Provide simple installation tools and installation instructions<\/li>\n<li>\n<strong>Un taxi est-il disponible pour le transport ?<\/strong>:Non<\/li>\n<li>\n<strong>Positionnement de style<\/strong>:Qualit\u00e9 Luxe<\/li>\n<li>\n<strong>Type d&#039;appui-t\u00eate<\/strong>:Standard headrest<\/li>\n<li>\n<strong>trier par couleur<\/strong>:Pine gray &#8211; skin-friendly double fabric Mint green &#8211; microfiber leather Off-white &#8211; microfiber leather Off-white &#8211; genuine leather Guquan furniture quality assurance Collection and purchase priority delivery<\/li>\n<\/ul>","protected":false},"excerpt":{"rendered":"<p>brand:Gu Quan model:C581 Assemble:yes Is it rotatable?:yes Can it be raised or lowered?:yes Does it support ergonomics?:yes Five-star foot material:Steel<\/p>","protected":false},"featured_media":118753,"comment_status":"open","ping_status":"closed","template":"","meta":[],"product_brand":[],"product_cat":[30971,30859],"product_tag":[],"class_list":{"0":"post-59632","1":"product","2":"type-product","3":"status-publish","4":"has-post-thumbnail","6":"product_cat-hp","7":"product_cat-wholesale-office","9":"first","10":"instock","11":"sale","12":"taxable","13":"shipping-taxable","14":"purchasable","15":"product-type-variable"},"_links":{"self":[{"href":"https:\/\/nexgendecors.com\/fr\/wp-json\/wp\/v2\/product\/59632","targetHints":{"allow":["GET"]}}],"collection":[{"href":"https:\/\/nexgendecors.com\/fr\/wp-json\/wp\/v2\/product"}],"about":[{"href":"https:\/\/nexgendecors.com\/fr\/wp-json\/wp\/v2\/types\/product"}],"replies":[{"embeddable":true,"href":"https:\/\/nexgendecors.com\/fr\/wp-json\/wp\/v2\/comments?post=59632"}],"version-history":[{"count":0,"href":"https:\/\/nexgendecors.com\/fr\/wp-json\/wp\/v2\/product\/59632\/revisions"}],"wp:featuredmedia":[{"embeddable":true,"href":"https:\/\/nexgendecors.com\/fr\/wp-json\/wp\/v2\/media\/118753"}],"wp:attachment":[{"href":"https:\/\/nexgendecors.com\/fr\/wp-json\/wp\/v2\/media?parent=59632"}],"wp:term":[{"taxonomy":"product_brand","embeddable":true,"href":"https:\/\/nexgendecors.com\/fr\/wp-json\/wp\/v2\/product_brand?post=59632"},{"taxonomy":"product_cat","embeddable":true,"href":"https:\/\/nexgendecors.com\/fr\/wp-json\/wp\/v2\/product_cat?post=59632"},{"taxonomy":"product_tag","embeddable":true,"href":"https:\/\/nexgendecors.com\/fr\/wp-json\/wp\/v2\/product_tag?post=59632"}],"curies":[{"name":"wp","href":"https:\/\/api.w.org\/{rel}","templated":true}]}}