{"id":59641,"date":"2025-01-26T02:53:12","date_gmt":"2025-01-26T02:53:12","guid":{"rendered":"https:\/\/nexgendecors.com\/product\/guquan-office-chair-study-comfortable-desk-chair-home-cream-small-square-chair-study-chair-comfortable-long-term-sitting-computer-chair\/"},"modified":"2025-04-06T08:41:26","modified_gmt":"2025-04-06T08:41:26","slug":"guquan-office-chair-study-comfortable-desk-chair-home-cream-small-square-chair-study-chair-comfortable-long-term-sitting-computer-chair","status":"publish","type":"product","link":"https:\/\/nexgendecors.com\/fr\/product\/guquan-office-chair-study-comfortable-desk-chair-home-cream-small-square-chair-study-chair-comfortable-long-term-sitting-computer-chair\/","title":{"rendered":"Guquan Cream Study Chair &#8211; Comfortable Desk Seating"},"content":{"rendered":"<ul>\n<li>\n<strong>marque<\/strong>:Gu Quan<\/li>\n<li>\n<strong>mod\u00e8le<\/strong>:C575<\/li>\n<li>\n<strong>Assembler<\/strong>:Oui<\/li>\n<li>\n<strong>Est-ce rotatif ?<\/strong>:Oui<\/li>\n<li>\n<strong>Peut-il \u00eatre \u00e9lev\u00e9 ou abaiss\u00e9 ?<\/strong>:Oui<\/li>\n<li>\n<strong>Est-ce que cela prend en charge l\u2019ergonomie ?<\/strong>:Oui<\/li>\n<li>\n<strong>Mat\u00e9riau de pied cinq \u00e9toiles<\/strong>:Nylon feet Steel feet<\/li>\n<li>\n<strong>Mat\u00e9riau en tissu<\/strong>:Technology Fabric<\/li>\n<li>\n<strong>volume du colis<\/strong>:0.4<\/li>\n<li>\n<strong>Est-ce personnalisable ?<\/strong>:Non<\/li>\n<li>\n<strong>Mat\u00e9riau m\u00e9tallique<\/strong>:fer<\/li>\n<li>\n<strong>Puis-je m&#039;allonger ?<\/strong>:Non<\/li>\n<li>\n<strong>Type de main courante<\/strong>:90\u00b0 flip armrestFixed armrest<\/li>\n<li>\n<strong>Faut-il avoir des p\u00e9dales ?<\/strong>:Non<\/li>\n<li>\n<strong>Mat\u00e9riel<\/strong>:M\u00e9tal<\/li>\n<li>\n<strong>Instructions d&#039;installation d\u00e9taill\u00e9es<\/strong>:Provide simple installation tools and installation instructions<\/li>\n<li>\n<strong>Un taxi est-il disponible pour le transport ?<\/strong>:Oui<\/li>\n<li>\n<strong>Positionnement de style<\/strong>:Style artistique<\/li>\n<li>\n<strong>Type d&#039;appui-t\u00eate<\/strong>:No headrest<\/li>\n<li>\n<strong>trier par couleur<\/strong>:Chrysanthemum White [Flip Armrest + Technology Fabric] &#8211; Free and Easy Function Chrysanthemum White [Metal Armrest + Technology Fabric] &#8211; Free and Easy Function Chrysanthemum White [Sliding Armrest + Technology Fabric] &#8211; Free and Easy Function White [Flip Armrest + Microfiber Leather] &#8211; Free and Easy Function White [Coffee Foot + Genuine Leather] Line Clause White [Coffee Foot + Microfiber Leather] Line Clause [Details to get coupons to save 60 more]<\/li>\n<\/ul>\n<p><img><\/p>","protected":false},"excerpt":{"rendered":"<p>brand:Gu Quan model:C575 Assemble:yes Is it rotatable?:yes Can it be raised or lowered?:yes Does it support ergonomics?:yes Five-star foot material:Nylon<\/p>","protected":false},"featured_media":118770,"comment_status":"open","ping_status":"closed","template":"","meta":[],"product_brand":[],"product_cat":[30971,30859],"product_tag":[],"class_list":{"0":"post-59641","1":"product","2":"type-product","3":"status-publish","4":"has-post-thumbnail","6":"product_cat-hp","7":"product_cat-wholesale-office","9":"first","10":"instock","11":"sale","12":"taxable","13":"shipping-taxable","14":"purchasable","15":"product-type-variable"},"_links":{"self":[{"href":"https:\/\/nexgendecors.com\/fr\/wp-json\/wp\/v2\/product\/59641","targetHints":{"allow":["GET"]}}],"collection":[{"href":"https:\/\/nexgendecors.com\/fr\/wp-json\/wp\/v2\/product"}],"about":[{"href":"https:\/\/nexgendecors.com\/fr\/wp-json\/wp\/v2\/types\/product"}],"replies":[{"embeddable":true,"href":"https:\/\/nexgendecors.com\/fr\/wp-json\/wp\/v2\/comments?post=59641"}],"version-history":[{"count":0,"href":"https:\/\/nexgendecors.com\/fr\/wp-json\/wp\/v2\/product\/59641\/revisions"}],"wp:featuredmedia":[{"embeddable":true,"href":"https:\/\/nexgendecors.com\/fr\/wp-json\/wp\/v2\/media\/118770"}],"wp:attachment":[{"href":"https:\/\/nexgendecors.com\/fr\/wp-json\/wp\/v2\/media?parent=59641"}],"wp:term":[{"taxonomy":"product_brand","embeddable":true,"href":"https:\/\/nexgendecors.com\/fr\/wp-json\/wp\/v2\/product_brand?post=59641"},{"taxonomy":"product_cat","embeddable":true,"href":"https:\/\/nexgendecors.com\/fr\/wp-json\/wp\/v2\/product_cat?post=59641"},{"taxonomy":"product_tag","embeddable":true,"href":"https:\/\/nexgendecors.com\/fr\/wp-json\/wp\/v2\/product_tag?post=59641"}],"curies":[{"name":"wp","href":"https:\/\/api.w.org\/{rel}","templated":true}]}}