{"id":59765,"date":"2025-01-26T02:53:33","date_gmt":"2025-01-26T02:53:33","guid":{"rendered":"https:\/\/nexgendecors.com\/product\/heavy-plastic-childrens-early-education-kindergarten-tables-and-chairs-baby-log-color-study-table-multifunctional-lifting-moon-table\/"},"modified":"2025-04-06T08:41:47","modified_gmt":"2025-04-06T08:41:47","slug":"tables-et-chaises-de-maternelle-en-plastique-lourd-pour-leducation-precoce-des-enfants-table-detude-coloree-pour-bebe-table-de-lune-relevable-multifonctionnelle","status":"publish","type":"product","link":"https:\/\/nexgendecors.com\/fr\/product\/tables-et-chaises-de-maternelle-en-plastique-lourd-pour-leducation-precoce-des-enfants-table-detude-coloree-pour-bebe-table-de-lune-relevable-multifonctionnelle\/","title":{"rendered":"Ensemble de table relevable multifonctionnelle color\u00e9e pour enfants"},"content":{"rendered":"<ul>\n<li>\n<strong>marque<\/strong>:Zhejia<\/li>\n<li>\n<strong>\u00c2ge appropri\u00e9<\/strong>:2 ans 3 ans 4 ans 5 ans 6 ans 7 ans 8 ans 9 ans 10 ans<\/li>\n<li>\n<strong>Mat\u00e9riaux de structure<\/strong>:plastique<\/li>\n<li>\n<strong>style<\/strong>:Simple et moderne<\/li>\n<li>\n<strong>trier par couleur<\/strong>:Version relevable d&#039;une table et 7 chaises [couleur b\u00fbche] Couleur b\u00fbche 1 table et 7 chaises fixes grande table (couleur b\u00fbche) Version relevable d&#039;une table et 7 chaises [jaune] Version relevable d&#039;une table et 7 chaises [vert] Version relevable d&#039;une table et 7 chaises [bleu clair] Version relevable d&#039;une table et 7 chaises [orange] Version relevable d&#039;une table et 7 chaises [rose] Version relevable de deux tables et 8 chaises Version color\u00e9e d&#039;une table et 7 chaises Ensemble 1 table et 4 chaises de luxe (photographi\u00e9 et not\u00e9 en couleur) Une table et 4 chaises fixes (bleu clair par d\u00e9faut) Grande table (rouge) Grande table (jaune) Grande table (bleu clair) Grande table (vert) Grande table (bleu) Grande table (rose) Grande table (violet) Grande table (orange) Ensemble classique de 2 tables et 8 chaises fixes version phare d&#039;une table et 5 chaises [vert] Version phare d&#039;une table et 5 chaises [jaune] Version phare d&#039;une table et 5 chaises [rouge] Version phare d&#039;une table et 5 chaises [bleu] Petite table lune 120*60 (bleu clair par d\u00e9faut) Petite taille : 1 table et 1 chaise (bleu clair par d\u00e9faut) 1 table et 2 chaises avec dossiers 1 table et 2 chaises relevables 1 table et 6 chaises relevables 1 table et 6 chaises avec dossiers<\/li>\n<li>\n<strong>Num\u00e9ro de pi\u00e8ce<\/strong>:ZY-1212<\/li>\n<\/ul>\n<p><img><\/p>","protected":false},"excerpt":{"rendered":"<p>marque:Zhejia \u00c2ge appropri\u00e9:2 ans 3 ans 4 ans 5 ans 6 ans 7 ans<\/p>","protected":false},"featured_media":118936,"comment_status":"open","ping_status":"closed","template":"","meta":[],"product_brand":[],"product_cat":[30899,30971,30849],"product_tag":[],"class_list":{"0":"post-59765","1":"product","2":"type-product","3":"status-publish","4":"has-post-thumbnail","6":"product_cat-bs-kindergarten","7":"product_cat-hp","8":"product_cat-kindergarten-school-furniture","10":"first","11":"instock","12":"taxable","13":"shipping-taxable","14":"purchasable","15":"product-type-variable"},"_links":{"self":[{"href":"https:\/\/nexgendecors.com\/fr\/wp-json\/wp\/v2\/product\/59765","targetHints":{"allow":["GET"]}}],"collection":[{"href":"https:\/\/nexgendecors.com\/fr\/wp-json\/wp\/v2\/product"}],"about":[{"href":"https:\/\/nexgendecors.com\/fr\/wp-json\/wp\/v2\/types\/product"}],"replies":[{"embeddable":true,"href":"https:\/\/nexgendecors.com\/fr\/wp-json\/wp\/v2\/comments?post=59765"}],"version-history":[{"count":0,"href":"https:\/\/nexgendecors.com\/fr\/wp-json\/wp\/v2\/product\/59765\/revisions"}],"wp:featuredmedia":[{"embeddable":true,"href":"https:\/\/nexgendecors.com\/fr\/wp-json\/wp\/v2\/media\/118936"}],"wp:attachment":[{"href":"https:\/\/nexgendecors.com\/fr\/wp-json\/wp\/v2\/media?parent=59765"}],"wp:term":[{"taxonomy":"product_brand","embeddable":true,"href":"https:\/\/nexgendecors.com\/fr\/wp-json\/wp\/v2\/product_brand?post=59765"},{"taxonomy":"product_cat","embeddable":true,"href":"https:\/\/nexgendecors.com\/fr\/wp-json\/wp\/v2\/product_cat?post=59765"},{"taxonomy":"product_tag","embeddable":true,"href":"https:\/\/nexgendecors.com\/fr\/wp-json\/wp\/v2\/product_tag?post=59765"}],"curies":[{"name":"wp","href":"https:\/\/api.w.org\/{rel}","templated":true}]}}