{"id":59879,"date":"2025-01-26T02:53:50","date_gmt":"2025-01-26T02:53:50","guid":{"rendered":"https:\/\/nexgendecors.com\/product\/light-luxury-mosaic-wall-sticker-net-red-restaurant-background-wall-metal-self-adhesive-tile-hexagonal-golden-triangle-jazz-white-brick\/"},"modified":"2025-04-06T08:41:57","modified_gmt":"2025-04-06T08:41:57","slug":"autocollant-mural-en-mosaique-de-luxe-leger-filet-rouge-fond-de-restaurant-carrelage-autocollant-en-metal-triangle-dore-hexagonal-brique-blanche-jazz","status":"publish","type":"product","link":"https:\/\/nexgendecors.com\/fr\/product\/autocollant-mural-en-mosaique-de-luxe-leger-filet-rouge-fond-de-restaurant-carrelage-autocollant-en-metal-triangle-dore-hexagonal-brique-blanche-jazz\/","title":{"rendered":"Dosseret en marbre hexagonal avec accents dor\u00e9s"},"content":{"rendered":"<p><strong>Description<\/strong><\/p>\n<p><meta charset=\"utf-8\">Nous nous concentrons sur le d\u00e9veloppement de divers produits de carrelage autocollant pour cr\u00e9dence, notamment des carreaux muraux 3D, des carreaux de marbre, des carreaux m\u00e9tro, des carreaux suspendus, des stickers muraux et des fresques murales. Le design des carreaux apportera une touche d&#039;originalit\u00e9 \u00e0 votre espace, largement utilis\u00e9 en d\u00e9coration int\u00e9rieure r\u00e9sidentielle et commerciale. Votre inspiration sera facilement exprim\u00e9e, rehaussera le style de votre espace de vie et vous offrira une exp\u00e9rience de bricolage unique. Design unique et structure de stabilisation multi-niveaux. Mat\u00e9riau \u00e9pais 4 couches. Rev\u00eatement textur\u00e9 anti-rayures. Feuille d&#039;aluminium. Panneau en plastique aluminium. Ruban mousse r\u00e9sistant. Dimensions et couverture du produit. Longueur.<\/p>\n<p><meta charset=\"utf-8\"><span>\u25cf Les carreaux de cr\u00e9dence autocollants en aluminium composite sont fabriqu\u00e9s en PVC composite. Plus r\u00e9alistes et plus durables que les carreaux en vinyle d&#039;origine, ils sont respectueux de l&#039;environnement et offrent une r\u00e9sistance \u00e9lev\u00e9e aux rayures et aux chocs.<\/span><br \/><span>\u25cf D\u00e9collez et collez pour l&#039;installer, puis d\u00e9coupez avec un cutter pour gagner du temps et r\u00e9duire les co\u00fbts de main-d&#039;\u0153uvre. Sa forte adh\u00e9rence garantit sa r\u00e9sistance. Apr\u00e8s l&#039;installation, il ne se d\u00e9colore pas, ne s&#039;\u00e9caille pas et offre une forte capacit\u00e9 de charge.<\/span><br \/><span>\u25cf Facile \u00e0 nettoyer et \u00e0 entretenir, il \u00e9limine facilement les taches avec un chiffon humide. Il est conseill\u00e9 de l&#039;installer sur des surfaces lisses comme le PVC, le verre, le m\u00e9tal, le bois, le papier peint, les rev\u00eatements muraux, les murs en stuc et les murs en ciment.<\/span><br \/><span><meta charset=\"utf-8\">\u25cf En raison de ses caract\u00e9ristiques de r\u00e9sistance \u00e0 la chaleur et \u00e0 l&#039;humidit\u00e9, il est tr\u00e8s appropri\u00e9 pour la d\u00e9coration des murs de cuisine, des dosserets de salle de bain, des murs de chambre, des buanderies et des chemin\u00e9es<\/span><\/p>\n<p><meta charset=\"utf-8\"><span data-mce-fragment=\"1\">\u25cf\u00a0<\/span>Surface d&#039;utilisation : 12 pi\u00e8ces\/m\u00e8tre carr\u00e9<\/p>\n<p><meta charset=\"utf-8\"><span data-mce-fragment=\"1\">\u25cf\u00a0<\/span>Taille monolithique : 315*305mm<\/p>\n<p><meta charset=\"utf-8\"><span data-mce-fragment=\"1\">\u25cf\u00a0<\/span>Taille des particules : 48*55mm<\/p>","protected":false},"excerpt":{"rendered":"<p>Description Nous nous concentrons sur le d\u00e9veloppement de divers produits de carreaux de dosseret \u00e0 peler et \u00e0 coller, notamment des carreaux muraux 3D, des carreaux de marbre, des carreaux de m\u00e9tro,<\/p>","protected":false},"featured_media":119059,"comment_status":"open","ping_status":"closed","template":"","meta":[],"product_brand":[],"product_cat":[30894,30971,30878],"product_tag":[],"class_list":{"0":"post-59879","1":"product","2":"type-product","3":"status-publish","4":"has-post-thumbnail","6":"product_cat-bs-wall-panels","7":"product_cat-hp","8":"product_cat-wall-panel","10":"first","11":"instock","12":"sale","13":"taxable","14":"shipping-taxable","15":"purchasable","16":"product-type-variable"},"_links":{"self":[{"href":"https:\/\/nexgendecors.com\/fr\/wp-json\/wp\/v2\/product\/59879","targetHints":{"allow":["GET"]}}],"collection":[{"href":"https:\/\/nexgendecors.com\/fr\/wp-json\/wp\/v2\/product"}],"about":[{"href":"https:\/\/nexgendecors.com\/fr\/wp-json\/wp\/v2\/types\/product"}],"replies":[{"embeddable":true,"href":"https:\/\/nexgendecors.com\/fr\/wp-json\/wp\/v2\/comments?post=59879"}],"version-history":[{"count":0,"href":"https:\/\/nexgendecors.com\/fr\/wp-json\/wp\/v2\/product\/59879\/revisions"}],"wp:featuredmedia":[{"embeddable":true,"href":"https:\/\/nexgendecors.com\/fr\/wp-json\/wp\/v2\/media\/119059"}],"wp:attachment":[{"href":"https:\/\/nexgendecors.com\/fr\/wp-json\/wp\/v2\/media?parent=59879"}],"wp:term":[{"taxonomy":"product_brand","embeddable":true,"href":"https:\/\/nexgendecors.com\/fr\/wp-json\/wp\/v2\/product_brand?post=59879"},{"taxonomy":"product_cat","embeddable":true,"href":"https:\/\/nexgendecors.com\/fr\/wp-json\/wp\/v2\/product_cat?post=59879"},{"taxonomy":"product_tag","embeddable":true,"href":"https:\/\/nexgendecors.com\/fr\/wp-json\/wp\/v2\/product_tag?post=59879"}],"curies":[{"name":"wp","href":"https:\/\/api.w.org\/{rel}","templated":true}]}}