{"id":59944,"date":"2025-01-26T02:54:03","date_gmt":"2025-01-26T02:54:03","guid":{"rendered":"https:\/\/nexgendecors.com\/product\/hexagonal-training-table-and-chair-combination-group-activity-reading-table-hexagonal-experimental-table-maker-classroom-student-splicing-table\/"},"modified":"2025-04-06T08:42:14","modified_gmt":"2025-04-06T08:42:14","slug":"hexagonal-training-table-and-chair-combination-group-activity-reading-table-hexagonal-experimental-table-maker-classroom-student-splicing-table","status":"publish","type":"product","link":"https:\/\/nexgendecors.com\/fr\/product\/hexagonal-training-table-and-chair-combination-group-activity-reading-table-hexagonal-experimental-table-maker-classroom-student-splicing-table\/","title":{"rendered":"Ensemble table et chaises de classe hexagonales pour activit\u00e9s de groupe"},"content":{"rendered":"<ul>\n<li>\n<strong>marque<\/strong>:Maker<\/li>\n<li>\n<strong>mod\u00e8le<\/strong>:5<\/li>\n<li>\n<strong>style<\/strong>:Moderne et simple<\/li>\n<li>\n<strong>Appropri\u00e9<\/strong>:Adults, primary school students<\/li>\n<li>\n<strong>trier par couleur<\/strong>:1.6m diameter 2 pieces + 6 chairs, 1.6m diameter 3+1 splicing + 6 steel chairs, 1.6m diameter 3+1 splicing + 6 training chairs, 1.6m diameter 2 pieces + 6 folding chairs, 1.6m diameter 2 pieces + 6 steel chairs, 1.6m diameter 3+1 splicing + 6 horn chairs, 1.6m diameter 3+1 splicing + 6 stools, 1.2m diameter 2 pieces + 6 stools, 1.4m diameter 2 pieces + 6 stools, 1.6m diameter 2 pieces + 6 stools, blue and white 1.2m diameter 2 pieces + 6 stools, green and white 1.2m diameter 2 pieces + 6 stools ,Orange and white 1.4m diameter 3+1 stitching + 6 stools, blue and white 1.4m diameter 3+1 stitching + 6 stools, stools, wheelchairs, 1.45m diameter + 6 stools, 1.6m diameter 6 stitching + 6 training chairs, 1.4m diameter 6 stitching + 6 stools, 1.6m diameter 6 stitching + 6 steel bar chairs, wood grain + white 1.6m diameter 2 stitching + 6 chairs, orange + white 1.6m diameter 2 stitching + 6 chairs, blue + white 1.6m diameter 2 stitching + 6 chairs, green + white 1.6m diameter 2 stitching + 6 chairs, pulley table orange + white 1.6m diameter 2 stitching + 6 chairs<\/li>\n<\/ul>\n<p><img><\/p>","protected":false},"excerpt":{"rendered":"<p>Marque : Maker Mod\u00e8le : 5 Style : Moderne et simple Convient : Adultes, \u00e9l\u00e8ves du primaire Trier par couleur : 1,6 m de diam\u00e8tre 2 pi\u00e8ces + 6 chaises, 1,6 m de diam\u00e8tre<\/p>","protected":false},"featured_media":119147,"comment_status":"open","ping_status":"closed","template":"","meta":[],"product_brand":[],"product_cat":[30900,30971,30849,30866],"product_tag":[],"class_list":{"0":"post-59944","1":"product","2":"type-product","3":"status-publish","4":"has-post-thumbnail","6":"product_cat-bs-school","7":"product_cat-hp","8":"product_cat-kindergarten-school-furniture","9":"product_cat-wholesales-university-high-schools","11":"first","12":"instock","13":"taxable","14":"shipping-taxable","15":"purchasable","16":"product-type-variable"},"_links":{"self":[{"href":"https:\/\/nexgendecors.com\/fr\/wp-json\/wp\/v2\/product\/59944","targetHints":{"allow":["GET"]}}],"collection":[{"href":"https:\/\/nexgendecors.com\/fr\/wp-json\/wp\/v2\/product"}],"about":[{"href":"https:\/\/nexgendecors.com\/fr\/wp-json\/wp\/v2\/types\/product"}],"replies":[{"embeddable":true,"href":"https:\/\/nexgendecors.com\/fr\/wp-json\/wp\/v2\/comments?post=59944"}],"version-history":[{"count":0,"href":"https:\/\/nexgendecors.com\/fr\/wp-json\/wp\/v2\/product\/59944\/revisions"}],"wp:featuredmedia":[{"embeddable":true,"href":"https:\/\/nexgendecors.com\/fr\/wp-json\/wp\/v2\/media\/119147"}],"wp:attachment":[{"href":"https:\/\/nexgendecors.com\/fr\/wp-json\/wp\/v2\/media?parent=59944"}],"wp:term":[{"taxonomy":"product_brand","embeddable":true,"href":"https:\/\/nexgendecors.com\/fr\/wp-json\/wp\/v2\/product_brand?post=59944"},{"taxonomy":"product_cat","embeddable":true,"href":"https:\/\/nexgendecors.com\/fr\/wp-json\/wp\/v2\/product_cat?post=59944"},{"taxonomy":"product_tag","embeddable":true,"href":"https:\/\/nexgendecors.com\/fr\/wp-json\/wp\/v2\/product_tag?post=59944"}],"curies":[{"name":"wp","href":"https:\/\/api.w.org\/{rel}","templated":true}]}}