{"id":60083,"date":"2025-01-26T02:54:18","date_gmt":"2025-01-26T02:54:18","guid":{"rendered":"https:\/\/nexgendecors.com\/product\/high-bed-bunk-bed-iron-bed-duplex-second-floor-college-dormitory-upper-bed-under-the-table-high-and-low-bed-bunk-iron\/"},"modified":"2025-04-06T08:42:32","modified_gmt":"2025-04-06T08:42:32","slug":"high-bed-bunk-bed-iron-bed-duplex-second-floor-college-dormitory-upper-bed-under-the-table-high-and-low-bed-bunk-iron","status":"publish","type":"product","link":"https:\/\/nexgendecors.com\/fr\/product\/high-bed-bunk-bed-iron-bed-duplex-second-floor-college-dormitory-upper-bed-under-the-table-high-and-low-bed-bunk-iron\/","title":{"rendered":"Stylish Iron Bunk Bed for College Dorms &#8211; Space-Saving"},"content":{"rendered":"<ul>\n<li>\n<strong>Y a-t-il un espace de stockage ?<\/strong>:Oui<\/li>\n<li>\n<strong>style<\/strong>:Simple et moderne<\/li>\n<li>\n<strong>Bed Leg Material<\/strong>:acier<\/li>\n<li>\n<strong>ville<\/strong>:Guangzhou City<\/li>\n<li>\n<strong>Districts et comt\u00e9s<\/strong>:Tianhe District<\/li>\n<li>\n<strong>Metal decoration<\/strong>:Polished gold decoration<\/li>\n<li>\n<strong>Bedside material<\/strong>:acier<\/li>\n<li>\n<strong>La pr\u00e9vente est-elle disponible ?<\/strong>:Oui<\/li>\n<li>\n<strong>Bed box material<\/strong>:autre<\/li>\n<li>\n<strong>Fonctionnalit\u00e9s suppl\u00e9mentaires<\/strong>:Storage other<\/li>\n<li>\n<strong>volume du colis<\/strong>:3<\/li>\n<li>\n<strong>Bed head material<\/strong>:acier<\/li>\n<li>\n<strong>Positionnement de style<\/strong>:\u00c9conomique<\/li>\n<li>\n<strong>Bed foot material<\/strong>:acier<\/li>\n<li>\n<strong>trier par couleur<\/strong>:Transparent Black Sky Blue Wood Color Milky White Lake Blue Orange Oak Color Light Oak Color Warm Oak Color Lake Green Design Scheme<\/li>\n<li>\n<strong>Poids brut<\/strong>:300<\/li>\n<li>\n<strong>marque<\/strong>:Saifukang (furniture)<\/li>\n<li>\n<strong>mod\u00e8le<\/strong>:SFK0042<\/li>\n<li>\n<strong>\u00e9l\u00e9ments populaires<\/strong>:Master designed mortise and tenon<\/li>\n<li>\n<strong>Bed material<\/strong>:Pin<\/li>\n<li>\n<strong>Mat\u00e9riel<\/strong>:acier<\/li>\n<li>\n<strong>Technologie<\/strong>:autre<\/li>\n<li>\n<strong>Est-ce personnalisable ?<\/strong>:Oui<\/li>\n<li>\n<strong>Faut-il avoir un cadre de lit ?<\/strong>:Oui<\/li>\n<li>\n<strong>Mat\u00e9riel<\/strong>:Panneaux \u00e0 base de bois<\/li>\n<li>\n<strong>Faut-il apporter un support souple<\/strong>:Non<\/li>\n<li>\n<strong>Instructions d&#039;installation d\u00e9taill\u00e9es<\/strong>:Provide installation instructions Provide installation instruction video<\/li>\n<li>\n<strong>Y a-t-il une barri\u00e8re de s\u00e9curit\u00e9 ?<\/strong>:Oui<\/li>\n<li>\n<strong>Nombre de personnes applicable<\/strong>:2 personnes<\/li>\n<li>\n<strong>Un taxi est-il disponible pour le transport ?<\/strong>:Non<\/li>\n<li>\n<strong>Livraison\/installation disponible<\/strong>:All cities<\/li>\n<\/ul>\n<p><img><\/p>","protected":false},"excerpt":{"rendered":"<p>Y a-t-il un espace de rangement\u00a0? : oui style\u00a0: simple et moderne Mat\u00e9riau des pieds de lit\u00a0: acier ville\u00a0: ville de Guangzhou Districts et comt\u00e9s\u00a0: district de Tianhe D\u00e9coration en m\u00e9tal\u00a0: d\u00e9coration en or poli<\/p>","protected":false},"featured_media":119232,"comment_status":"open","ping_status":"closed","template":"","meta":[],"product_brand":[],"product_cat":[30971,30866],"product_tag":[],"class_list":{"0":"post-60083","1":"product","2":"type-product","3":"status-publish","4":"has-post-thumbnail","6":"product_cat-hp","7":"product_cat-wholesales-university-high-schools","9":"first","10":"instock","11":"taxable","12":"shipping-taxable","13":"purchasable","14":"product-type-variable"},"_links":{"self":[{"href":"https:\/\/nexgendecors.com\/fr\/wp-json\/wp\/v2\/product\/60083","targetHints":{"allow":["GET"]}}],"collection":[{"href":"https:\/\/nexgendecors.com\/fr\/wp-json\/wp\/v2\/product"}],"about":[{"href":"https:\/\/nexgendecors.com\/fr\/wp-json\/wp\/v2\/types\/product"}],"replies":[{"embeddable":true,"href":"https:\/\/nexgendecors.com\/fr\/wp-json\/wp\/v2\/comments?post=60083"}],"version-history":[{"count":0,"href":"https:\/\/nexgendecors.com\/fr\/wp-json\/wp\/v2\/product\/60083\/revisions"}],"wp:featuredmedia":[{"embeddable":true,"href":"https:\/\/nexgendecors.com\/fr\/wp-json\/wp\/v2\/media\/119232"}],"wp:attachment":[{"href":"https:\/\/nexgendecors.com\/fr\/wp-json\/wp\/v2\/media?parent=60083"}],"wp:term":[{"taxonomy":"product_brand","embeddable":true,"href":"https:\/\/nexgendecors.com\/fr\/wp-json\/wp\/v2\/product_brand?post=60083"},{"taxonomy":"product_cat","embeddable":true,"href":"https:\/\/nexgendecors.com\/fr\/wp-json\/wp\/v2\/product_cat?post=60083"},{"taxonomy":"product_tag","embeddable":true,"href":"https:\/\/nexgendecors.com\/fr\/wp-json\/wp\/v2\/product_tag?post=60083"}],"curies":[{"name":"wp","href":"https:\/\/api.w.org\/{rel}","templated":true}]}}