{"id":60106,"date":"2025-01-26T02:54:23","date_gmt":"2025-01-26T02:54:23","guid":{"rendered":"https:\/\/nexgendecors.com\/product\/high-end-3d-wall-decor-panel-size-60x60cm-japanese-vertical-wooden-grille-solid-wood-mosaic-tile-for-tv-background-bar-office1712064859114\/"},"modified":"2025-04-15T11:18:10","modified_gmt":"2025-04-15T11:18:10","slug":"panneau-decoratif-mural-3d-haut-de-gamme-dimensions-60-x-60-cm-grille-verticale-japonaise-en-bois-massif-mosaique-pour-arriere-plan-tv-bar-bureau-1712064859114","status":"publish","type":"product","link":"https:\/\/nexgendecors.com\/fr\/product\/panneau-decoratif-mural-3d-haut-de-gamme-dimensions-60-x-60-cm-grille-verticale-japonaise-en-bois-massif-mosaique-pour-arriere-plan-tv-bar-bureau-1712064859114\/","title":{"rendered":"Grille japonaise en bois Panneau d\u00e9coratif mural 3D 60x60cm"},"content":{"rendered":"<div>\n<ul>\n<li>\n<p>\ud83d\udcaa <strong>R\u00e9sistance et durabilit\u00e9 garanties !<\/strong> \ud83c\udf1f<br \/>Dites adieu aux soucis de contamination gr\u00e2ce \u00e0 nos carreaux r\u00e9sistants aux taches et durables. Profitez de performances durables et d&#039;une tranquillit\u00e9 d&#039;esprit optimale.<\/p>\n<\/li>\n<li>\n<p>\u2728 <strong>Solidement attach\u00e9 au treillis<\/strong> \ud83d\udee0\ufe0f<br \/>Nos dalles sont solidement fix\u00e9es \u00e0 un treillis, garantissant une installation facile et une finition impeccable. Profitez de la commodit\u00e9 et de la fiabilit\u00e9 de chaque application.<\/p>\n<\/li>\n<li>\n<p>\ud83d\udd04 <strong>Facile \u00e0 utiliser, excellent rapport qualit\u00e9-prix<\/strong> \ud83d\udcb0<br \/>B\u00e9n\u00e9ficiez de notre avantage de production\u00a0: simplicit\u00e9 et prix abordable. Nos carreaux, faciles \u00e0 installer et d&#039;un rapport qualit\u00e9-prix exceptionnel, constituent le choix id\u00e9al pour votre projet.<\/p>\n<\/li>\n<li>\n<p>\ud83d\udca7 <strong>Absorption d&#039;eau nulle, entretien sans effort<\/strong> \ud83e\uddfc<br \/>Avec une absorption d&#039;eau nulle, nos carreaux sont faciles \u00e0 nettoyer et \u00e0 entretenir. Profitez d&#039;une installation et d&#039;un entretien sans souci pendant des ann\u00e9es.<\/p>\n<\/li>\n<li>\n<p>\ud83c\udfe1 <strong>Des applications polyvalentes pour chaque imagination<\/strong> \ud83c\udfa8<br \/>Des cr\u00e9dences de cuisine et de salle de bain aux douches, nos carreaux conviennent \u00e0 une large gamme d&#039;applications. Laissez libre cours \u00e0 votre cr\u00e9ativit\u00e9 gr\u00e2ce \u00e0 des possibilit\u00e9s de design infinies\u00a0!<\/p>\n<\/li>\n<li>\n<p>\ud83d\udcd0 <strong>Tailles et couleurs personnalisables<\/strong> \ud83c\udfa8<br \/>Fabriqu\u00e9s sur mesure pour r\u00e9pondre \u00e0 vos besoins, nos carreaux sont disponibles en plusieurs tailles et couleurs. Nous accueillons vos projets avec attention, pour que votre vision devienne r\u00e9alit\u00e9.<\/p>\n<\/li>\n<\/ul>\n<\/div>\n<p><script>window.adminAccountId=231848214;<\/script><\/p>","protected":false},"excerpt":{"rendered":"<p>\ud83d\udcaa Solidit\u00e9 et durabilit\u00e9 garanties ! \ud83c\udf1fDieu aux soucis de contamination avec nos dalles r\u00e9sistantes aux taches et durables. Profitez d'une performance et d'une tranquillit\u00e9 durables.<\/p>","protected":false},"featured_media":119257,"comment_status":"open","ping_status":"closed","template":"","meta":[],"product_brand":[],"product_cat":[30971,30986,30878],"product_tag":[],"class_list":{"0":"post-60106","1":"product","2":"type-product","3":"status-publish","4":"has-post-thumbnail","6":"product_cat-hp","7":"product_cat-tiles-wall-bricks","8":"product_cat-wall-panel","10":"first","11":"instock","12":"taxable","13":"shipping-taxable","14":"purchasable","15":"product-type-variable"},"_links":{"self":[{"href":"https:\/\/nexgendecors.com\/fr\/wp-json\/wp\/v2\/product\/60106","targetHints":{"allow":["GET"]}}],"collection":[{"href":"https:\/\/nexgendecors.com\/fr\/wp-json\/wp\/v2\/product"}],"about":[{"href":"https:\/\/nexgendecors.com\/fr\/wp-json\/wp\/v2\/types\/product"}],"replies":[{"embeddable":true,"href":"https:\/\/nexgendecors.com\/fr\/wp-json\/wp\/v2\/comments?post=60106"}],"version-history":[{"count":0,"href":"https:\/\/nexgendecors.com\/fr\/wp-json\/wp\/v2\/product\/60106\/revisions"}],"wp:featuredmedia":[{"embeddable":true,"href":"https:\/\/nexgendecors.com\/fr\/wp-json\/wp\/v2\/media\/119257"}],"wp:attachment":[{"href":"https:\/\/nexgendecors.com\/fr\/wp-json\/wp\/v2\/media?parent=60106"}],"wp:term":[{"taxonomy":"product_brand","embeddable":true,"href":"https:\/\/nexgendecors.com\/fr\/wp-json\/wp\/v2\/product_brand?post=60106"},{"taxonomy":"product_cat","embeddable":true,"href":"https:\/\/nexgendecors.com\/fr\/wp-json\/wp\/v2\/product_cat?post=60106"},{"taxonomy":"product_tag","embeddable":true,"href":"https:\/\/nexgendecors.com\/fr\/wp-json\/wp\/v2\/product_tag?post=60106"}],"curies":[{"name":"wp","href":"https:\/\/api.w.org\/{rel}","templated":true}]}}