{"id":60450,"date":"2025-01-26T02:55:01","date_gmt":"2025-01-26T02:55:01","guid":{"rendered":"https:\/\/nexgendecors.com\/product\/home-computer-chair-leather-business-boss-chair-reclining-comfortable-sitting-office-chair-ergonomic-office-chair\/"},"modified":"2025-04-06T08:43:23","modified_gmt":"2025-04-06T08:43:23","slug":"home-computer-chair-leather-business-boss-chair-reclining-comfortable-sitting-office-chair-ergonomic-office-chair","status":"publish","type":"product","link":"https:\/\/nexgendecors.com\/fr\/product\/home-computer-chair-leather-business-boss-chair-reclining-comfortable-sitting-office-chair-ergonomic-office-chair\/","title":{"rendered":"Ergonomic Leather Boss Chair &#8211; Reclining Comfort"},"content":{"rendered":"<ul>\n<li>\n<strong>marque<\/strong>:Lifron<\/li>\n<li>\n<strong>mod\u00e8le<\/strong>:008<\/li>\n<li>\n<strong>Mat\u00e9riel<\/strong>:Bois<\/li>\n<li>\n<strong>Mat\u00e9riau en bois<\/strong>:autre<\/li>\n<li>\n<strong>\u00e9l\u00e9ments populaires<\/strong>:Metal stitching<\/li>\n<li>\n<strong>trier par couleur<\/strong>:Black top layer cowhide + spacer [higher quality preferred] Light brown top layer cowhide + spacer [higher quality preferred] Dark gray top layer cowhide + spacer [higher quality preferred] Light gray top layer cowhide + spacer [higher quality preferred] Brown technology leather + spacer [cost-effective recommendation] Black technology leather + spacer [cost-effective recommendation] Dark gray technology leather + spacer [cost-effective recommendation] Brown top layer cowhide + spacer [higher quality preferred]<\/li>\n<li>\n<strong>Mat\u00e9riau en tissu<\/strong>:Peau de vache<\/li>\n<li>\n<strong>Est-ce personnalisable ?<\/strong>:Oui<\/li>\n<li>\n<strong>Peut-il \u00eatre \u00e9lev\u00e9 ou abaiss\u00e9 ?<\/strong>:Oui<\/li>\n<li>\n<strong>Est-ce rotatif ?<\/strong>:Oui<\/li>\n<li>\n<strong>Puis-je m&#039;allonger ?<\/strong>:Oui<\/li>\n<li>\n<strong>Mat\u00e9riau de pied cinq \u00e9toiles<\/strong>:Pieds en acier<\/li>\n<li>\n<strong>Type de main courante<\/strong>:Accoudoir fixe<\/li>\n<li>\n<strong>Est-ce que cela prend en charge l\u2019ergonomie ?<\/strong>:Oui<\/li>\n<li>\n<strong>ville<\/strong>:Huzhou<\/li>\n<li>\n<strong>Districts et comt\u00e9s<\/strong>:Comt\u00e9 d&#039;Anji<\/li>\n<li>\n<strong>Assembler<\/strong>:Oui<\/li>\n<li>\n<strong>volume du colis<\/strong>:0.2m\u00b3<\/li>\n<li>\n<strong>Un taxi est-il disponible pour le transport ?<\/strong>:Oui<\/li>\n<li>\n<strong>Positionnement de style<\/strong>:Style artistique<\/li>\n<li>\n<strong>Instructions d&#039;installation d\u00e9taill\u00e9es<\/strong>:Fournir des instructions d&#039;installation Fournir des outils d&#039;installation simples<\/li>\n<li>\n<strong>Poids brut<\/strong>:20 kg<\/li>\n<li>\n<strong>Faut-il avoir des p\u00e9dales ?<\/strong>:Oui<\/li>\n<li>\n<strong>Type d&#039;appui-t\u00eate<\/strong>:Fixed headrest<\/li>\n<li>\n<strong><\/strong>:<\/li>\n<\/ul>","protected":false},"excerpt":{"rendered":"<p>brand:Lifron model:008 Material:Wood Wood material:other popular elements:Metal stitching sort by color:Black top layer cowhide + spacer [higher quality preferred] Light<\/p>","protected":false},"featured_media":119583,"comment_status":"open","ping_status":"closed","template":"","meta":[],"product_brand":[],"product_cat":[30971,30859],"product_tag":[],"class_list":{"0":"post-60450","1":"product","2":"type-product","3":"status-publish","4":"has-post-thumbnail","6":"product_cat-hp","7":"product_cat-wholesale-office","9":"first","10":"instock","11":"sale","12":"taxable","13":"shipping-taxable","14":"purchasable","15":"product-type-variable"},"_links":{"self":[{"href":"https:\/\/nexgendecors.com\/fr\/wp-json\/wp\/v2\/product\/60450","targetHints":{"allow":["GET"]}}],"collection":[{"href":"https:\/\/nexgendecors.com\/fr\/wp-json\/wp\/v2\/product"}],"about":[{"href":"https:\/\/nexgendecors.com\/fr\/wp-json\/wp\/v2\/types\/product"}],"replies":[{"embeddable":true,"href":"https:\/\/nexgendecors.com\/fr\/wp-json\/wp\/v2\/comments?post=60450"}],"version-history":[{"count":0,"href":"https:\/\/nexgendecors.com\/fr\/wp-json\/wp\/v2\/product\/60450\/revisions"}],"wp:featuredmedia":[{"embeddable":true,"href":"https:\/\/nexgendecors.com\/fr\/wp-json\/wp\/v2\/media\/119583"}],"wp:attachment":[{"href":"https:\/\/nexgendecors.com\/fr\/wp-json\/wp\/v2\/media?parent=60450"}],"wp:term":[{"taxonomy":"product_brand","embeddable":true,"href":"https:\/\/nexgendecors.com\/fr\/wp-json\/wp\/v2\/product_brand?post=60450"},{"taxonomy":"product_cat","embeddable":true,"href":"https:\/\/nexgendecors.com\/fr\/wp-json\/wp\/v2\/product_cat?post=60450"},{"taxonomy":"product_tag","embeddable":true,"href":"https:\/\/nexgendecors.com\/fr\/wp-json\/wp\/v2\/product_tag?post=60450"}],"curies":[{"name":"wp","href":"https:\/\/api.w.org\/{rel}","templated":true}]}}