{"id":60485,"date":"2025-01-26T02:55:10","date_gmt":"2025-01-26T02:55:10","guid":{"rendered":"https:\/\/nexgendecors.com\/product\/home-theater-sofa-audio-visual-room-movie-theater-italian-high-end-smart-luxury-function-sofa-electric-adjustable\/"},"modified":"2025-04-06T08:43:33","modified_gmt":"2025-04-06T08:43:33","slug":"home-theater-sofa-audio-visual-room-movie-theater-italian-high-end-smart-luxury-function-sofa-electric-adjustable","status":"publish","type":"product","link":"https:\/\/nexgendecors.com\/fr\/product\/home-theater-sofa-audio-visual-room-movie-theater-italian-high-end-smart-luxury-function-sofa-electric-adjustable\/","title":{"rendered":"Canap\u00e9 de cin\u00e9ma maison \u00e9lectrique r\u00e9glable de luxe italien"},"content":{"rendered":"<ul>\n<li>\n<strong>marque<\/strong>:Zhou Daheng<\/li>\n<li>\n<strong>mod\u00e8le<\/strong>:808-1#<\/li>\n<li>\n<strong>Mat\u00e9riel<\/strong>:Bois<\/li>\n<li>\n<strong>Mat\u00e9riau en bois<\/strong>:Eucalyptus<\/li>\n<li>\n<strong>mod\u00e8le<\/strong>:Art<\/li>\n<li>\n<strong>style<\/strong>:Minimalisme italien<\/li>\n<li>\n<strong>Nombre de personnes applicable<\/strong>:autre<\/li>\n<li>\n<strong>\u00e9l\u00e9ments populaires<\/strong>:\u00c9pissage<\/li>\n<li>\n<strong>trier par couleur<\/strong>:Imported bull leather\/single seat\/single electric, imported bull leather\/2+1 medium table\/single electric, imported bull leather\/3+2 medium table\/single electric, imported bull leather\/4+3 medium table\/single electric, imported bull leather\/4+1 medium table\/single electric, imported bull leather\/single seat\/double electric, imported bull leather\/2+1 medium table\/double electric, imported bull leather\/3+2 medium table\/double electric, imported bull leather\/4+3 medium table\/double electric, imported bull leather\/4+1 medium table\/double electric ,Medium-thick bull leather\/single seat\/single electric,Medium-thick bull leather\/2+1 medium table\/single electric,Medium-thick bull leather\/3+2 medium table\/single electric,Medium-thick bull leather\/4+3 medium table\/single electric,Medium-thick bull leather\/4+1 medium table\/single electric,Medium-thick bull leather\/single seat\/double electric,Medium-thick bull leather\/2+1 medium table\/double electric,Medium-thick bull leather\/3+2 medium table\/double electric,Medium-thick bull leather\/4+3 medium table\/double electric,Medium-thick bull leather\/4+1 medium table\/double electric<\/li>\n<li>\n<strong>Remplissage<\/strong>:\u00e9ponge<\/li>\n<li>\n<strong>Technologie structurelle<\/strong>:Artisanat du bois<\/li>\n<li>\n<strong>Technologie des structures en bois<\/strong>:autre<\/li>\n<li>\n<strong>Est-ce personnalisable ?<\/strong>:Oui<\/li>\n<li>\n<strong>Combinaison de canap\u00e9<\/strong>:Forme en L<\/li>\n<li>\n<strong>Fonctionnalit\u00e9s suppl\u00e9mentaires<\/strong>:Extensible<\/li>\n<li>\n<strong>Appropri\u00e9<\/strong>:Adultes<\/li>\n<li>\n<strong>Y a-t-il un espace de stockage ?<\/strong>:Oui<\/li>\n<li>\n<strong>Processus de finition du cuir<\/strong>:fissure<\/li>\n<li>\n<strong>Mati\u00e8re cuir<\/strong>:Couche sup\u00e9rieure de cuir de vache<\/li>\n<li>\n<strong>Livraison\/installation disponible<\/strong>:Nationwide, Nanchang, Harbin, Dalian, Shenyang, Xi&#8217;an, Guiyang, Zhengzhou, Jinhua, Changsha, Beijing, Changzhou, Chengdu, Dongguan, Foshan, Fuzhou, Guangzhou, Hangzhou, Nanjing, Nanning, Ningbo, Qingdao, Shanghai, Shenzhen, Suzhou, Taizhou, Tianjin, Wenzhou, Wuxi, Wuhan, Xiamen, Chongqing<\/li>\n<li>\n<strong>Assembler<\/strong>:Oui<\/li>\n<li>\n<strong>volume du colis<\/strong>:3.2<\/li>\n<li>\n<strong>Un taxi est-il disponible pour le transport ?<\/strong>:Non<\/li>\n<li>\n<strong>Duret\u00e9 du remplissage<\/strong>:doux<\/li>\n<li>\n<strong>Positionnement de style<\/strong>:Qualit\u00e9 Luxe<\/li>\n<li>\n<strong>Instructions d&#039;installation d\u00e9taill\u00e9es<\/strong>:Fournir des instructions d&#039;installation, une vid\u00e9o d&#039;installation et des outils d&#039;installation simples<\/li>\n<li>\n<strong>Gamme de finitions en cuir<\/strong>:Surface de contact<\/li>\n<\/ul>\n<p><img><\/p>","protected":false},"excerpt":{"rendered":"<p>Marque : Zhou Daheng Mod\u00e8le : 808-1# Mat\u00e9riau : Bois Mat\u00e9riau du bois : Eucalyptus Motif : Art Style : Minimalisme italien Nombre de personnes applicable : Autres \u00e9l\u00e9ments populaires : \u00c9pissage Trier par couleur : Cuir de taureau import\u00e9\/simple<\/p>","protected":false},"featured_media":119641,"comment_status":"open","ping_status":"closed","template":"","meta":[],"product_brand":[],"product_cat":[30863,30971],"product_tag":[],"class_list":{"0":"post-60485","1":"product","2":"type-product","3":"status-publish","4":"has-post-thumbnail","6":"product_cat-wholesales-cinema-theater","7":"product_cat-hp","9":"first","10":"instock","11":"sale","12":"taxable","13":"shipping-taxable","14":"purchasable","15":"product-type-variable"},"_links":{"self":[{"href":"https:\/\/nexgendecors.com\/fr\/wp-json\/wp\/v2\/product\/60485","targetHints":{"allow":["GET"]}}],"collection":[{"href":"https:\/\/nexgendecors.com\/fr\/wp-json\/wp\/v2\/product"}],"about":[{"href":"https:\/\/nexgendecors.com\/fr\/wp-json\/wp\/v2\/types\/product"}],"replies":[{"embeddable":true,"href":"https:\/\/nexgendecors.com\/fr\/wp-json\/wp\/v2\/comments?post=60485"}],"version-history":[{"count":0,"href":"https:\/\/nexgendecors.com\/fr\/wp-json\/wp\/v2\/product\/60485\/revisions"}],"wp:featuredmedia":[{"embeddable":true,"href":"https:\/\/nexgendecors.com\/fr\/wp-json\/wp\/v2\/media\/119641"}],"wp:attachment":[{"href":"https:\/\/nexgendecors.com\/fr\/wp-json\/wp\/v2\/media?parent=60485"}],"wp:term":[{"taxonomy":"product_brand","embeddable":true,"href":"https:\/\/nexgendecors.com\/fr\/wp-json\/wp\/v2\/product_brand?post=60485"},{"taxonomy":"product_cat","embeddable":true,"href":"https:\/\/nexgendecors.com\/fr\/wp-json\/wp\/v2\/product_cat?post=60485"},{"taxonomy":"product_tag","embeddable":true,"href":"https:\/\/nexgendecors.com\/fr\/wp-json\/wp\/v2\/product_tag?post=60485"}],"curies":[{"name":"wp","href":"https:\/\/api.w.org\/{rel}","templated":true}]}}