{"id":60552,"date":"2025-01-26T02:55:27","date_gmt":"2025-01-26T02:55:27","guid":{"rendered":"https:\/\/nexgendecors.com\/product\/honey-joy-kids-book-rack-with-2-storage-bins-wooden-toddler-bookshelf-with-4-sling-shelves-book-display-stand-toy-storage-organizer-for-kids-bedroom-playroom-beige1711879851231\/"},"modified":"2025-04-06T08:44:28","modified_gmt":"2025-04-06T08:44:28","slug":"etagere-a-livres-pour-enfants-honey-joy-avec-2-bacs-de-rangement-etagere-en-bois-pour-tout-petits-avec-4-etageres-a-elingues-presentoir-a-livres-organisateur-de-rangement-pour-jouets-pour-chambre-d","status":"publish","type":"product","link":"https:\/\/nexgendecors.com\/fr\/product\/etagere-a-livres-pour-enfants-honey-joy-avec-2-bacs-de-rangement-etagere-en-bois-pour-tout-petits-avec-4-etageres-a-elingues-presentoir-a-livres-organisateur-de-rangement-pour-jouets-pour-chambre-d\/","title":{"rendered":"\u00c9tag\u00e8re \u00e0 livres et rangement de jouets en bois pour enfants HONEY JOY \u2013 Beige"},"content":{"rendered":"<div class=\"flex-1 overflow-hidden\" data-mce-fragment=\"1\">\n<div class=\"react-scroll-to-bottom--css-pyouc-79elbk h-full\" data-mce-fragment=\"1\">\n<div class=\"react-scroll-to-bottom--css-pyouc-1n7m0yu\" data-mce-fragment=\"1\">\n<div data-mce-fragment=\"1\">\n<div class=\"flex flex-col text-sm pb-9\" data-mce-fragment=\"1\">\n<div class=\"w-full text-token-text-primary\" dir=\"auto\" data-testid=\"conversation-turn-83\" data-mce-fragment=\"1\">\n<div class=\"px-4 py-2 justify-center text-base md:gap-6 m-auto\" data-mce-fragment=\"1\">\n<div class=\"flex flex-1 text-base mx-auto gap-3 juice:gap-4 juice:md:gap-6 md:px-5 lg:px-1 xl:px-5 md:max-w-3xl lg:max-w-[40rem] xl:max-w-[48rem]\" data-mce-fragment=\"1\">\n<div class=\"relative flex w-full flex-col agent-turn\" data-mce-fragment=\"1\">\n<div class=\"flex-col gap-1 md:gap-3\" data-mce-fragment=\"1\">\n<div class=\"flex flex-grow flex-col max-w-full\" data-mce-fragment=\"1\">\n<div data-message-author-role=\"assistant\" data-message-id=\"6741e400-fc97-409a-8eea-819f3a3fdb8e\" dir=\"auto\" class=\"min-h-[20px] text-message flex flex-col items-start gap-3 whitespace-pre-wrap break-words [.text-message+&#038;]:mt-5 overflow-x-auto\" data-mce-fragment=\"1\">\n<div class=\"markdown prose w-full break-words dark:prose-invert light\" data-mce-fragment=\"1\">\n<p data-mce-fragment=\"1\">\ud83d\udcda <strong data-mce-fragment=\"1\">Grand espace de rangement pour les livres pour enfants<\/strong>:Avec ses 4 couches de toile et ses 3 sacs de rangement suppl\u00e9mentaires, cette biblioth\u00e8que pour enfants optimise l&#039;espace de rangement des livres. Deux grands compartiments en bas permettent aux enfants de ranger leurs jouets et leurs fournitures de mani\u00e8re autonome, favorisant ainsi de bonnes habitudes de rangement.<\/p>\n<p data-mce-fragment=\"1\">\ud83d\udcaa <strong data-mce-fragment=\"1\">Structure solide et stable<\/strong>Fabriqu\u00e9e en MDF de haute qualit\u00e9, cette biblioth\u00e8que pour enfants est robuste et durable. Ses sangles en coton et lin r\u00e9sistants \u00e0 l&#039;usure permettent de supporter des livres lourds sans se d\u00e9chirer.<\/p>\n<p data-mce-fragment=\"1\">\ud83c\udfa8 <strong data-mce-fragment=\"1\">D\u00e9coration accrocheuse pour salle de jeux<\/strong>Con\u00e7ue \u00e0 une hauteur adapt\u00e9e aux enfants, cette biblioth\u00e8que leur permet d&#039;acc\u00e9der \u00e0 leurs livres pr\u00e9f\u00e9r\u00e9s en toute autonomie. Plac\u00e9e dans un coin, elle cr\u00e9e un espace de lecture convivial, encourageant les enfants \u00e0 se plonger dans les livres.<\/p>\n<p data-mce-fragment=\"1\">\u2728 <strong data-mce-fragment=\"1\">Surface lisse et facile \u00e0 nettoyer<\/strong>Les coins arrondis garantissent la s\u00e9curit\u00e9 des enfants, tandis que les surfaces lisses se nettoient facilement avec un chiffon humide. La certification ASTM garantit la s\u00e9curit\u00e9 de l&#039;\u00e9tag\u00e8re pour les enfants.<\/p>\n<p data-mce-fragment=\"1\">\ud83d\udee0\ufe0f <strong data-mce-fragment=\"1\">Facile \u00e0 assembler<\/strong>Livr\u00e9e avec tous les accessoires n\u00e9cessaires et un manuel d&#039;utilisation, cette biblioth\u00e8que est facile et rapide \u00e0 installer. Id\u00e9ale pour la lecture dans divers environnements, tels que les chambres d&#039;enfants, les salons, les salles de classe, les jardins d&#039;enfants et les garderies.<\/p>\n<\/div>\n<\/div>\n<\/div>\n<\/div>\n<\/div>\n<\/div>\n<\/div>\n<\/div>\n<\/div>\n<\/div>\n<\/div>\n<\/div>\n<\/div>\n<div><\/div>","protected":false},"excerpt":{"rendered":"<p>\ud83d\udcda Grand espace de rangement pour les livres pour enfants : avec 4 couches de toile et 3 sacs de rangement suppl\u00e9mentaires, ce<\/p>","protected":false},"featured_media":119743,"comment_status":"open","ping_status":"closed","template":"","meta":[],"product_brand":[],"product_cat":[30971,30838,30849],"product_tag":[],"class_list":{"0":"post-60552","1":"product","2":"type-product","3":"status-publish","4":"has-post-thumbnail","6":"product_cat-hp","7":"product_cat-kids-storage-orgganizer","8":"product_cat-kindergarten-school-furniture","10":"first","11":"instock","12":"taxable","13":"shipping-taxable","14":"purchasable","15":"product-type-variable"},"_links":{"self":[{"href":"https:\/\/nexgendecors.com\/fr\/wp-json\/wp\/v2\/product\/60552","targetHints":{"allow":["GET"]}}],"collection":[{"href":"https:\/\/nexgendecors.com\/fr\/wp-json\/wp\/v2\/product"}],"about":[{"href":"https:\/\/nexgendecors.com\/fr\/wp-json\/wp\/v2\/types\/product"}],"replies":[{"embeddable":true,"href":"https:\/\/nexgendecors.com\/fr\/wp-json\/wp\/v2\/comments?post=60552"}],"version-history":[{"count":0,"href":"https:\/\/nexgendecors.com\/fr\/wp-json\/wp\/v2\/product\/60552\/revisions"}],"wp:featuredmedia":[{"embeddable":true,"href":"https:\/\/nexgendecors.com\/fr\/wp-json\/wp\/v2\/media\/119743"}],"wp:attachment":[{"href":"https:\/\/nexgendecors.com\/fr\/wp-json\/wp\/v2\/media?parent=60552"}],"wp:term":[{"taxonomy":"product_brand","embeddable":true,"href":"https:\/\/nexgendecors.com\/fr\/wp-json\/wp\/v2\/product_brand?post=60552"},{"taxonomy":"product_cat","embeddable":true,"href":"https:\/\/nexgendecors.com\/fr\/wp-json\/wp\/v2\/product_cat?post=60552"},{"taxonomy":"product_tag","embeddable":true,"href":"https:\/\/nexgendecors.com\/fr\/wp-json\/wp\/v2\/product_tag?post=60552"}],"curies":[{"name":"wp","href":"https:\/\/api.w.org\/{rel}","templated":true}]}}