{"id":60569,"date":"2025-01-26T02:55:29","date_gmt":"2025-01-26T02:55:29","guid":{"rendered":"https:\/\/nexgendecors.com\/product\/honey-joy-kids-toy-storage-organizer-with-bins-children-daycare-shelf-w-blackboard-top-3-wooden-toy-box-w-wheels-toddler-classroom-display-cabinet-for-playroom-nursery-kindergarten1711879851192\/"},"modified":"2025-04-06T08:44:49","modified_gmt":"2025-04-06T08:44:49","slug":"honey-joy-kids-organiseur-de-rangement-pour-jouets-avec-bacs-etagere-pour-garderie-avec-tableau-noir-coffre-a-jouets-en-bois-a-3-roulettes-vitrine-pour-salle-de-jeux-creche-maternelle-1711879851192","status":"publish","type":"product","link":"https:\/\/nexgendecors.com\/fr\/product\/honey-joy-kids-organiseur-de-rangement-pour-jouets-avec-bacs-etagere-pour-garderie-avec-tableau-noir-coffre-a-jouets-en-bois-a-3-roulettes-vitrine-pour-salle-de-jeux-creche-maternelle-1711879851192\/","title":{"rendered":"Organiseur de rangement pour jouets pour enfants HONEY JOY avec dessus en tableau noir"},"content":{"rendered":"<p data-mce-fragment=\"1\">\ud83d\udcda <strong data-mce-fragment=\"1\">Stockage spacieux et class\u00e9<\/strong>Notre biblioth\u00e8que pour enfants est dot\u00e9e d&#039;un plateau spacieux, d&#039;un grand compartiment ouvert et de trois bacs \u00e0 jouets amovibles, offrant un espace de rangement g\u00e9n\u00e9reux pour les jouets, les livres, les v\u00eatements, les collations et bien plus encore. C&#039;est l&#039;organisateur de rangement id\u00e9al pour aider les enfants \u00e0 garder leurs affaires bien rang\u00e9es et organis\u00e9es.<\/p>\n<p data-mce-fragment=\"1\">\ud83d\udd8d\ufe0f <strong data-mce-fragment=\"1\">Tableau noir interactif de table<\/strong>Le tableau noir est un \u00e9l\u00e9ment tr\u00e8s appr\u00e9ci\u00e9 des enfants, leur permettant de dessiner, d&#039;\u00e9crire et de compter \u00e0 la craie. Il ajoute une dimension interactive aux jeux et aux activit\u00e9s d&#039;apprentissage.<\/p>\n<p data-mce-fragment=\"1\">\ud83d\udd12 <strong data-mce-fragment=\"1\">S\u00e9curit\u00e9 et s\u00fbret\u00e9 renforc\u00e9es<\/strong>Notre armoire de rangement pour jouets est \u00e9quip\u00e9e d&#039;un syst\u00e8me anti-basculement pour plus de s\u00e9curit\u00e9 et garantit un maintien optimal, notamment dans les chambres d&#039;enfants ou les cr\u00e8ches. Ses coins arrondis et ses poign\u00e9es d\u00e9coup\u00e9es adapt\u00e9es aux enfants renforcent encore la s\u00e9curit\u00e9 et la facilit\u00e9 d&#039;utilisation.<\/p>\n<p data-mce-fragment=\"1\">\ud83d\udd04 <strong data-mce-fragment=\"1\">Bacs \u00e0 jouets mobiles<\/strong>Trois bacs \u00e0 jouets amovibles offrent des options de rangement flexibles, permettant aux enfants de ranger leurs affaires comme ils le souhaitent. Des roulettes \u00e0 roulement fluide facilitent le d\u00e9placement des bacs \u00e0 jouets pour plus de commodit\u00e9.<\/p>\n<p data-mce-fragment=\"1\">\ud83d\udee0\ufe0f <strong data-mce-fragment=\"1\">Assemblage facile et construction durable<\/strong>Gr\u00e2ce aux instructions d\u00e9taill\u00e9es fournies, l&#039;assemblage est simple et sans tracas. Fabriqu\u00e9 en MDF robuste, cet organiseur de rangement est con\u00e7u pour durer.<\/p>\n<p data-mce-fragment=\"1\">\ud83c\udfa8 <strong data-mce-fragment=\"1\">Conception polyvalente<\/strong>: La palette de couleurs blanc et noir s&#039;harmonise avec n&#039;importe quelle d\u00e9coration, ce qui le rend id\u00e9al pour les chambres d&#039;enfants, les salles de jeux ou les cr\u00e8ches. Le compartiment ouvert et les bacs \u00e0 jouets permettent d&#039;acc\u00e9der facilement aux objets rang\u00e9s.<\/p>\n<p data-mce-fragment=\"1\">\ud83d\udccf <strong data-mce-fragment=\"1\">Caract\u00e9ristiques<\/strong>:<\/p>\n<ul data-mce-fragment=\"1\">\n<li data-mce-fragment=\"1\">Couleur : Blanc + Noir<\/li>\n<li data-mce-fragment=\"1\">Mat\u00e9riau : MDF<\/li>\n<li data-mce-fragment=\"1\">Dimensions hors tout : 40 po x 13 po x 24,5 po<\/li>\n<li data-mce-fragment=\"1\">Dimensions du compartiment ouvert\u00a0: 35,5\u00a0po x 11,5\u00a0po x 8\u00a0po<\/li>\n<li data-mce-fragment=\"1\">Dimensions du bac \u00e0 jouets : 11,5 po x 11,5 po x 11,5 po<\/li>\n<li data-mce-fragment=\"1\">Capacit\u00e9 de poids maximale du plateau de table\u00a0: 110\u00a0lb<\/li>\n<li data-mce-fragment=\"1\">Capacit\u00e9 de poids maximale du compartiment\u00a0: 22\u00a0lb<\/li>\n<li data-mce-fragment=\"1\">Capacit\u00e9 de poids maximale du bac \u00e0 jouets\u00a0: 11\u00a0lb<\/li>\n<li data-mce-fragment=\"1\">Poids net : 52,5 lb<\/li>\n<\/ul>\n<p data-mce-fragment=\"1\">\ud83d\udce6 <strong data-mce-fragment=\"1\">Le forfait comprend<\/strong>:<\/p>\n<ul data-mce-fragment=\"1\">\n<li data-mce-fragment=\"1\">1 x Organisateur de rangement pour jouets pour enfants<\/li>\n<li data-mce-fragment=\"1\">1 x Instruction<\/li>\n<\/ul>\n<div><\/div>","protected":false},"excerpt":{"rendered":"<p>\ud83d\udcda Rangement spacieux et class\u00e9 : Notre biblioth\u00e8que pour enfants comprend un plateau de table spacieux, un grand compartiment ouvert et trois jouets amovibles<\/p>","protected":false},"featured_media":119792,"comment_status":"open","ping_status":"closed","template":"","meta":[],"product_brand":[],"product_cat":[30971,30838,30849],"product_tag":[],"class_list":{"0":"post-60569","1":"product","2":"type-product","3":"status-publish","4":"has-post-thumbnail","6":"product_cat-hp","7":"product_cat-kids-storage-orgganizer","8":"product_cat-kindergarten-school-furniture","10":"first","11":"instock","12":"taxable","13":"shipping-taxable","14":"purchasable","15":"product-type-variable"},"_links":{"self":[{"href":"https:\/\/nexgendecors.com\/fr\/wp-json\/wp\/v2\/product\/60569","targetHints":{"allow":["GET"]}}],"collection":[{"href":"https:\/\/nexgendecors.com\/fr\/wp-json\/wp\/v2\/product"}],"about":[{"href":"https:\/\/nexgendecors.com\/fr\/wp-json\/wp\/v2\/types\/product"}],"replies":[{"embeddable":true,"href":"https:\/\/nexgendecors.com\/fr\/wp-json\/wp\/v2\/comments?post=60569"}],"version-history":[{"count":0,"href":"https:\/\/nexgendecors.com\/fr\/wp-json\/wp\/v2\/product\/60569\/revisions"}],"wp:featuredmedia":[{"embeddable":true,"href":"https:\/\/nexgendecors.com\/fr\/wp-json\/wp\/v2\/media\/119792"}],"wp:attachment":[{"href":"https:\/\/nexgendecors.com\/fr\/wp-json\/wp\/v2\/media?parent=60569"}],"wp:term":[{"taxonomy":"product_brand","embeddable":true,"href":"https:\/\/nexgendecors.com\/fr\/wp-json\/wp\/v2\/product_brand?post=60569"},{"taxonomy":"product_cat","embeddable":true,"href":"https:\/\/nexgendecors.com\/fr\/wp-json\/wp\/v2\/product_cat?post=60569"},{"taxonomy":"product_tag","embeddable":true,"href":"https:\/\/nexgendecors.com\/fr\/wp-json\/wp\/v2\/product_tag?post=60569"}],"curies":[{"name":"wp","href":"https:\/\/api.w.org\/{rel}","templated":true}]}}