{"id":60573,"date":"2025-01-26T02:55:32","date_gmt":"2025-01-26T02:55:32","guid":{"rendered":"https:\/\/nexgendecors.com\/product\/honey-joy-kids-toy-storage-organizer-5-section-storage-daycare-shelf-for-preschool-children-2-tier-open-wooden-display-book-shelf-organizer-for-classroom-playroom-nursery-kindergartenwood1711879851"},"modified":"2025-04-06T08:44:59","modified_gmt":"2025-04-06T08:44:59","slug":"honey-joy-kids-toy-storage-organizer-5-section-storage-daycare-shelf-for-preschool-children-2-tier-open-wooden-display-book-shelf-organizer-for-classroom-playroom-nursery-kindergartenwood1711879851226","status":"publish","type":"product","link":"https:\/\/nexgendecors.com\/fr\/product\/honey-joy-kids-toy-storage-organizer-5-section-storage-daycare-shelf-for-preschool-children-2-tier-open-wooden-display-book-shelf-organizer-for-classroom-playroom-nursery-kindergartenwood1711879851226\/","title":{"rendered":"Organiseur de rangement pour jouets pour enfants HONEY JOY \u00e0 5 compartiments"},"content":{"rendered":"<p data-mce-fragment=\"1\">\ud83d\udcda <strong data-mce-fragment=\"1\">Ample Storage Space<\/strong>: Keep your kids&#8217; room well-organized with our two-tier cabinet featuring 5-section compartments. Perfect for storing cartoon books, toys, snacks, clothes, and school supplies. The spacious top with raised edges is ideal for displaying photos, potted plants, and more.<\/p>\n<p data-mce-fragment=\"1\">\ud83c\udfe1 <strong data-mce-fragment=\"1\">Conception polyvalente<\/strong>: With its simple lines and practical design, this toy storage organizer seamlessly blends into any space, whether it&#8217;s a daycare, playroom, living room, bedroom, or kindergarten. Use it as a storage unit, bookcase, or display rack to add extra storage space wherever needed.<\/p>\n<p data-mce-fragment=\"1\">\ud83c\udf1f <strong data-mce-fragment=\"1\">Selected Material &#038; Great Loading Capacity<\/strong>: Crafted from high-quality engineered wood with scratch-resistant and waterproof veneer, this toy organizer is built to last. The thick boards and solid construction ensure each cube can support up to 132 lbs on the top and 44 lbs inside.<\/p>\n<p data-mce-fragment=\"1\">\ud83d\udee1\ufe0f <strong data-mce-fragment=\"1\">Safety &#038; Convenience<\/strong>: Equipped with reinforced back buckles and anti-slip foot pads, our bookshelf organizer provides excellent stability and sturdiness. The open design and kid-friendly height make it easy for children to access items, promoting good organizing skills and reading habits.<\/p>\n<p data-mce-fragment=\"1\">\ud83d\udd27 <strong data-mce-fragment=\"1\">Hassle-Free Installation &#038; Maintenance<\/strong>: Assembly is a breeze with detailed instructions and complete accessories included. Plus, the smooth surface is easy to clean and maintain\u2014simply wipe it with a damp cloth for hassle-free maintenance.<\/p>\n<p data-mce-fragment=\"1\">Transform your space into an organized and functional haven with our versatile and durable toy storage organizer! \ud83c\udf08\ud83d\udce6<\/p>\n<div><\/div>","protected":false},"excerpt":{"rendered":"<p>\ud83d\udcda Grand espace de rangement : Gardez la chambre de vos enfants bien organis\u00e9e gr\u00e2ce \u00e0 notre armoire \u00e0 deux niveaux dot\u00e9e de 5 compartiments. Id\u00e9ale pour ranger les dessins anim\u00e9s.<\/p>","protected":false},"featured_media":119805,"comment_status":"open","ping_status":"closed","template":"","meta":[],"product_brand":[],"product_cat":[30971,30838,30849],"product_tag":[],"class_list":{"0":"post-60573","1":"product","2":"type-product","3":"status-publish","4":"has-post-thumbnail","6":"product_cat-hp","7":"product_cat-kids-storage-orgganizer","8":"product_cat-kindergarten-school-furniture","10":"first","11":"instock","12":"taxable","13":"shipping-taxable","14":"purchasable","15":"product-type-variable"},"_links":{"self":[{"href":"https:\/\/nexgendecors.com\/fr\/wp-json\/wp\/v2\/product\/60573","targetHints":{"allow":["GET"]}}],"collection":[{"href":"https:\/\/nexgendecors.com\/fr\/wp-json\/wp\/v2\/product"}],"about":[{"href":"https:\/\/nexgendecors.com\/fr\/wp-json\/wp\/v2\/types\/product"}],"replies":[{"embeddable":true,"href":"https:\/\/nexgendecors.com\/fr\/wp-json\/wp\/v2\/comments?post=60573"}],"version-history":[{"count":0,"href":"https:\/\/nexgendecors.com\/fr\/wp-json\/wp\/v2\/product\/60573\/revisions"}],"wp:featuredmedia":[{"embeddable":true,"href":"https:\/\/nexgendecors.com\/fr\/wp-json\/wp\/v2\/media\/119805"}],"wp:attachment":[{"href":"https:\/\/nexgendecors.com\/fr\/wp-json\/wp\/v2\/media?parent=60573"}],"wp:term":[{"taxonomy":"product_brand","embeddable":true,"href":"https:\/\/nexgendecors.com\/fr\/wp-json\/wp\/v2\/product_brand?post=60573"},{"taxonomy":"product_cat","embeddable":true,"href":"https:\/\/nexgendecors.com\/fr\/wp-json\/wp\/v2\/product_cat?post=60573"},{"taxonomy":"product_tag","embeddable":true,"href":"https:\/\/nexgendecors.com\/fr\/wp-json\/wp\/v2\/product_tag?post=60573"}],"curies":[{"name":"wp","href":"https:\/\/api.w.org\/{rel}","templated":true}]}}