{"id":60588,"date":"2025-01-26T02:55:35","date_gmt":"2025-01-26T02:55:35","guid":{"rendered":"https:\/\/nexgendecors.com\/product\/honey-joy-kids-wooden-toy-box-3-in-1-large-toy-storage-chest-with-bookshelf-flip-top-lid-safety-hinge-cut-out-handle-toddler-toy-storage-bench-with-wheels-for-nursery-bedroom-playroom-white17121570"},"modified":"2025-04-06T08:45:17","modified_gmt":"2025-04-06T08:45:17","slug":"coffre-a-jouets-en-bois-honey-joy-pour-enfants-grand-coffre-de-rangement-3-en-1-avec-etagere-couvercle-rabattable-charniere-de-securite-poignee-decoupee-banc-de-rangement-pour-jouets-pour-tout-pe","status":"publish","type":"product","link":"https:\/\/nexgendecors.com\/fr\/product\/coffre-a-jouets-en-bois-honey-joy-pour-enfants-grand-coffre-de-rangement-3-en-1-avec-etagere-couvercle-rabattable-charniere-de-securite-poignee-decoupee-banc-de-rangement-pour-jouets-pour-tout-pe\/","title":{"rendered":"Coffre de rangement et biblioth\u00e8que en bois 3 en 1 HONEY JOY"},"content":{"rendered":"<p>\ud83c\udf81 **Coffre \u00e0 jouets 3 en 1 polyvalent pour enfants** : D\u00e9couvrez la solution de rangement id\u00e9ale ! Notre coffre \u00e0 jouets en bois est \u00e9quip\u00e9 de roulettes, d&#039;une biblioth\u00e8que et d&#039;un banc de rangement pour jouets. Il est id\u00e9al pour la chambre, le salon, la chambre d&#039;enfant ou la salle de jeux de votre enfant. Favorisez l&#039;organisation et l&#039;ordre dans l&#039;espace de votre tout-petit !<br data-mce-fragment=\"1\"><br data-mce-fragment=\"1\">\ud83d\udce6 **Grand espace de rangement** : Combinant un coffre \u00e0 jouets \u00e0 roulettes et un espace de rangement pour les livres, notre coffre \u00e0 jouets en bois offre un grand espace pour les jouets, les v\u00eatements, les articles de sport et les livres. La biblioth\u00e8que avant est con\u00e7ue pour exposer fi\u00e8rement les lectures pr\u00e9f\u00e9r\u00e9es de votre enfant, tandis que le panneau avant emp\u00eache les objets de tomber.<br data-mce-fragment=\"1\"><br data-mce-fragment=\"1\">\ud83d\udd12 **Caract\u00e9ristiques de s\u00e9curit\u00e9** : Notre coffre \u00e0 jouets est dot\u00e9 d&#039;un couvercle rabattable \u00e9quip\u00e9 d&#039;une charni\u00e8re de s\u00e9curit\u00e9, garantissant une ouverture et une fermeture faciles tout en \u00e9vitant les fermetures brusques qui pourraient pincer les petits doigts. La poign\u00e9e ergonomique permet aux enfants d&#039;acc\u00e9der facilement \u00e0 leurs jouets tout en assurant leur s\u00e9curit\u00e9.<br data-mce-fragment=\"1\"><br data-mce-fragment=\"1\">\ud83c\udf33 **Construction en bois durable** : Fabriqu\u00e9 en MDF \u00e9pais et durable, notre coffre \u00e0 jouets pour enfants \u00e0 roulettes offre une excellente stabilit\u00e9 et une grande capacit\u00e9 de charge pour une utilisation durable. Mat\u00e9riaux adapt\u00e9s aux enfants, coins arrondis et bords lisses garantissent la s\u00e9curit\u00e9 pendant les jeux.<br data-mce-fragment=\"1\"><br data-mce-fragment=\"1\">\ud83d\udccf **Sp\u00e9cifications d\u00e9taill\u00e9es** :<br data-mce-fragment=\"1\">\u2013 Dimensions hors tout : 60 cm x 48 cm x 46,5 cm (L x l x H)<br data-mce-fragment=\"1\">\u2013 Capacit\u00e9 de poids du dessus : 100 lb \/ 45 kg<br data-mce-fragment=\"1\">\u2013 Capacit\u00e9 de poids \u00e0 l&#039;int\u00e9rieur : 80 lb \/ 36 kg<br data-mce-fragment=\"1\"><br data-mce-fragment=\"1\">\ud83c\udf89 Offrez le cadeau de l&#039;organisation et de la fonctionnalit\u00e9 avec notre bo\u00eete \u00e0 jouets pour enfants 3 en 1, un cadeau de vacances parfait pour les gar\u00e7ons et les filles ! \ud83c\udf08\ud83e\uddf8<\/p>\n<div><\/div>","protected":false},"excerpt":{"rendered":"<p>\ud83c\udf81 **Versatile 3-In-1 Kids Toy Box**: Say hello to the ultimate storage solution! Our wooden toy box serves as a<\/p>","protected":false},"featured_media":119867,"comment_status":"open","ping_status":"closed","template":"","meta":[],"product_brand":[],"product_cat":[30971,30849],"product_tag":[],"class_list":{"0":"post-60588","1":"product","2":"type-product","3":"status-publish","4":"has-post-thumbnail","6":"product_cat-hp","7":"product_cat-kindergarten-school-furniture","9":"first","10":"instock","11":"taxable","12":"shipping-taxable","13":"purchasable","14":"product-type-simple"},"_links":{"self":[{"href":"https:\/\/nexgendecors.com\/fr\/wp-json\/wp\/v2\/product\/60588","targetHints":{"allow":["GET"]}}],"collection":[{"href":"https:\/\/nexgendecors.com\/fr\/wp-json\/wp\/v2\/product"}],"about":[{"href":"https:\/\/nexgendecors.com\/fr\/wp-json\/wp\/v2\/types\/product"}],"replies":[{"embeddable":true,"href":"https:\/\/nexgendecors.com\/fr\/wp-json\/wp\/v2\/comments?post=60588"}],"version-history":[{"count":0,"href":"https:\/\/nexgendecors.com\/fr\/wp-json\/wp\/v2\/product\/60588\/revisions"}],"wp:featuredmedia":[{"embeddable":true,"href":"https:\/\/nexgendecors.com\/fr\/wp-json\/wp\/v2\/media\/119867"}],"wp:attachment":[{"href":"https:\/\/nexgendecors.com\/fr\/wp-json\/wp\/v2\/media?parent=60588"}],"wp:term":[{"taxonomy":"product_brand","embeddable":true,"href":"https:\/\/nexgendecors.com\/fr\/wp-json\/wp\/v2\/product_brand?post=60588"},{"taxonomy":"product_cat","embeddable":true,"href":"https:\/\/nexgendecors.com\/fr\/wp-json\/wp\/v2\/product_cat?post=60588"},{"taxonomy":"product_tag","embeddable":true,"href":"https:\/\/nexgendecors.com\/fr\/wp-json\/wp\/v2\/product_tag?post=60588"}],"curies":[{"name":"wp","href":"https:\/\/api.w.org\/{rel}","templated":true}]}}