{"id":60900,"date":"2025-01-26T02:56:02","date_gmt":"2025-01-26T02:56:02","guid":{"rendered":"https:\/\/nexgendecors.com\/product\/hotel-lobby-vip-club-lounge-reception-sales-department-sofa-sales-office-negotiation-sofa-1\/"},"modified":"2025-04-06T08:46:17","modified_gmt":"2025-04-06T08:46:17","slug":"hotel-lobby-vip-club-lounge-reception-sales-department-sofa-sales-office-negotiation-sofa-1","status":"publish","type":"product","link":"https:\/\/nexgendecors.com\/fr\/product\/hotel-lobby-vip-club-lounge-reception-sales-department-sofa-sales-office-negotiation-sofa-1\/","title":{"rendered":"Canap\u00e9 de luxe pour hall d&#039;h\u00f4tel et salons VIP"},"content":{"rendered":"<ul>\n<li>\n<strong>Y a-t-il un espace de stockage ?<\/strong>:Non<\/li>\n<li>\n<strong>style<\/strong>:Europe du Nord<\/li>\n<li>\n<strong>Assembler<\/strong>:Non<\/li>\n<li>\n<strong>Districts et comt\u00e9s<\/strong>:Comt\u00e9 d&#039;Anxi<\/li>\n<li>\n<strong>ville<\/strong>:Ville de Quanzhou<\/li>\n<li>\n<strong>Fonctionnalit\u00e9s suppl\u00e9mentaires<\/strong>:Multifonction<\/li>\n<li>\n<strong>volume du colis<\/strong>:Un m\u00e8tre cube<\/li>\n<li>\n<strong>Remplissage<\/strong>:\u00c9ponge \u00e0 haute r\u00e9silience<\/li>\n<li>\n<strong>Combinaison de canap\u00e9<\/strong>:droit<\/li>\n<li>\n<strong>Origine<\/strong>:Province du Fujian<\/li>\n<li>\n<strong>Positionnement de style<\/strong>:\u00c9conomique<\/li>\n<li>\n<strong>Gamme de finitions en cuir<\/strong>:Surface de contact<\/li>\n<li>\n<strong>trier par couleur<\/strong>:180 long sofa + 1 + 1 + tea table combination orange, 180 long sofa + 1 + 1 + tea table combination coffee color, 220 long sofa + 1 + 1 + tea table combination orange, 220 long sofa + 1 + 1 + tea table combination coffee color, 180 long sofa + 1 + 1 + 1 + tea table combination orange, 180 long sofa + 1 + 1 + 1 + tea table combination coffee color, 220 long sofa + 1 + 1 + 1 + tea table combination orange, 220 long sofa + 1 + 1 + 1 + tea table combination coffee color, 180 long sofa orange, 180 long sofa coffee color, 220 long sofa orange, 220 long sofa coffee color, single sofa orange, single sofa coffee color, tea table combination<\/li>\n<li>\n<strong>marque<\/strong>:autre\/autre<\/li>\n<li>\n<strong>mod\u00e8le<\/strong>:51053<\/li>\n<li>\n<strong>Mati\u00e8re cuir<\/strong>:PU<\/li>\n<li>\n<strong>Duret\u00e9 du remplissage<\/strong>:Duret\u00e9 et douceur mod\u00e9r\u00e9es<\/li>\n<li>\n<strong>Appropri\u00e9<\/strong>:G\u00e9n\u00e9ral<\/li>\n<li>\n<strong>Technologie structurelle<\/strong>:Artisanat du bois<\/li>\n<li>\n<strong>Technologie des structures en bois<\/strong>:autre<\/li>\n<li>\n<strong>Est-ce personnalisable ?<\/strong>:Oui<\/li>\n<li>\n<strong>Mat\u00e9riel<\/strong>:Art du cuir<\/li>\n<li>\n<strong>Instructions d&#039;installation d\u00e9taill\u00e9es<\/strong>:Aucune instruction d&#039;installation<\/li>\n<li>\n<strong>mod\u00e8le<\/strong>:geometry<\/li>\n<li>\n<strong>Un taxi est-il disponible pour le transport ?<\/strong>:Non<\/li>\n<li>\n<strong>Processus de finition du cuir<\/strong>:Cuir<\/li>\n<\/ul>","protected":false},"excerpt":{"rendered":"<p>Is there storage space?:no style:Northern Europe Assemble:no Districts and counties:Anxi County city:Quanzhou City Additional features:Multifunction package volume:One cubic meter Filling:High<\/p>","protected":false},"featured_media":120144,"comment_status":"open","ping_status":"closed","template":"","meta":[],"product_brand":[],"product_cat":[30862,30971,30850],"product_tag":[],"class_list":{"0":"post-60900","1":"product","2":"type-product","3":"status-publish","4":"has-post-thumbnail","6":"product_cat-wholesales-hotels","7":"product_cat-hp","8":"product_cat-wholesale-furniture","10":"first","11":"instock","12":"taxable","13":"shipping-taxable","14":"purchasable","15":"product-type-variable"},"_links":{"self":[{"href":"https:\/\/nexgendecors.com\/fr\/wp-json\/wp\/v2\/product\/60900","targetHints":{"allow":["GET"]}}],"collection":[{"href":"https:\/\/nexgendecors.com\/fr\/wp-json\/wp\/v2\/product"}],"about":[{"href":"https:\/\/nexgendecors.com\/fr\/wp-json\/wp\/v2\/types\/product"}],"replies":[{"embeddable":true,"href":"https:\/\/nexgendecors.com\/fr\/wp-json\/wp\/v2\/comments?post=60900"}],"version-history":[{"count":0,"href":"https:\/\/nexgendecors.com\/fr\/wp-json\/wp\/v2\/product\/60900\/revisions"}],"wp:featuredmedia":[{"embeddable":true,"href":"https:\/\/nexgendecors.com\/fr\/wp-json\/wp\/v2\/media\/120144"}],"wp:attachment":[{"href":"https:\/\/nexgendecors.com\/fr\/wp-json\/wp\/v2\/media?parent=60900"}],"wp:term":[{"taxonomy":"product_brand","embeddable":true,"href":"https:\/\/nexgendecors.com\/fr\/wp-json\/wp\/v2\/product_brand?post=60900"},{"taxonomy":"product_cat","embeddable":true,"href":"https:\/\/nexgendecors.com\/fr\/wp-json\/wp\/v2\/product_cat?post=60900"},{"taxonomy":"product_tag","embeddable":true,"href":"https:\/\/nexgendecors.com\/fr\/wp-json\/wp\/v2\/product_tag?post=60900"}],"curies":[{"name":"wp","href":"https:\/\/api.w.org\/{rel}","templated":true}]}}