{"id":60952,"date":"2025-01-26T02:56:10","date_gmt":"2025-01-26T02:56:10","guid":{"rendered":"https:\/\/nexgendecors.com\/product\/hotel-lobby-vip-club-lounge-reception-sales-department-sofa-sales-office-negotiation-sofa-4\/"},"modified":"2025-04-06T08:46:34","modified_gmt":"2025-04-06T08:46:34","slug":"hotel-lobby-vip-club-lounge-reception-sales-department-sofa-sales-office-negotiation-sofa-4","status":"publish","type":"product","link":"https:\/\/nexgendecors.com\/fr\/product\/hotel-lobby-vip-club-lounge-reception-sales-department-sofa-sales-office-negotiation-sofa-4\/","title":{"rendered":"Canap\u00e9 de luxe pour hall d&#039;h\u00f4tel et salons VIP"},"content":{"rendered":"<ul>\n<li>\n<strong>marque<\/strong>:#0 Usine<\/li>\n<li>\n<strong>mod\u00e8le<\/strong>:566655<\/li>\n<li>\n<strong>Mati\u00e8re cuir<\/strong>:PU<\/li>\n<li>\n<strong>Y a-t-il un espace de stockage ?<\/strong>:Oui<\/li>\n<li>\n<strong>style<\/strong>:Europe du Nord<\/li>\n<li>\n<strong>Assembler<\/strong>:Non<\/li>\n<li>\n<strong>Duret\u00e9 du remplissage<\/strong>:Duret\u00e9 et douceur mod\u00e9r\u00e9es<\/li>\n<li>\n<strong>Appropri\u00e9<\/strong>:G\u00e9n\u00e9ral<\/li>\n<li>\n<strong>Districts et comt\u00e9s<\/strong>:Comt\u00e9 d&#039;Anxi<\/li>\n<li>\n<strong>Technologie structurelle<\/strong>:Art du cuir<\/li>\n<li>\n<strong>ville<\/strong>:Ville de Quanzhou<\/li>\n<li>\n<strong>Fonctionnalit\u00e9s suppl\u00e9mentaires<\/strong>:Autre<\/li>\n<li>\n<strong>Remplissage<\/strong>:\u00c9ponge \u00e0 haute r\u00e9silience<\/li>\n<li>\n<strong>Est-ce personnalisable ?<\/strong>:Oui<\/li>\n<li>\n<strong>Combinaison de canap\u00e9<\/strong>:Special shape<\/li>\n<li>\n<strong>Mat\u00e9riel<\/strong>:Pin<\/li>\n<li>\n<strong>Instructions d&#039;installation d\u00e9taill\u00e9es<\/strong>:Aucune instruction d&#039;installation<\/li>\n<li>\n<strong>Origine<\/strong>:Province du Fujian<\/li>\n<li>\n<strong>mod\u00e8le<\/strong>:Autre<\/li>\n<li>\n<strong>Un taxi est-il disponible pour le transport ?<\/strong>:Non<\/li>\n<li>\n<strong>Gamme de finitions en cuir<\/strong>:Enti\u00e8rement en cuir PU<\/li>\n<li>\n<strong>Livraison\/installation disponible<\/strong>:autre<\/li>\n<li>\n<strong>Processus de finition du cuir<\/strong>:Cuir<\/li>\n<li>\n<strong>trier par couleur<\/strong>:240 sofa + bench + round stool * 2 + tea table orange with black, 280 sofa + bench + round stool * 2 + tea table orange with black, 320 sofa + bench + round stool * 2 + tea table orange with black, 240 sofa + bench + round stool * 2 + tea table coffee color, 280 sofa + bench + round stool * 2 + tea table coffee color, 320 sofa + bench + round stool * 2 + tea table coffee color, 240 sofa + bench + round stool * 2 + tea table black, 280 sofa + bench + round stool * 2 + tea table black, 320 sofa + bench + round stool * 2 +Tea table black, 240 long sofa orange with black, 280 long sofa orange with black, 320 long sofa orange with black, 240 long sofa black, 280 long sofa black, 320 long sofa black, 240 long sofa coffee color, 280 long sofa coffee color, 320 long sofa coffee color, round stool one black, round stool one coffee color, 120 bench one black, 120 bench one coffee color, tea table combination<\/li>\n<\/ul>\n<p><img><\/p>","protected":false},"excerpt":{"rendered":"<p>brand:#0 Factory model:566655 Leather material:PU Is there storage space?:yes style:Northern Europe Assemble:no Filling hardness:Moderate hardness and softness Suitable:General Districts and<\/p>","protected":false},"featured_media":120162,"comment_status":"open","ping_status":"closed","template":"","meta":[],"product_brand":[],"product_cat":[30862,30971,30850],"product_tag":[],"class_list":{"0":"post-60952","1":"product","2":"type-product","3":"status-publish","4":"has-post-thumbnail","6":"product_cat-wholesales-hotels","7":"product_cat-hp","8":"product_cat-wholesale-furniture","10":"first","11":"instock","12":"taxable","13":"shipping-taxable","14":"purchasable","15":"product-type-variable"},"_links":{"self":[{"href":"https:\/\/nexgendecors.com\/fr\/wp-json\/wp\/v2\/product\/60952","targetHints":{"allow":["GET"]}}],"collection":[{"href":"https:\/\/nexgendecors.com\/fr\/wp-json\/wp\/v2\/product"}],"about":[{"href":"https:\/\/nexgendecors.com\/fr\/wp-json\/wp\/v2\/types\/product"}],"replies":[{"embeddable":true,"href":"https:\/\/nexgendecors.com\/fr\/wp-json\/wp\/v2\/comments?post=60952"}],"version-history":[{"count":0,"href":"https:\/\/nexgendecors.com\/fr\/wp-json\/wp\/v2\/product\/60952\/revisions"}],"wp:featuredmedia":[{"embeddable":true,"href":"https:\/\/nexgendecors.com\/fr\/wp-json\/wp\/v2\/media\/120162"}],"wp:attachment":[{"href":"https:\/\/nexgendecors.com\/fr\/wp-json\/wp\/v2\/media?parent=60952"}],"wp:term":[{"taxonomy":"product_brand","embeddable":true,"href":"https:\/\/nexgendecors.com\/fr\/wp-json\/wp\/v2\/product_brand?post=60952"},{"taxonomy":"product_cat","embeddable":true,"href":"https:\/\/nexgendecors.com\/fr\/wp-json\/wp\/v2\/product_cat?post=60952"},{"taxonomy":"product_tag","embeddable":true,"href":"https:\/\/nexgendecors.com\/fr\/wp-json\/wp\/v2\/product_tag?post=60952"}],"curies":[{"name":"wp","href":"https:\/\/api.w.org\/{rel}","templated":true}]}}