{"id":61155,"date":"2025-01-26T02:56:36","date_gmt":"2025-01-26T02:56:36","guid":{"rendered":"https:\/\/nexgendecors.com\/product\/hulala-home-accent-chair-upholstered-armchair-with-rattan-armrest-and-wood-legs-mid-century-modern-living-room-chair-comfy-lounge-chair-for-bedroom-hosting-room-reading-room-tan1711879120059\/"},"modified":"2025-03-11T03:49:51","modified_gmt":"2025-03-11T03:49:51","slug":"hulala-home-accent-chair-upholstered-armchair-with-rattan-armrest-and-wood-legs-mid-century-modern-living-room-chair-comfy-lounge-chair-for-bedroom-hosting-room-reading-room-tan1711879120059","status":"publish","type":"product","link":"https:\/\/nexgendecors.com\/fr\/product\/hulala-home-accent-chair-upholstered-armchair-with-rattan-armrest-and-wood-legs-mid-century-modern-living-room-chair-comfy-lounge-chair-for-bedroom-hosting-room-reading-room-tan1711879120059\/","title":{"rendered":"HULALA HOME Chaise d'appoint du milieu du si\u00e8cle avec accoudoirs en rotin"},"content":{"rendered":"<p data-mce-fragment=\"1\">\ud83e\ude91 <strong data-mce-fragment=\"1\">Super Comfy Seat<\/strong>:<\/p>\n<ul data-mce-fragment=\"1\">\n<li data-mce-fragment=\"1\">Premium quality linen fabric for comfort and breathability \ud83c\udf3f<\/li>\n<li data-mce-fragment=\"1\">High-density sponge cushion and backrest for maximum comfort \ud83d\udecb\ufe0f<\/li>\n<li data-mce-fragment=\"1\">Seat designed to resist collapsing after frequent use \ud83c\udf1f<\/li>\n<\/ul>\n<p data-mce-fragment=\"1\">\ud83d\udcaa <strong data-mce-fragment=\"1\">Construction robuste et durable<\/strong>:<\/p>\n<ul data-mce-fragment=\"1\">\n<li data-mce-fragment=\"1\">Strong wooden frame with 250 lbs static load capacity \ud83d\udcaa<\/li>\n<li data-mce-fragment=\"1\">16.9&#8243; high backrest for reasonable lower back support \ud83e\ude91<\/li>\n<li data-mce-fragment=\"1\">Non-slip padding under solid wood legs to protect floors \ud83e\uddb6<\/li>\n<\/ul>\n<p data-mce-fragment=\"1\">\ud83c\udf1f <strong data-mce-fragment=\"1\">Mid Century Modern Design<\/strong>:<\/p>\n<ul data-mce-fragment=\"1\">\n<li data-mce-fragment=\"1\">Chic mid-century modern vibe with cane paneled sides \ud83c\udf3e<\/li>\n<li data-mce-fragment=\"1\">Tapered wood legs and unique rattan weaving armrests \ud83c\udf1f<\/li>\n<li data-mce-fragment=\"1\">Handcrafted bamboo and solid wood for a natural and comfortable space \ud83c\udf43<\/li>\n<\/ul>\n<p data-mce-fragment=\"1\">\ud83c\udfa8 <strong data-mce-fragment=\"1\">Utilisation multifonctionnelle<\/strong>:<\/p>\n<ul data-mce-fragment=\"1\">\n<li data-mce-fragment=\"1\">Available in various colors to match any decor \ud83c\udfa8<\/li>\n<li data-mce-fragment=\"1\">Blends with boho, contemporary, or coastal aesthetics \ud83c\udfdd\ufe0f<\/li>\n<li data-mce-fragment=\"1\">Perfect for balconies, living rooms, or reception areas \ud83d\udecb\ufe0f<\/li>\n<\/ul>\n<p data-mce-fragment=\"1\">\ud83d\udee0\ufe0f <strong data-mce-fragment=\"1\">Facile \u00e0 assembler<\/strong>:<\/p>\n<ul data-mce-fragment=\"1\">\n<li data-mce-fragment=\"1\">Dimensions: 24.8&#8243;W x 29.5&#8243;D x 31.7&#8243;H \ud83d\udccf<\/li>\n<li data-mce-fragment=\"1\">Quick assembly with included accessories and instructions \ud83d\udee0\ufe0f<\/li>\n<li data-mce-fragment=\"1\">Hassle-free customer service for missing or damaged parts \ud83d\udcde<\/li>\n<\/ul>\n<p data-mce-fragment=\"1\">\ud83d\udc8c <strong data-mce-fragment=\"1\">Customer Service<\/strong>:<\/p>\n<ul data-mce-fragment=\"1\">\n<li data-mce-fragment=\"1\">Quick response within 24 hours for any queries or concerns \ud83d\udc8c<\/li>\n<li data-mce-fragment=\"1\">Your satisfaction is our priority! \ud83d\ude0a<\/li>\n<\/ul>\n<div><\/div>","protected":false},"excerpt":{"rendered":"<p>\ud83e\ude91 Si\u00e8ge super confortable : tissu en lin de premi\u00e8re qualit\u00e9 pour le confort et la respirabilit\u00e9 \ud83c\udf3f Coussin et dossier en \u00e9ponge haute densit\u00e9 pour un maximum de confort et de respirabilit\u00e9<\/p>","protected":false},"featured_media":120309,"comment_status":"open","ping_status":"closed","template":"","meta":[],"product_brand":[],"product_cat":[30811,30971,30846,32],"product_tag":[],"class_list":{"0":"post-61155","1":"product","2":"type-product","3":"status-publish","4":"has-post-thumbnail","6":"product_cat-armchairs","7":"product_cat-hp","8":"product_cat-living-room","9":"product_cat-residential-furniture","11":"first","12":"instock","13":"sale","14":"taxable","15":"shipping-taxable","16":"purchasable","17":"product-type-variable"},"_links":{"self":[{"href":"https:\/\/nexgendecors.com\/fr\/wp-json\/wp\/v2\/product\/61155","targetHints":{"allow":["GET"]}}],"collection":[{"href":"https:\/\/nexgendecors.com\/fr\/wp-json\/wp\/v2\/product"}],"about":[{"href":"https:\/\/nexgendecors.com\/fr\/wp-json\/wp\/v2\/types\/product"}],"replies":[{"embeddable":true,"href":"https:\/\/nexgendecors.com\/fr\/wp-json\/wp\/v2\/comments?post=61155"}],"version-history":[{"count":0,"href":"https:\/\/nexgendecors.com\/fr\/wp-json\/wp\/v2\/product\/61155\/revisions"}],"wp:featuredmedia":[{"embeddable":true,"href":"https:\/\/nexgendecors.com\/fr\/wp-json\/wp\/v2\/media\/120309"}],"wp:attachment":[{"href":"https:\/\/nexgendecors.com\/fr\/wp-json\/wp\/v2\/media?parent=61155"}],"wp:term":[{"taxonomy":"product_brand","embeddable":true,"href":"https:\/\/nexgendecors.com\/fr\/wp-json\/wp\/v2\/product_brand?post=61155"},{"taxonomy":"product_cat","embeddable":true,"href":"https:\/\/nexgendecors.com\/fr\/wp-json\/wp\/v2\/product_cat?post=61155"},{"taxonomy":"product_tag","embeddable":true,"href":"https:\/\/nexgendecors.com\/fr\/wp-json\/wp\/v2\/product_tag?post=61155"}],"curies":[{"name":"wp","href":"https:\/\/api.w.org\/{rel}","templated":true}]}}