{"id":61232,"date":"2025-01-26T02:56:46","date_gmt":"2025-01-26T02:56:46","guid":{"rendered":"https:\/\/nexgendecors.com\/product\/hulala-home-modern-velvet-storage-ottoman-bench-with-gold-base-nailhead-trim-upholstered-bedroom-bench-for-end-of-bed-button-tufted-footstool-for-entryway-living-room-dining-room-mustard17121594328"},"modified":"2025-04-06T08:47:25","modified_gmt":"2025-04-06T08:47:25","slug":"hulala-home-modern-velvet-storage-ottoman-bench-with-gold-base-nailhead-trim-upholstered-bedroom-bench-for-end-of-bed-button-tufted-footstool-for-entryway-living-room-dining-room-mustard1712159432805","status":"publish","type":"product","link":"https:\/\/nexgendecors.com\/fr\/product\/hulala-home-modern-velvet-storage-ottoman-bench-with-gold-base-nailhead-trim-upholstered-bedroom-bench-for-end-of-bed-button-tufted-footstool-for-entryway-living-room-dining-room-mustard1712159432805\/","title":{"rendered":"Banc ottoman de rangement en velours moutarde HULALA HOME"},"content":{"rendered":"<p>Introducing our versatile ottoman bench, complete with a concealed storage space to efficiently organize your room and declutter your space. Whether placed at the foot of your bed or utilized as a shoe bench, footstool, storage chest, entryway bench, makeup stool, and more, this piece serves multiple purposes, optimizing space in your home.<br data-mce-fragment=\"1\"><br data-mce-fragment=\"1\">Crafted with velvet 100% polyester fabric, our upholstered bedroom bench offers a gentle and skin-friendly touch. The high-density foam seat cushion ensures an ultra-comfortable sitting experience that maintains its shape over time, promising lasting comfort.<br data-mce-fragment=\"1\"><br data-mce-fragment=\"1\">Featuring deep button tufting and meticulous stitching, our storage bench exudes an exquisite and luxurious appearance, enhancing the modern design of any room. The ottoman&#8217;s riveted bottom design adds texture and luxury without sacrificing comfort. Choose from a variety of colors to suit your style preferences.<br data-mce-fragment=\"1\"><br data-mce-fragment=\"1\">Constructed with a solid wood frame, our ottoman with storage offers robust support and durability. Sturdy gold metal legs with feet pads prevent sliding and scratching on hardwood floors, ensuring stability for long-term use with a weight capacity of up to 250lbs.<br data-mce-fragment=\"1\"><br data-mce-fragment=\"1\">Measuring 45.5&#8243;W x 15.5&#8243;D x 18.5&#8243;H, this ottoman is easy to assemble with all instructions, hardware, and tools included in the package. If you have any questions, our dedicated customer service team is here to assist you every step of the way. \ud83c\udf1f<\/p>\n<div><\/div>","protected":false},"excerpt":{"rendered":"<p>Pr\u00e9sentation de notre banc ottoman polyvalent, dot\u00e9 d&#039;un espace de rangement dissimul\u00e9 pour organiser efficacement votre pi\u00e8ce et d\u00e9sencombrer votre espace.<\/p>","protected":false},"featured_media":120400,"comment_status":"open","ping_status":"closed","template":"","meta":[],"product_brand":[],"product_cat":[30858,30895,30971],"product_tag":[],"class_list":{"0":"post-61232","1":"product","2":"type-product","3":"status-publish","4":"has-post-thumbnail","6":"product_cat-wholesale-bedroom","7":"product_cat-bs-bedroom","8":"product_cat-hp","10":"first","11":"instock","12":"taxable","13":"shipping-taxable","14":"purchasable","15":"product-type-variable"},"_links":{"self":[{"href":"https:\/\/nexgendecors.com\/fr\/wp-json\/wp\/v2\/product\/61232","targetHints":{"allow":["GET"]}}],"collection":[{"href":"https:\/\/nexgendecors.com\/fr\/wp-json\/wp\/v2\/product"}],"about":[{"href":"https:\/\/nexgendecors.com\/fr\/wp-json\/wp\/v2\/types\/product"}],"replies":[{"embeddable":true,"href":"https:\/\/nexgendecors.com\/fr\/wp-json\/wp\/v2\/comments?post=61232"}],"version-history":[{"count":0,"href":"https:\/\/nexgendecors.com\/fr\/wp-json\/wp\/v2\/product\/61232\/revisions"}],"wp:featuredmedia":[{"embeddable":true,"href":"https:\/\/nexgendecors.com\/fr\/wp-json\/wp\/v2\/media\/120400"}],"wp:attachment":[{"href":"https:\/\/nexgendecors.com\/fr\/wp-json\/wp\/v2\/media?parent=61232"}],"wp:term":[{"taxonomy":"product_brand","embeddable":true,"href":"https:\/\/nexgendecors.com\/fr\/wp-json\/wp\/v2\/product_brand?post=61232"},{"taxonomy":"product_cat","embeddable":true,"href":"https:\/\/nexgendecors.com\/fr\/wp-json\/wp\/v2\/product_cat?post=61232"},{"taxonomy":"product_tag","embeddable":true,"href":"https:\/\/nexgendecors.com\/fr\/wp-json\/wp\/v2\/product_tag?post=61232"}],"curies":[{"name":"wp","href":"https:\/\/api.w.org\/{rel}","templated":true}]}}