{"id":61270,"date":"2025-01-26T02:56:50","date_gmt":"2025-01-26T02:56:50","guid":{"rendered":"https:\/\/nexgendecors.com\/product\/hulala-home-sideboard-buffet-cabinet-kitchen-storage-cabinet-with-adjustable-shelves-rattan-decorated-doors-accent-liquor-cabinet-cupboard-console-table-for-living-room-dining-room-hallway-cherry17"},"modified":"2025-04-06T08:47:48","modified_gmt":"2025-04-06T08:47:48","slug":"hulala-home-sideboard-buffet-cabinet-kitchen-storage-cabinet-with-adjustable-shelves-rattan-decorated-doors-accent-liquor-cabinet-cupboard-console-table-for-living-room-dining-room-hallway-cherry17118","status":"publish","type":"product","link":"https:\/\/nexgendecors.com\/fr\/product\/hulala-home-sideboard-buffet-cabinet-kitchen-storage-cabinet-with-adjustable-shelves-rattan-decorated-doors-accent-liquor-cabinet-cupboard-console-table-for-living-room-dining-room-hallway-cherry17118\/","title":{"rendered":"HULALA HOME Buffet Buffet en rotin d\u00e9cor\u00e9"},"content":{"rendered":"<div class=\"flex-1 overflow-hidden\" data-mce-fragment=\"1\">\n<div class=\"react-scroll-to-bottom--css-pxrtx-79elbk h-full\" data-mce-fragment=\"1\">\n<div class=\"react-scroll-to-bottom--css-pxrtx-1n7m0yu\" data-mce-fragment=\"1\">\n<div data-mce-fragment=\"1\">\n<div class=\"flex flex-col text-sm pb-9\" data-mce-fragment=\"1\">\n<div data-testid=\"conversation-turn-63\" dir=\"auto\" class=\"w-full text-token-text-primary\" data-mce-fragment=\"1\">\n<div class=\"px-4 py-2 justify-center text-base md:gap-6 m-auto\" data-mce-fragment=\"1\">\n<div class=\"flex flex-1 text-base mx-auto gap-3 juice:gap-4 juice:md:gap-6 md:px-5 lg:px-1 xl:px-5 md:max-w-3xl lg:max-w-[40rem] xl:max-w-[48rem]\" data-mce-fragment=\"1\">\n<div class=\"relative flex w-full flex-col agent-turn\" data-mce-fragment=\"1\">\n<div class=\"flex-col gap-1 md:gap-3\" data-mce-fragment=\"1\">\n<div class=\"flex flex-grow flex-col max-w-full\" data-mce-fragment=\"1\">\n<div class=\"min-h-[20px] text-message flex flex-col items-start gap-3 whitespace-pre-wrap break-words [.text-message+&#038;]:mt-5 overflow-x-auto\" dir=\"auto\" data-message-id=\"32e15fa8-d533-429f-abf1-d704cd9d5b74\" data-message-author-role=\"assistant\" data-mce-fragment=\"1\">\n<div class=\"markdown prose w-full break-words dark:prose-invert light\" data-mce-fragment=\"1\">\n<p data-mce-fragment=\"1\"><strong data-mce-fragment=\"1\">Rattan-Decorated Storage Cabinet<\/strong><\/p>\n<p data-mce-fragment=\"1\">\ud83c\udf3f <strong data-mce-fragment=\"1\">Caract\u00e9ristiques principales<\/strong>:<\/p>\n<ul data-mce-fragment=\"1\">\n<li data-mce-fragment=\"1\">\n<p data-mce-fragment=\"1\"><strong data-mce-fragment=\"1\">Classic &#038; Modern Blend<\/strong>: The cabinet boasts rattan-decorated doors crafted with natural rattan and handmade weaving technology. This combination of classic craftsmanship and modern design ensures a beautiful aesthetic that complements any home decor \ud83c\udfe1<\/p>\n<\/li>\n<li data-mce-fragment=\"1\">\n<p data-mce-fragment=\"1\"><strong data-mce-fragment=\"1\">Ample Storage Space<\/strong>: With dimensions of 28.7&#8243;Wx13.5&#8243;Dx30&#8243;H and a storage size of 12.0&#8221;H x26.8&#8221;W x11.80&#8221;D, it offers generous space to organize your essentials. The sturdy top can hold up to 110lbs, while each shelf supports up to 25lbs, ensuring both functionality and durability \ud83d\udce6<\/p>\n<\/li>\n<li data-mce-fragment=\"1\">\n<p data-mce-fragment=\"1\"><strong data-mce-fragment=\"1\">Utilisation polyvalente<\/strong>: Featuring two large storage cabinets behind the rattan doors, it&#8217;s perfect for displaying decorations, storing necessities, or organizing items. The cabinet&#8217;s classic solid color combined with the natural wood doors adds a touch of elegance to any space \ud83c\udf42<\/p>\n<\/li>\n<li data-mce-fragment=\"1\">\n<p data-mce-fragment=\"1\"><strong data-mce-fragment=\"1\">Stable &#038; Durable<\/strong>: Constructed with a blend of solid and manufactured wood, this sideboard buffet cabinet is built to last. Solid wood legs provide stability, while easy metal pull handles ensure smooth opening and closing of doors \ud83e\ude9c<\/p>\n<\/li>\n<li data-mce-fragment=\"1\">\n<p data-mce-fragment=\"1\"><strong data-mce-fragment=\"1\">Assemblage facile<\/strong>: Comes with all necessary tools, numbered parts, and detailed instructions for hassle-free assembly. Plus, our 24\/7 customer service team is always ready to assist you with any queries or concerns \ud83d\udee0\ufe0f<\/p>\n<\/li>\n<\/ul>\n<p data-mce-fragment=\"1\">Experience the perfect blend of style and functionality with this rattan-decorated storage cabinet. Its classic yet modern design, coupled with ample storage space, makes it an ideal addition to any home! \ud83c\udf1f\ud83c\udfe1<\/p>\n<\/div>\n<\/div>\n<\/div>\n<\/div>\n<\/div>\n<\/div>\n<\/div>\n<\/div>\n<\/div>\n<\/div>\n<\/div>\n<\/div>\n<\/div>\n<div><\/div>","protected":false},"excerpt":{"rendered":"<p>Armoire de rangement d\u00e9cor\u00e9e en rotin \ud83c\udf3f Caract\u00e9ristiques principales : M\u00e9lange classique et moderne : L'armoire est dot\u00e9e de portes d\u00e9cor\u00e9es de rotin, fabriqu\u00e9es \u00e0 partir de rotin naturel et de fibres de verre.<\/p>","protected":false},"featured_media":120454,"comment_status":"open","ping_status":"closed","template":"","meta":[],"product_brand":[],"product_cat":[30821,30971,30846,32],"product_tag":[],"class_list":{"0":"post-61270","1":"product","2":"type-product","3":"status-publish","4":"has-post-thumbnail","6":"product_cat-console-table","7":"product_cat-hp","8":"product_cat-living-room","9":"product_cat-residential-furniture","11":"first","12":"instock","13":"taxable","14":"shipping-taxable","15":"purchasable","16":"product-type-variable"},"_links":{"self":[{"href":"https:\/\/nexgendecors.com\/fr\/wp-json\/wp\/v2\/product\/61270","targetHints":{"allow":["GET"]}}],"collection":[{"href":"https:\/\/nexgendecors.com\/fr\/wp-json\/wp\/v2\/product"}],"about":[{"href":"https:\/\/nexgendecors.com\/fr\/wp-json\/wp\/v2\/types\/product"}],"replies":[{"embeddable":true,"href":"https:\/\/nexgendecors.com\/fr\/wp-json\/wp\/v2\/comments?post=61270"}],"version-history":[{"count":0,"href":"https:\/\/nexgendecors.com\/fr\/wp-json\/wp\/v2\/product\/61270\/revisions"}],"wp:featuredmedia":[{"embeddable":true,"href":"https:\/\/nexgendecors.com\/fr\/wp-json\/wp\/v2\/media\/120454"}],"wp:attachment":[{"href":"https:\/\/nexgendecors.com\/fr\/wp-json\/wp\/v2\/media?parent=61270"}],"wp:term":[{"taxonomy":"product_brand","embeddable":true,"href":"https:\/\/nexgendecors.com\/fr\/wp-json\/wp\/v2\/product_brand?post=61270"},{"taxonomy":"product_cat","embeddable":true,"href":"https:\/\/nexgendecors.com\/fr\/wp-json\/wp\/v2\/product_cat?post=61270"},{"taxonomy":"product_tag","embeddable":true,"href":"https:\/\/nexgendecors.com\/fr\/wp-json\/wp\/v2\/product_tag?post=61270"}],"curies":[{"name":"wp","href":"https:\/\/api.w.org\/{rel}","templated":true}]}}