{"id":61307,"date":"2025-01-26T02:56:53","date_gmt":"2025-01-26T02:56:53","guid":{"rendered":"https:\/\/nexgendecors.com\/product\/hulala-home-swivel-accent-barrel-chair-modern-velvet-accent-chair-with-3d-curved-open-back-swivel-gold-metal-base-velvet-club-lounge-chair-for-living-room-bedroom-nursery-mustard1711879084128\/"},"modified":"2025-04-06T08:48:05","modified_gmt":"2025-04-06T08:48:05","slug":"hulala-home-swivel-accent-barrel-chair-modern-velvet-accent-chair-with-3d-curved-open-back-swivel-gold-metal-base-velvet-club-lounge-chair-for-living-room-bedroom-nursery-mustard1711879084128","status":"publish","type":"product","link":"https:\/\/nexgendecors.com\/fr\/product\/hulala-home-swivel-accent-barrel-chair-modern-velvet-accent-chair-with-3d-curved-open-back-swivel-gold-metal-base-velvet-club-lounge-chair-for-living-room-bedroom-nursery-mustard1711879084128\/","title":{"rendered":"HULALA HOME Chaise d'appoint moderne en velours - Moutarde"},"content":{"rendered":"<p data-mce-fragment=\"1\">\ud83e\ude91 <strong data-mce-fragment=\"1\">Contemporary &#038; Classic Style<\/strong>:<\/p>\n<ul data-mce-fragment=\"1\">\n<li data-mce-fragment=\"1\">Elegant 3D barrel swivel chair with a unique curved open back \ud83c\udf1f<\/li>\n<li data-mce-fragment=\"1\">Gold metal swivel base adds a touch of sophistication \ud83c\udf1f<\/li>\n<li data-mce-fragment=\"1\">Complements any living space with inviting decor \ud83d\udecb\ufe0f<\/li>\n<\/ul>\n<p data-mce-fragment=\"1\">\ud83d\udcaa <strong data-mce-fragment=\"1\">Strong and Durable<\/strong>:<\/p>\n<ul data-mce-fragment=\"1\">\n<li data-mce-fragment=\"1\">Wooden frame with stable metal base \ud83e\udeb5\ud83e\uddb5<\/li>\n<li data-mce-fragment=\"1\">High-strength spring support for long-lasting use \ud83d\udd04<\/li>\n<\/ul>\n<p data-mce-fragment=\"1\">\ud83c\udf1f <strong data-mce-fragment=\"1\">Soft Velvet Accent Chair<\/strong>:<\/p>\n<ul data-mce-fragment=\"1\">\n<li data-mce-fragment=\"1\">Upscale tufted upholstered velvet for comfort and luxury \ud83d\udecb\ufe0f<\/li>\n<li data-mce-fragment=\"1\">Resistant to wrinkles and fading \ud83c\udf1f<\/li>\n<li data-mce-fragment=\"1\">Easy to clean spills with a damp cloth \ud83e\uddfc<\/li>\n<\/ul>\n<p data-mce-fragment=\"1\">\ud83d\udd04 <strong data-mce-fragment=\"1\">360 Degree Swiveling Base<\/strong>:<\/p>\n<ul data-mce-fragment=\"1\">\n<li data-mce-fragment=\"1\">Effortless 360-degree swivel with gold round base \ud83d\udd04<\/li>\n<li data-mce-fragment=\"1\">Weight Capacity: 250lb, Seat Size: 21.5&#8243;W x 25&#8243;D x 16&#8243;H \ud83c\udfcb\ufe0f<\/li>\n<\/ul>\n<p data-mce-fragment=\"1\">\ud83d\udee0\ufe0f <strong data-mce-fragment=\"1\">No Assembly Required<\/strong>:<\/p>\n<ul data-mce-fragment=\"1\">\n<li data-mce-fragment=\"1\">Ready to use swivel accent chair saves time and energy \u23f0<\/li>\n<li data-mce-fragment=\"1\">Service client \u00e0 r\u00e9ponse rapide dans les 24 heures pour toute question \ud83d\udc8c<\/li>\n<\/ul>\n<div><\/div>","protected":false},"excerpt":{"rendered":"<p>\ud83e\ude91 Style contemporain et classique : Chaise pivotante \u00e9l\u00e9gante en forme de tonneau 3D avec un dossier ouvert incurv\u00e9 unique \ud83c\udf1f Pivot en m\u00e9tal dor\u00e9<\/p>","protected":false},"featured_media":120489,"comment_status":"open","ping_status":"closed","template":"","meta":[],"product_brand":[],"product_cat":[30811,30902,30971,30846,32],"product_tag":[],"class_list":{"0":"post-61307","1":"product","2":"type-product","3":"status-publish","4":"has-post-thumbnail","6":"product_cat-armchairs","7":"product_cat-bs-chairs","8":"product_cat-hp","9":"product_cat-living-room","10":"product_cat-residential-furniture","12":"first","13":"instock","14":"sale","15":"taxable","16":"shipping-taxable","17":"purchasable","18":"product-type-variable"},"_links":{"self":[{"href":"https:\/\/nexgendecors.com\/fr\/wp-json\/wp\/v2\/product\/61307","targetHints":{"allow":["GET"]}}],"collection":[{"href":"https:\/\/nexgendecors.com\/fr\/wp-json\/wp\/v2\/product"}],"about":[{"href":"https:\/\/nexgendecors.com\/fr\/wp-json\/wp\/v2\/types\/product"}],"replies":[{"embeddable":true,"href":"https:\/\/nexgendecors.com\/fr\/wp-json\/wp\/v2\/comments?post=61307"}],"version-history":[{"count":0,"href":"https:\/\/nexgendecors.com\/fr\/wp-json\/wp\/v2\/product\/61307\/revisions"}],"wp:featuredmedia":[{"embeddable":true,"href":"https:\/\/nexgendecors.com\/fr\/wp-json\/wp\/v2\/media\/120489"}],"wp:attachment":[{"href":"https:\/\/nexgendecors.com\/fr\/wp-json\/wp\/v2\/media?parent=61307"}],"wp:term":[{"taxonomy":"product_brand","embeddable":true,"href":"https:\/\/nexgendecors.com\/fr\/wp-json\/wp\/v2\/product_brand?post=61307"},{"taxonomy":"product_cat","embeddable":true,"href":"https:\/\/nexgendecors.com\/fr\/wp-json\/wp\/v2\/product_cat?post=61307"},{"taxonomy":"product_tag","embeddable":true,"href":"https:\/\/nexgendecors.com\/fr\/wp-json\/wp\/v2\/product_tag?post=61307"}],"curies":[{"name":"wp","href":"https:\/\/api.w.org\/{rel}","templated":true}]}}