{"id":61464,"date":"2025-01-26T02:57:16","date_gmt":"2025-01-26T02:57:16","guid":{"rendered":"https:\/\/nexgendecors.com\/product\/humble-crew-natural-honey-grain-solid-wood-table-set-2-chairs-big-kid1711876968451\/"},"modified":"2025-04-06T08:49:41","modified_gmt":"2025-04-06T08:49:41","slug":"ensemble-de-table-et-2-chaises-en-bois-massif-grain-miel-naturel-humble-crew-pour-grands-enfants-1711876968451","status":"publish","type":"product","link":"https:\/\/nexgendecors.com\/fr\/product\/ensemble-de-table-et-2-chaises-en-bois-massif-grain-miel-naturel-humble-crew-pour-grands-enfants-1711876968451\/","title":{"rendered":"Ensemble de table pour enfants Humble Crew en grains de miel naturels"},"content":{"rendered":"<div class=\"flex-1 overflow-hidden\" data-mce-fragment=\"1\">\n<div class=\"react-scroll-to-bottom--css-getwv-79elbk h-full\" data-mce-fragment=\"1\">\n<div class=\"react-scroll-to-bottom--css-getwv-1n7m0yu\" data-mce-fragment=\"1\">\n<div data-mce-fragment=\"1\">\n<div class=\"flex flex-col text-sm pb-9\" data-mce-fragment=\"1\">\n<div class=\"w-full text-token-text-primary\" dir=\"auto\" data-testid=\"conversation-turn-47\" data-mce-fragment=\"1\">\n<div class=\"px-4 py-2 justify-center text-base md:gap-6 m-auto\" data-mce-fragment=\"1\">\n<div class=\"flex flex-1 text-base mx-auto gap-3 juice:gap-4 juice:md:gap-6 md:px-5 lg:px-1 xl:px-5 md:max-w-3xl lg:max-w-[40rem] xl:max-w-[48rem]\" data-mce-fragment=\"1\">\n<div class=\"relative flex w-full min-w-0 flex-col agent-turn\" data-mce-fragment=\"1\">\n<div class=\"flex-col gap-1 md:gap-3\" data-mce-fragment=\"1\">\n<div class=\"flex flex-grow flex-col max-w-full\" data-mce-fragment=\"1\">\n<div data-message-author-role=\"assistant\" data-message-id=\"ff3812ac-103e-4a44-be9a-dcdfeedbff20\" dir=\"auto\" class=\"min-h-[20px] text-message flex flex-col items-start gap-3 whitespace-pre-wrap break-words [.text-message+&#038;]:mt-5 overflow-x-auto\" data-mce-fragment=\"1\">\n<div class=\"markdown prose w-full break-words dark:prose-invert light\" data-mce-fragment=\"1\">\n<p data-mce-fragment=\"1\"><strong data-mce-fragment=\"1\">Ensemble table et 2 chaises en bois v\u00e9ritable pour enfants Humble Crew 3 pi\u00e8ces : un m\u00e9lange parfait de fonctionnalit\u00e9 et de style !<\/strong> \ud83c\udf33\ud83e\ude91<\/p>\n<ul data-mce-fragment=\"1\">\n<li data-mce-fragment=\"1\">\n<p data-mce-fragment=\"1\"><strong data-mce-fragment=\"1\">Espace d&#039;apprentissage et de jeu polyvalent<\/strong>: Qu&#039;il s&#039;agisse d&#039;\u00e9tudes, de loisirs cr\u00e9atifs ou de jeux, cet ensemble offre un espace d\u00e9di\u00e9 \u00e0 toutes les activit\u00e9s. Id\u00e9al pour l&#039;\u00e9cole \u00e0 la maison, il offre aux jeunes apprenants un environnement propice \u00e0 la concentration. \ud83d\udcda\ud83c\udfa8<\/p>\n<\/li>\n<li data-mce-fragment=\"1\">\n<p data-mce-fragment=\"1\"><strong data-mce-fragment=\"1\">Ind\u00e9pendance et croissance<\/strong>Con\u00e7ues pour les tout-petits et les enfants d&#039;\u00e2ge pr\u00e9scolaire, la table et les chaises \u00e0 taille enfant favorisent l&#039;autonomie et la responsabilisation. C&#039;est leur espace personnel pour diverses activit\u00e9s, du dessin \u00e0 l&#039;organisation de go\u00fbters ! \ud83c\udf89\ud83c\udfa8<\/p>\n<\/li>\n<li data-mce-fragment=\"1\">\n<p data-mce-fragment=\"1\"><strong data-mce-fragment=\"1\">Finition contemporaine en grain de bois miel<\/strong>:La finition \u00e9l\u00e9gante et polyvalente compl\u00e8te n&#039;importe quel d\u00e9cor de maison, se fondant sans effort avec les meubles existants dans la chambre, la salle de jeux ou le salon de votre enfant. \ud83c\udfe1\ud83c\udf1f<\/p>\n<\/li>\n<li data-mce-fragment=\"1\">\n<p data-mce-fragment=\"1\"><strong data-mce-fragment=\"1\">Construction en bois v\u00e9ritable robuste et durable<\/strong>Fabriqu\u00e9 en bois v\u00e9ritable et dot\u00e9 de pieds en bois massif, cet ensemble assure stabilit\u00e9 et durabilit\u00e9. Chaque chaise peut supporter jusqu&#039;\u00e0 22,7 kg, ce qui la rend s\u00e9curitaire pour vos enfants.<\/p>\n<\/li>\n<li data-mce-fragment=\"1\">\n<p data-mce-fragment=\"1\"><strong data-mce-fragment=\"1\">Assemblage facile<\/strong>:Avec tout le mat\u00e9riel inclus, l&#039;assemblage de cet ensemble est un jeu d&#039;enfant\u00a0! Con\u00e7u pour une installation facile, il vous permet de profiter plus rapidement de moments de qualit\u00e9 avec vos enfants. \ud83d\udd27<\/p>\n<\/li>\n<li data-mce-fragment=\"1\">\n<p data-mce-fragment=\"1\"><strong data-mce-fragment=\"1\">Dimensions parfaites<\/strong>:<\/p>\n<ul data-mce-fragment=\"1\">\n<li data-mce-fragment=\"1\">\n<strong data-mce-fragment=\"1\">Tableau<\/strong>: 24\u2033L x 24\u2033P x 19\u2033H<\/li>\n<li data-mce-fragment=\"1\">\n<strong data-mce-fragment=\"1\">Chaises<\/strong>: 10\u2033L x 10\u2033P x 20\u2033H, Hauteur du si\u00e8ge : 10\u2033<\/li>\n<li data-mce-fragment=\"1\">\n<strong data-mce-fragment=\"1\">Poids de l&#039;article<\/strong>: 20 livres<\/li>\n<\/ul>\n<\/li>\n<\/ul>\n<p data-mce-fragment=\"1\">Offrez \u00e0 votre enfant un espace qui \u00e9volue avec lui, alliant fonctionnalit\u00e9, style et confort. L&#039;ensemble table et 2 chaises en bois v\u00e9ritable pour enfants Humble Crew est con\u00e7u pour r\u00e9pondre aux besoins vari\u00e9s de votre enfant, rendant chaque moment d&#039;apprentissage et de jeu stimulant et m\u00e9morable\u00a0! \ud83c\udf1f\ud83d\udcda\ud83c\udfa8<\/p>\n<\/div>\n<\/div>\n<\/div>\n<\/div>\n<\/div>\n<\/div>\n<\/div>\n<\/div>\n<\/div>\n<\/div>\n<\/div>\n<\/div>\n<\/div>\n<div><\/div>","protected":false},"excerpt":{"rendered":"<p>Ensemble table et 2 chaises en bois v\u00e9ritable pour enfants Humble Crew, 3 pi\u00e8ces\u00a0: un m\u00e9lange parfait de fonctionnalit\u00e9 et de style\u00a0! \ud83c\udf33\ud83e\ude91 Polyvalent<\/p>","protected":false},"featured_media":120807,"comment_status":"open","ping_status":"closed","template":"","meta":[],"product_brand":[],"product_cat":[30971,30836,30839,30849],"product_tag":[],"class_list":{"0":"post-61464","1":"product","2":"type-product","3":"status-publish","4":"has-post-thumbnail","6":"product_cat-hp","7":"product_cat-kids-chairs","8":"product_cat-kids-tables","9":"product_cat-kindergarten-school-furniture","11":"first","12":"instock","13":"taxable","14":"shipping-taxable","15":"purchasable","16":"product-type-variable"},"_links":{"self":[{"href":"https:\/\/nexgendecors.com\/fr\/wp-json\/wp\/v2\/product\/61464","targetHints":{"allow":["GET"]}}],"collection":[{"href":"https:\/\/nexgendecors.com\/fr\/wp-json\/wp\/v2\/product"}],"about":[{"href":"https:\/\/nexgendecors.com\/fr\/wp-json\/wp\/v2\/types\/product"}],"replies":[{"embeddable":true,"href":"https:\/\/nexgendecors.com\/fr\/wp-json\/wp\/v2\/comments?post=61464"}],"version-history":[{"count":0,"href":"https:\/\/nexgendecors.com\/fr\/wp-json\/wp\/v2\/product\/61464\/revisions"}],"wp:featuredmedia":[{"embeddable":true,"href":"https:\/\/nexgendecors.com\/fr\/wp-json\/wp\/v2\/media\/120807"}],"wp:attachment":[{"href":"https:\/\/nexgendecors.com\/fr\/wp-json\/wp\/v2\/media?parent=61464"}],"wp:term":[{"taxonomy":"product_brand","embeddable":true,"href":"https:\/\/nexgendecors.com\/fr\/wp-json\/wp\/v2\/product_brand?post=61464"},{"taxonomy":"product_cat","embeddable":true,"href":"https:\/\/nexgendecors.com\/fr\/wp-json\/wp\/v2\/product_cat?post=61464"},{"taxonomy":"product_tag","embeddable":true,"href":"https:\/\/nexgendecors.com\/fr\/wp-json\/wp\/v2\/product_tag?post=61464"}],"curies":[{"name":"wp","href":"https:\/\/api.w.org\/{rel}","templated":true}]}}