{"id":61471,"date":"2025-01-26T02:57:17","date_gmt":"2025-01-26T02:57:17","guid":{"rendered":"https:\/\/nexgendecors.com\/product\/humble-crew-white-blue-pink-kids-2-in-1-plastic-building-blocks-compatible-activity-table-and-2-chairs-set-light-colors1711880135763\/"},"modified":"2025-04-06T08:49:47","modified_gmt":"2025-04-06T08:49:47","slug":"humble-crew-white-blue-pink-kids-2-in-1-plastic-building-blocks-compatible-activity-table-and-2-chairs-set-light-colors1711880135763","status":"publish","type":"product","link":"https:\/\/nexgendecors.com\/fr\/product\/humble-crew-white-blue-pink-kids-2-in-1-plastic-building-blocks-compatible-activity-table-and-2-chairs-set-light-colors1711880135763\/","title":{"rendered":"Ensemble table et chaises d&#039;activit\u00e9s 2 en 1 pour enfants Humble Crew"},"content":{"rendered":"<p data-mce-fragment=\"1\">\ud83c\udfa8 <strong data-mce-fragment=\"1\">Inspire Creativity with Humble Crew Kids 2-in-1 Round Activity Table and Chair Set!<\/strong><\/p>\n<p data-mce-fragment=\"1\">\ud83c\udf1f <strong data-mce-fragment=\"1\">Versatile Design:<\/strong><\/p>\n<ul data-mce-fragment=\"1\">\n<li data-mce-fragment=\"1\">Transform from a flat tabletop to a construction surface in seconds!<\/li>\n<li data-mce-fragment=\"1\">Ideal for snack time, coloring, arts and crafts, board games, and more.<\/li>\n<li data-mce-fragment=\"1\">Compatible with most plastic building blocks for endless construction fun.<\/li>\n<\/ul>\n<p data-mce-fragment=\"1\">\ud83d\udc67\ud83e\uddd2 <strong data-mce-fragment=\"1\">Encourage Imagination:<\/strong><\/p>\n<ul data-mce-fragment=\"1\">\n<li data-mce-fragment=\"1\">Let your little one&#8217;s imagination run wild with endless play possibilities.<\/li>\n<li data-mce-fragment=\"1\">Convenient center storage area for quick and easy cleanup.<\/li>\n<\/ul>\n<p data-mce-fragment=\"1\">\ud83d\udcaa <strong data-mce-fragment=\"1\">Durable and Safe:<\/strong><\/p>\n<ul data-mce-fragment=\"1\">\n<li data-mce-fragment=\"1\">Sturdy yet lightweight plastic construction.<\/li>\n<li data-mce-fragment=\"1\">Rounded safety edges for worry-free play.<\/li>\n<li data-mce-fragment=\"1\">Fun and bright color palette adds vibrancy to any space.<\/li>\n<\/ul>\n<p data-mce-fragment=\"1\">\ud83c\udf88 <strong data-mce-fragment=\"1\">Perfectly Sized:<\/strong><\/p>\n<ul data-mce-fragment=\"1\">\n<li data-mce-fragment=\"1\">23\u201d diameter x 17&#8243;H round table, ideal for children ages 3 and up.<\/li>\n<li data-mce-fragment=\"1\">Set includes 2 chairs with chair seat height of 10&#8243;.<\/li>\n<\/ul>\n<p data-mce-fragment=\"1\">\ud83d\udee0\ufe0f <strong data-mce-fragment=\"1\">Montage facile :<\/strong><\/p>\n<ul data-mce-fragment=\"1\">\n<li data-mce-fragment=\"1\">Snap-together components for hassle-free setup; no hardware required!<\/li>\n<\/ul>\n<p data-mce-fragment=\"1\">\ud83d\udccf <strong data-mce-fragment=\"1\">Product Sizing:<\/strong><\/p>\n<ul data-mce-fragment=\"1\">\n<li data-mce-fragment=\"1\">Assembled table dimensions: 23&#8243;W x 23&#8243;D x 17&#8243;H.<\/li>\n<li data-mce-fragment=\"1\">Assembled chair dimensions: 12&#8243;W x 11&#8243;D x 18&#8243;H.<\/li>\n<\/ul>\n<div><\/div>","protected":false},"excerpt":{"rendered":"<p>\ud83c\udfa8 Inspirez la cr\u00e9ativit\u00e9 avec l&#039;ensemble table d&#039;activit\u00e9s ronde et chaises 2 en 1 Humble Crew Kids ! \ud83c\udf1f Conception polyvalente : Transformez-vous d&#039;un<\/p>","protected":false},"featured_media":120834,"comment_status":"open","ping_status":"closed","template":"","meta":[],"product_brand":[],"product_cat":[30971,30836,30839,30849],"product_tag":[],"class_list":{"0":"post-61471","1":"product","2":"type-product","3":"status-publish","4":"has-post-thumbnail","6":"product_cat-hp","7":"product_cat-kids-chairs","8":"product_cat-kids-tables","9":"product_cat-kindergarten-school-furniture","11":"first","12":"instock","13":"taxable","14":"shipping-taxable","15":"purchasable","16":"product-type-variable"},"_links":{"self":[{"href":"https:\/\/nexgendecors.com\/fr\/wp-json\/wp\/v2\/product\/61471","targetHints":{"allow":["GET"]}}],"collection":[{"href":"https:\/\/nexgendecors.com\/fr\/wp-json\/wp\/v2\/product"}],"about":[{"href":"https:\/\/nexgendecors.com\/fr\/wp-json\/wp\/v2\/types\/product"}],"replies":[{"embeddable":true,"href":"https:\/\/nexgendecors.com\/fr\/wp-json\/wp\/v2\/comments?post=61471"}],"version-history":[{"count":0,"href":"https:\/\/nexgendecors.com\/fr\/wp-json\/wp\/v2\/product\/61471\/revisions"}],"wp:featuredmedia":[{"embeddable":true,"href":"https:\/\/nexgendecors.com\/fr\/wp-json\/wp\/v2\/media\/120834"}],"wp:attachment":[{"href":"https:\/\/nexgendecors.com\/fr\/wp-json\/wp\/v2\/media?parent=61471"}],"wp:term":[{"taxonomy":"product_brand","embeddable":true,"href":"https:\/\/nexgendecors.com\/fr\/wp-json\/wp\/v2\/product_brand?post=61471"},{"taxonomy":"product_cat","embeddable":true,"href":"https:\/\/nexgendecors.com\/fr\/wp-json\/wp\/v2\/product_cat?post=61471"},{"taxonomy":"product_tag","embeddable":true,"href":"https:\/\/nexgendecors.com\/fr\/wp-json\/wp\/v2\/product_tag?post=61471"}],"curies":[{"name":"wp","href":"https:\/\/api.w.org\/{rel}","templated":true}]}}