{"id":61480,"date":"2025-01-26T02:57:19","date_gmt":"2025-01-26T02:57:19","guid":{"rendered":"https:\/\/nexgendecors.com\/product\/humble-crew-white-pink-12-bin-toy-storage-organizer1711876968614\/"},"modified":"2025-04-06T08:49:55","modified_gmt":"2025-04-06T08:49:55","slug":"humble-crew-organiseur-de-rangement-pour-jouets-blanc-et-rose-a-12-compartiments-1711876968614","status":"publish","type":"product","link":"https:\/\/nexgendecors.com\/fr\/product\/humble-crew-organiseur-de-rangement-pour-jouets-blanc-et-rose-a-12-compartiments-1711876968614\/","title":{"rendered":"Organiseur de jouets Humble Crew \u00e0 12 compartiments \u2013 Style blanc\/rose"},"content":{"rendered":"<p data-mce-fragment=\"1\"><strong data-mce-fragment=\"1\">Organisez et jouez en toute simplicit\u00e9 !<\/strong> \ud83c\udfa8\ud83e\uddf8<\/p>\n<ul data-mce-fragment=\"1\">\n<li data-mce-fragment=\"1\">\n<p data-mce-fragment=\"1\"><strong data-mce-fragment=\"1\">Acc\u00e8s facile aux jouets<\/strong>: Facilitez le jeu ! Notre organiseur de rangement pour jouets Humble Crew comprend 12 bacs en plastique sans BPA ni phtalates pour un rangement et un rangement rapides des jouets. \ud83d\ude80<\/p>\n<\/li>\n<li data-mce-fragment=\"1\">\n<p data-mce-fragment=\"1\"><strong data-mce-fragment=\"1\">Conception peu encombrante<\/strong>:Avec ses 8 bacs standards et ses 4 grands bacs amovibles, ce rangement pour jouets s&#039;int\u00e8gre parfaitement sur 4 \u00e9tag\u00e8res. Id\u00e9al pour les tout-petits et les enfants d&#039;\u00e2ge pr\u00e9scolaire\u00a0! \ud83e\uddd2<\/p>\n<\/li>\n<li data-mce-fragment=\"1\">\n<p data-mce-fragment=\"1\"><strong data-mce-fragment=\"1\">D\u00e9veloppement des comp\u00e9tences et organisation<\/strong>: Plus qu&#039;un simple coffre \u00e0 jouets ! Il favorise le tri et les comp\u00e9tences cognitives tout en gardant les pi\u00e8ces bien rang\u00e9es. \ud83e\udde0<\/p>\n<\/li>\n<li data-mce-fragment=\"1\">\n<p data-mce-fragment=\"1\"><strong data-mce-fragment=\"1\">\u00c9l\u00e9gant et fonctionnel<\/strong>: Son coloris chic s&#039;harmonise avec n&#039;importe quelle chambre ou salle de jeux. C&#039;est la solution de rangement id\u00e9ale\u00a0! \ud83c\udfa8<\/p>\n<\/li>\n<li data-mce-fragment=\"1\">\n<p data-mce-fragment=\"1\"><strong data-mce-fragment=\"1\">Construction durable<\/strong>:Construite avec du bois d&#039;ing\u00e9nierie robuste et des tiges d&#039;\u00e9tag\u00e8res en acier, chaque \u00e9tag\u00e8re peut supporter jusqu&#039;\u00e0 20 livres. \ud83d\udcaa<\/p>\n<\/li>\n<li data-mce-fragment=\"1\">\n<p data-mce-fragment=\"1\"><strong data-mce-fragment=\"1\">Assemblage facile<\/strong>Livr\u00e9 avec tout le mat\u00e9riel et installation minimale. Dimensions\u00a0: 86\u00a0cm (l) x 28\u00a0cm (P) (40\u00a0cm (P) avec supports) x 79\u00a0cm (H). \ud83d\udee0\ufe0f<\/p>\n<\/li>\n<li data-mce-fragment=\"1\">\n<p data-mce-fragment=\"1\"><strong data-mce-fragment=\"1\">Tailles des bacs<\/strong>:<\/p>\n<ul data-mce-fragment=\"1\">\n<li data-mce-fragment=\"1\">Standard : 12\u2033L x 9\u2033W x 6\u2033H<\/li>\n<li data-mce-fragment=\"1\">Grand : 16\u2033L x 12\u2033l x 6\u2033H<\/li>\n<\/ul>\n<\/li>\n<li data-mce-fragment=\"1\">\n<p data-mce-fragment=\"1\"><strong data-mce-fragment=\"1\">Stockage extensible<\/strong>Besoin de plus de bacs\u00a0? Des bacs de rangement en plastique suppl\u00e9mentaires sont disponibles s\u00e9par\u00e9ment\u00a0! \ud83d\udce6<\/p>\n<\/li>\n<\/ul>\n<p data-mce-fragment=\"1\">Transformez le jeu et le rangement avec notre organiseur de jouets polyvalent et \u00e9l\u00e9gant\u00a0! Id\u00e9al pour garder l&#039;espace de votre enfant propre, organis\u00e9 et amusant. \ud83c\udf1f\ud83e\uddf8<\/p>\n<div><\/div>","protected":false},"excerpt":{"rendered":"<p>Organisez et jouez facilement ! Acc\u00e8s facile aux jouets : faites du temps de jeu un jeu d&#039;enfant ! Notre organiseur de rangement pour jouets Humble Crew comprend<\/p>","protected":false},"featured_media":120862,"comment_status":"open","ping_status":"closed","template":"","meta":[],"product_brand":[],"product_cat":[30971,30838,30849],"product_tag":[],"class_list":{"0":"post-61480","1":"product","2":"type-product","3":"status-publish","4":"has-post-thumbnail","6":"product_cat-hp","7":"product_cat-kids-storage-orgganizer","8":"product_cat-kindergarten-school-furniture","10":"first","11":"instock","12":"taxable","13":"shipping-taxable","14":"purchasable","15":"product-type-variable"},"_links":{"self":[{"href":"https:\/\/nexgendecors.com\/fr\/wp-json\/wp\/v2\/product\/61480","targetHints":{"allow":["GET"]}}],"collection":[{"href":"https:\/\/nexgendecors.com\/fr\/wp-json\/wp\/v2\/product"}],"about":[{"href":"https:\/\/nexgendecors.com\/fr\/wp-json\/wp\/v2\/types\/product"}],"replies":[{"embeddable":true,"href":"https:\/\/nexgendecors.com\/fr\/wp-json\/wp\/v2\/comments?post=61480"}],"version-history":[{"count":0,"href":"https:\/\/nexgendecors.com\/fr\/wp-json\/wp\/v2\/product\/61480\/revisions"}],"wp:featuredmedia":[{"embeddable":true,"href":"https:\/\/nexgendecors.com\/fr\/wp-json\/wp\/v2\/media\/120862"}],"wp:attachment":[{"href":"https:\/\/nexgendecors.com\/fr\/wp-json\/wp\/v2\/media?parent=61480"}],"wp:term":[{"taxonomy":"product_brand","embeddable":true,"href":"https:\/\/nexgendecors.com\/fr\/wp-json\/wp\/v2\/product_brand?post=61480"},{"taxonomy":"product_cat","embeddable":true,"href":"https:\/\/nexgendecors.com\/fr\/wp-json\/wp\/v2\/product_cat?post=61480"},{"taxonomy":"product_tag","embeddable":true,"href":"https:\/\/nexgendecors.com\/fr\/wp-json\/wp\/v2\/product_tag?post=61480"}],"curies":[{"name":"wp","href":"https:\/\/api.w.org\/{rel}","templated":true}]}}