{"id":61579,"date":"2025-01-26T02:57:36","date_gmt":"2025-01-26T02:57:36","guid":{"rendered":"https:\/\/nexgendecors.com\/product\/industrial-style-hotel-stainless-steel-chair-commercial-dining-chair-western-restaurant-cafe-table-and-chair-combination-restaurant-booth\/"},"modified":"2025-04-06T08:51:02","modified_gmt":"2025-04-06T08:51:02","slug":"chaise-dhotel-de-style-industriel-en-acier-inoxydable-chaise-de-salle-a-manger-commerciale-combinaison-table-et-chaise-de-restaurant-occidental-cabine-de-restaurant","status":"publish","type":"product","link":"https:\/\/nexgendecors.com\/fr\/product\/chaise-dhotel-de-style-industriel-en-acier-inoxydable-chaise-de-salle-a-manger-commerciale-combinaison-table-et-chaise-de-restaurant-occidental-cabine-de-restaurant\/","title":{"rendered":"Chaise de salle \u00e0 manger industrielle en acier inoxydable pour caf\u00e9s"},"content":{"rendered":"<ul>\n<li>\n<strong>style<\/strong>:Style industriel<\/li>\n<li>\n<strong>trier par couleur<\/strong>:Table carr\u00e9e en alliage d&#039;aluminium 60*60CM, table longue en alliage d&#039;aluminium 120*60CM, table longue 120*70CM, table carr\u00e9e 120*120CM, table ronde de 120CM de diam\u00e8tre, chaise de salle \u00e0 manger en acier inoxydable, chaise d&#039;\u00e9treinte en acier inoxydable, fauteuil en acier inoxydable, cabine en acier inoxydable, cabine semi-circulaire en acier inoxydable<\/li>\n<\/ul>","protected":false},"excerpt":{"rendered":"<p>style:Industrial style sort by color:60*60CM aluminum alloy edging rock board square table, 120*60CM aluminum alloy edging rock board long table,<\/p>","protected":false},"featured_media":121007,"comment_status":"open","ping_status":"closed","template":"","meta":[],"product_brand":[],"product_cat":[30971,30860],"product_tag":[],"class_list":{"0":"post-61579","1":"product","2":"type-product","3":"status-publish","4":"has-post-thumbnail","6":"product_cat-hp","7":"product_cat-wholesale-restaurant","9":"first","10":"instock","11":"sale","12":"taxable","13":"shipping-taxable","14":"purchasable","15":"product-type-variable"},"_links":{"self":[{"href":"https:\/\/nexgendecors.com\/fr\/wp-json\/wp\/v2\/product\/61579","targetHints":{"allow":["GET"]}}],"collection":[{"href":"https:\/\/nexgendecors.com\/fr\/wp-json\/wp\/v2\/product"}],"about":[{"href":"https:\/\/nexgendecors.com\/fr\/wp-json\/wp\/v2\/types\/product"}],"replies":[{"embeddable":true,"href":"https:\/\/nexgendecors.com\/fr\/wp-json\/wp\/v2\/comments?post=61579"}],"version-history":[{"count":0,"href":"https:\/\/nexgendecors.com\/fr\/wp-json\/wp\/v2\/product\/61579\/revisions"}],"wp:featuredmedia":[{"embeddable":true,"href":"https:\/\/nexgendecors.com\/fr\/wp-json\/wp\/v2\/media\/121007"}],"wp:attachment":[{"href":"https:\/\/nexgendecors.com\/fr\/wp-json\/wp\/v2\/media?parent=61579"}],"wp:term":[{"taxonomy":"product_brand","embeddable":true,"href":"https:\/\/nexgendecors.com\/fr\/wp-json\/wp\/v2\/product_brand?post=61579"},{"taxonomy":"product_cat","embeddable":true,"href":"https:\/\/nexgendecors.com\/fr\/wp-json\/wp\/v2\/product_cat?post=61579"},{"taxonomy":"product_tag","embeddable":true,"href":"https:\/\/nexgendecors.com\/fr\/wp-json\/wp\/v2\/product_tag?post=61579"}],"curies":[{"name":"wp","href":"https:\/\/api.w.org\/{rel}","templated":true}]}}