{"id":61814,"date":"2025-01-26T02:58:05","date_gmt":"2025-01-26T02:58:05","guid":{"rendered":"https:\/\/nexgendecors.com\/product\/integrated-ceramic-basin-bathroom-cabinet-toilet-wash-basin-combination-cream-style-rock-plate-seamless-basin-wash-basin-bathroom-cabinet-2\/"},"modified":"2025-04-06T08:51:49","modified_gmt":"2025-04-06T08:51:49","slug":"integrated-ceramic-basin-bathroom-cabinet-toilet-wash-basin-combination-cream-style-rock-plate-seamless-basin-wash-basin-bathroom-cabinet-2","status":"publish","type":"product","link":"https:\/\/nexgendecors.com\/fr\/product\/integrated-ceramic-basin-bathroom-cabinet-toilet-wash-basin-combination-cream-style-rock-plate-seamless-basin-wash-basin-bathroom-cabinet-2\/","title":{"rendered":"Cream Rock Plate Seamless Ceramic Basin Cabinet"},"content":{"rendered":"<ul>\n<li>\n<strong>marque<\/strong>:Nami Sen<\/li>\n<li>\n<strong>mod\u00e8le<\/strong>:NMS-0056<\/li>\n<li>\n<strong>Fonction<\/strong>:Storage, lighting, anti-fog<\/li>\n<li>\n<strong>Mat\u00e9riau de l&#039;armoire<\/strong>:Rubber wood<\/li>\n<li>\n<strong>style<\/strong>:Simple et moderne<\/li>\n<li>\n<strong>trier par couleur<\/strong>:61cm integrated ceramic basin smart mirror,71cm integrated ceramic basin smart mirror,81cm integrated ceramic basin smart mirror,91cm integrated ceramic basin smart mirror,101cm integrated ceramic basin smart mirror,111cm integrated ceramic basin smart mirror,121cm integrated ceramic basin smart mirror,61cm integrated ceramic basin smart mirror cabinet,71cm integrated ceramic basin smart mirror cabinet,81cm integrated ceramic basin smart mirror cabinet,91cm integrated ceramic basin smart mirror cabinet,101cm integrated ceramic basin smart mirror cabinet,111cm integrated ceramic basin smart mirror cabinet,121cm integrated ceramic basin smart mirror cabinet,70cm rock slab seamless basin smart mirror,80cm rock slab seamless basin smart mirror,90cm rock slab seamless basin smart mirror,100cm rock slab seamless basin smart mirror,110cm rock slab seamless basin smart mirror,120cm rock slab seamless basin smart mirror,70cm rock slab seamless basin smart mirror cabinet,80cm rock slab seamless basin smart mirror cabinet,90cm Rock slab seamless basin smart mirror cabinet, 100cm rock slab seamless basin smart mirror cabinet, 110cm rock slab seamless basin smart mirror cabinet, 120cm rock slab seamless basin smart mirror cabinet, 80cm rock slab seamless basin fashion mirror cabinet, 90cm rock slab seamless basin fashion mirror cabinet, 100cm rock slab seamless basin fashion mirror cabinet, 110cm rock slab seamless basin fashion mirror cabinet, 120cm rock slab seamless basin fashion mirror cabinet, 130cm rock slab seamless basin fashion mirror cabinet, 140cm rock slab seamless basin fashion mirror cabinet, 150cm rock slab seamless basin fashion mirror cabinet<\/li>\n<li>\n<strong>Service en ville<\/strong>:Les acheteurs de la m\u00eame ville r\u00e9cup\u00e8rent les marchandises \u00e0 domicile<\/li>\n<li>\n<strong>Technologie de surface<\/strong>:Carving<\/li>\n<li>\n<strong>Est-ce que cela comprend un \u00e9clairage de miroir ?<\/strong>:Oui<\/li>\n<li>\n<strong>Type de comptoir<\/strong>:Vasque en c\u00e9ramique int\u00e9gr\u00e9e<\/li>\n<\/ul>\n<p><img><\/p>","protected":false},"excerpt":{"rendered":"<p>brand:Nami Sen model:NMS-0056 Function:Storage, lighting, anti-fog Cabinet Material:Rubber wood style:Simple and modern sort by color:61cm integrated ceramic basin smart mirror,71cm<\/p>","protected":false},"featured_media":121263,"comment_status":"open","ping_status":"closed","template":"","meta":[],"product_brand":[],"product_cat":[30971,30880],"product_tag":[],"class_list":{"0":"post-61814","1":"product","2":"type-product","3":"status-publish","4":"has-post-thumbnail","6":"product_cat-hp","7":"product_cat-wholesales-bathroom-sink","9":"first","10":"instock","11":"taxable","12":"shipping-taxable","13":"purchasable","14":"product-type-variable"},"_links":{"self":[{"href":"https:\/\/nexgendecors.com\/fr\/wp-json\/wp\/v2\/product\/61814","targetHints":{"allow":["GET"]}}],"collection":[{"href":"https:\/\/nexgendecors.com\/fr\/wp-json\/wp\/v2\/product"}],"about":[{"href":"https:\/\/nexgendecors.com\/fr\/wp-json\/wp\/v2\/types\/product"}],"replies":[{"embeddable":true,"href":"https:\/\/nexgendecors.com\/fr\/wp-json\/wp\/v2\/comments?post=61814"}],"version-history":[{"count":0,"href":"https:\/\/nexgendecors.com\/fr\/wp-json\/wp\/v2\/product\/61814\/revisions"}],"wp:featuredmedia":[{"embeddable":true,"href":"https:\/\/nexgendecors.com\/fr\/wp-json\/wp\/v2\/media\/121263"}],"wp:attachment":[{"href":"https:\/\/nexgendecors.com\/fr\/wp-json\/wp\/v2\/media?parent=61814"}],"wp:term":[{"taxonomy":"product_brand","embeddable":true,"href":"https:\/\/nexgendecors.com\/fr\/wp-json\/wp\/v2\/product_brand?post=61814"},{"taxonomy":"product_cat","embeddable":true,"href":"https:\/\/nexgendecors.com\/fr\/wp-json\/wp\/v2\/product_cat?post=61814"},{"taxonomy":"product_tag","embeddable":true,"href":"https:\/\/nexgendecors.com\/fr\/wp-json\/wp\/v2\/product_tag?post=61814"}],"curies":[{"name":"wp","href":"https:\/\/api.w.org\/{rel}","templated":true}]}}