{"id":61898,"date":"2025-01-26T02:58:13","date_gmt":"2025-01-26T02:58:13","guid":{"rendered":"https:\/\/nexgendecors.com\/product\/internet-celebrity-acrylic-lazy-sofa-home-recliner-adult-living-room-balcony-leisure-light-luxury-single-sofa-chair\/"},"modified":"2025-04-06T08:51:54","modified_gmt":"2025-04-06T08:51:54","slug":"internet-celebrity-acrylic-lazy-sofa-home-recliner-adult-living-room-balcony-leisure-light-luxury-single-sofa-chair","status":"publish","type":"product","link":"https:\/\/nexgendecors.com\/fr\/product\/internet-celebrity-acrylic-lazy-sofa-home-recliner-adult-living-room-balcony-leisure-light-luxury-single-sofa-chair\/","title":{"rendered":"Fauteuil inclinable de luxe en acrylique pour les loisirs \u00e0 la maison"},"content":{"rendered":"<ul>\n<li>\n<strong>marque<\/strong>:Daoqin<\/li>\n<li>\n<strong>mod\u00e8le<\/strong>:S30<\/li>\n<li>\n<strong>Mat\u00e9riel<\/strong>:M\u00e9tal<\/li>\n<li>\n<strong>\u00e9l\u00e9ments populaires<\/strong>:Master design, stitching<\/li>\n<li>\n<strong>trier par couleur<\/strong>:Black [leather], white [leather], orange [leather], green [leather], leather\/fabric\/color can be customized<\/li>\n<li>\n<strong><\/strong>:<\/li>\n<\/ul>\n<p><img><\/p>","protected":false},"excerpt":{"rendered":"<p>Marque : Daoqin Mod\u00e8le : S30 Mat\u00e9riau : M\u00e9tal \u00c9l\u00e9ments populaires : Conception principale, couture Trier par couleur : Noir [cuir], blanc [cuir], orange [cuir], vert [cuir], cuir\/tissu\/couleur peut \u00eatre<\/p>","protected":false},"featured_media":121346,"comment_status":"open","ping_status":"closed","template":"","meta":[],"product_brand":[],"product_cat":[30902,30855,30862,30971,30860,30850],"product_tag":[],"class_list":{"0":"post-61898","1":"product","2":"type-product","3":"status-publish","4":"has-post-thumbnail","6":"product_cat-bs-chairs","7":"product_cat-wholesale-chairs","8":"product_cat-wholesales-hotels","9":"product_cat-hp","10":"product_cat-wholesale-restaurant","11":"product_cat-wholesale-furniture","13":"first","14":"instock","15":"taxable","16":"shipping-taxable","17":"purchasable","18":"product-type-variable"},"_links":{"self":[{"href":"https:\/\/nexgendecors.com\/fr\/wp-json\/wp\/v2\/product\/61898","targetHints":{"allow":["GET"]}}],"collection":[{"href":"https:\/\/nexgendecors.com\/fr\/wp-json\/wp\/v2\/product"}],"about":[{"href":"https:\/\/nexgendecors.com\/fr\/wp-json\/wp\/v2\/types\/product"}],"replies":[{"embeddable":true,"href":"https:\/\/nexgendecors.com\/fr\/wp-json\/wp\/v2\/comments?post=61898"}],"version-history":[{"count":0,"href":"https:\/\/nexgendecors.com\/fr\/wp-json\/wp\/v2\/product\/61898\/revisions"}],"wp:featuredmedia":[{"embeddable":true,"href":"https:\/\/nexgendecors.com\/fr\/wp-json\/wp\/v2\/media\/121346"}],"wp:attachment":[{"href":"https:\/\/nexgendecors.com\/fr\/wp-json\/wp\/v2\/media?parent=61898"}],"wp:term":[{"taxonomy":"product_brand","embeddable":true,"href":"https:\/\/nexgendecors.com\/fr\/wp-json\/wp\/v2\/product_brand?post=61898"},{"taxonomy":"product_cat","embeddable":true,"href":"https:\/\/nexgendecors.com\/fr\/wp-json\/wp\/v2\/product_cat?post=61898"},{"taxonomy":"product_tag","embeddable":true,"href":"https:\/\/nexgendecors.com\/fr\/wp-json\/wp\/v2\/product_tag?post=61898"}],"curies":[{"name":"wp","href":"https:\/\/api.w.org\/{rel}","templated":true}]}}