{"id":61909,"date":"2025-01-26T02:58:18","date_gmt":"2025-01-26T02:58:18","guid":{"rendered":"https:\/\/nexgendecors.com\/product\/internet-celebrity-personality-creative-special-shaped-clothing-store-womens-clothing-store-rest-area-reception-beauty-salon-red-lips-fashion-shape-sofa\/"},"modified":"2025-04-06T08:52:03","modified_gmt":"2025-04-06T08:52:03","slug":"internet-celebrity-personality-creative-special-shaped-clothing-store-womens-clothing-store-rest-area-reception-beauty-salon-red-lips-fashion-shape-sofa","status":"publish","type":"product","link":"https:\/\/nexgendecors.com\/fr\/product\/internet-celebrity-personality-creative-special-shaped-clothing-store-womens-clothing-store-rest-area-reception-beauty-salon-red-lips-fashion-shape-sofa\/","title":{"rendered":"Chic Women&#8217;s Fashion &#038; Beauty Lounge with Unique Decor"},"content":{"rendered":"<ul>\n<li>\n<strong>Y a-t-il un espace de stockage ?<\/strong>:Non<\/li>\n<li>\n<strong>style<\/strong>:Moderne et simple<\/li>\n<li>\n<strong>Assembler<\/strong>:Oui<\/li>\n<li>\n<strong>Tissu<\/strong>:flanelle<\/li>\n<li>\n<strong>Fonctionnalit\u00e9s suppl\u00e9mentaires<\/strong>:Autre<\/li>\n<li>\n<strong>volume du colis<\/strong>:3<\/li>\n<li>\n<strong>Remplissage<\/strong>:\u00e9ponge<\/li>\n<li>\n<strong>Combinaison de canap\u00e9<\/strong>:droit<\/li>\n<li>\n<strong>Positionnement de style<\/strong>:Style artistique<\/li>\n<li>\n<strong>trier par couleur<\/strong>:Red, Red<\/li>\n<li>\n<strong>marque<\/strong>:Wangpu<\/li>\n<li>\n<strong>mod\u00e8le<\/strong>:Lips Sofa<\/li>\n<li>\n<strong>\u00e9l\u00e9ments populaires<\/strong>:\u00c9tranger<\/li>\n<li>\n<strong>Duret\u00e9 du remplissage<\/strong>:Duret\u00e9 et douceur mod\u00e9r\u00e9es<\/li>\n<li>\n<strong>Appropri\u00e9<\/strong>:G\u00e9n\u00e9ral<\/li>\n<li>\n<strong>Technologie structurelle<\/strong>:Artisanat du bois<\/li>\n<li>\n<strong>Technologie des structures en bois<\/strong>:tour<\/li>\n<li>\n<strong>Est-ce personnalisable ?<\/strong>:Oui<\/li>\n<li>\n<strong>Est-il amovible et lavable ?<\/strong>:Non<\/li>\n<li>\n<strong>Mat\u00e9riel<\/strong>:Bois<\/li>\n<li>\n<strong>Mat\u00e9riau en bois<\/strong>:Pin<\/li>\n<li>\n<strong>Instructions d&#039;installation d\u00e9taill\u00e9es<\/strong>:No installation instructions, delivery and installation included<\/li>\n<li>\n<strong>Combien de personnes sont assises<\/strong>:Single 90cm, Small Double 120cm, Small Double 150cm, Double 180cm, Triple 200CM, Quad 240cm<\/li>\n<li>\n<strong>mod\u00e8le<\/strong>:Autre<\/li>\n<li>\n<strong>Un taxi est-il disponible pour le transport ?<\/strong>:Oui<\/li>\n<li>\n<strong>Processus de finition du tissu<\/strong>:Flocking<\/li>\n<li>\n<strong>Livraison\/installation disponible<\/strong>:Foshan, Zhengzhou, Guiyang, Guangzhou, Fuzhou, Harbin, Xiamen, Chongqing, Changzhou, Suzhou, Xi&#8217;an, Shenzhen, Nanjing, Beijing, Wuxi, Qingdao, Changsha, Chengdu, Shanghai, Wuhan, Nanning, Nationwide, Shenyang, Dalian, Taizhou, Dongguan, Tianjin, Others, Jinhua, Hangzhou, Ningbo, Nanchang, Wenzhou<\/li>\n<\/ul>\n<p><img><\/p>","protected":false},"excerpt":{"rendered":"<p>Is there storage space?:no style:Modern and simple Assemble:yes Fabric:flannel Additional features:Other package volume:3 Filling:sponge Sofa combination:straight Style positioning:Artistic style sort<\/p>","protected":false},"featured_media":121354,"comment_status":"open","ping_status":"closed","template":"","meta":[],"product_brand":[],"product_cat":[30862,30971,30850],"product_tag":[],"class_list":{"0":"post-61909","1":"product","2":"type-product","3":"status-publish","4":"has-post-thumbnail","6":"product_cat-wholesales-hotels","7":"product_cat-hp","8":"product_cat-wholesale-furniture","10":"first","11":"instock","12":"sale","13":"taxable","14":"shipping-taxable","15":"purchasable","16":"product-type-variable"},"_links":{"self":[{"href":"https:\/\/nexgendecors.com\/fr\/wp-json\/wp\/v2\/product\/61909","targetHints":{"allow":["GET"]}}],"collection":[{"href":"https:\/\/nexgendecors.com\/fr\/wp-json\/wp\/v2\/product"}],"about":[{"href":"https:\/\/nexgendecors.com\/fr\/wp-json\/wp\/v2\/types\/product"}],"replies":[{"embeddable":true,"href":"https:\/\/nexgendecors.com\/fr\/wp-json\/wp\/v2\/comments?post=61909"}],"version-history":[{"count":0,"href":"https:\/\/nexgendecors.com\/fr\/wp-json\/wp\/v2\/product\/61909\/revisions"}],"wp:featuredmedia":[{"embeddable":true,"href":"https:\/\/nexgendecors.com\/fr\/wp-json\/wp\/v2\/media\/121354"}],"wp:attachment":[{"href":"https:\/\/nexgendecors.com\/fr\/wp-json\/wp\/v2\/media?parent=61909"}],"wp:term":[{"taxonomy":"product_brand","embeddable":true,"href":"https:\/\/nexgendecors.com\/fr\/wp-json\/wp\/v2\/product_brand?post=61909"},{"taxonomy":"product_cat","embeddable":true,"href":"https:\/\/nexgendecors.com\/fr\/wp-json\/wp\/v2\/product_cat?post=61909"},{"taxonomy":"product_tag","embeddable":true,"href":"https:\/\/nexgendecors.com\/fr\/wp-json\/wp\/v2\/product_tag?post=61909"}],"curies":[{"name":"wp","href":"https:\/\/api.w.org\/{rel}","templated":true}]}}