{"id":62429,"date":"2025-01-26T02:59:15","date_gmt":"2025-01-26T02:59:15","guid":{"rendered":"https:\/\/nexgendecors.com\/product\/italian-light-luxury-bentley-leather-sofa-villa-large-flat-modern-simple-living-room-combination-armani-high-end-furniture-1\/"},"modified":"2025-04-06T08:53:20","modified_gmt":"2025-04-06T08:53:20","slug":"canape-en-cuir-italien-leger-de-luxe-bentley-villa-grand-appartement-moderne-simple-salon-combinaison-armani-meubles-haut-de-gamme-1","status":"publish","type":"product","link":"https:\/\/nexgendecors.com\/fr\/product\/canape-en-cuir-italien-leger-de-luxe-bentley-villa-grand-appartement-moderne-simple-salon-combinaison-armani-meubles-haut-de-gamme-1\/","title":{"rendered":"Canap\u00e9 en cuir de luxe Armani pour salons modernes"},"content":{"rendered":"<ul>\n<li>\n<strong>marque<\/strong>:#0 Usine<\/li>\n<li>\n<strong>mod\u00e8le<\/strong>:GC-11<\/li>\n<li>\n<strong>Mat\u00e9riel<\/strong>:H\u00eatre<\/li>\n<li>\n<strong>style<\/strong>:Luxe l\u00e9ger italien<\/li>\n<li>\n<strong>trier par couleur<\/strong>:Canap\u00e9 simple (premi\u00e8re couche de cuir de vache import\u00e9 d&#039;Italie), canap\u00e9 double (premi\u00e8re couche de cuir de vache import\u00e9 d&#039;Italie), canap\u00e9 trois personnes (premi\u00e8re couche de cuir de vache import\u00e9 d&#039;Italie), canap\u00e9 quatre personnes (premi\u00e8re couche de cuir de vache import\u00e9 d&#039;Italie), table basse, meuble TV, table d&#039;appoint, chaise de loisirs (premi\u00e8re couche de cuir de vache import\u00e9 d&#039;Italie), buffet de salle \u00e0 manger, commode, lit 1800*2000 (premi\u00e8re couche de cuir de vache import\u00e9 d&#039;Italie), table \u00e0 manger (une table et six chaises), canap\u00e9 simple + canap\u00e9 double + canap\u00e9 trois personnes (premi\u00e8re couche de cuir de vache import\u00e9 d&#039;Italie), canap\u00e9 simple + canap\u00e9 double + canap\u00e9 quatre personnes (premi\u00e8re couche de cuir de vache import\u00e9 d&#039;Italie), canap\u00e9 trois personnes + canap\u00e9 double + canap\u00e9 trois personnes + table basse + d\u00e9p\u00f4t de meuble TV<\/li>\n<li>\n<strong>Remplissage<\/strong>:\u00c9ponge \u00e0 haute r\u00e9silience<\/li>\n<li>\n<strong>Est-ce personnalisable ?<\/strong>:Oui<\/li>\n<li>\n<strong>Combinaison de canap\u00e9<\/strong>:En forme de U<\/li>\n<li>\n<strong>Appropri\u00e9<\/strong>:G\u00e9n\u00e9ral<\/li>\n<li>\n<strong>Mati\u00e8re cuir<\/strong>:Couche sup\u00e9rieure de cuir de vache<\/li>\n<li>\n<strong>Assembler<\/strong>:Non<\/li>\n<li>\n<strong>Gamme de finitions en cuir<\/strong>:Surface de contact<\/li>\n<\/ul>","protected":false},"excerpt":{"rendered":"<p>Marque : #0 Mod\u00e8le d&#039;usine : GC-11 Mat\u00e9riau : h\u00eatre Style : luxe l\u00e9ger italien Trier par couleur : canap\u00e9 simple (premi\u00e8re couche de cuir de vache import\u00e9 d&#039;Italie), canap\u00e9 double (premi\u00e8re<\/p>","protected":false},"featured_media":121824,"comment_status":"open","ping_status":"closed","template":"","meta":[],"product_brand":[],"product_cat":[30862,30971,30850],"product_tag":[],"class_list":{"0":"post-62429","1":"product","2":"type-product","3":"status-publish","4":"has-post-thumbnail","6":"product_cat-wholesales-hotels","7":"product_cat-hp","8":"product_cat-wholesale-furniture","10":"first","11":"instock","12":"taxable","13":"shipping-taxable","14":"purchasable","15":"product-type-variable"},"_links":{"self":[{"href":"https:\/\/nexgendecors.com\/fr\/wp-json\/wp\/v2\/product\/62429","targetHints":{"allow":["GET"]}}],"collection":[{"href":"https:\/\/nexgendecors.com\/fr\/wp-json\/wp\/v2\/product"}],"about":[{"href":"https:\/\/nexgendecors.com\/fr\/wp-json\/wp\/v2\/types\/product"}],"replies":[{"embeddable":true,"href":"https:\/\/nexgendecors.com\/fr\/wp-json\/wp\/v2\/comments?post=62429"}],"version-history":[{"count":0,"href":"https:\/\/nexgendecors.com\/fr\/wp-json\/wp\/v2\/product\/62429\/revisions"}],"wp:featuredmedia":[{"embeddable":true,"href":"https:\/\/nexgendecors.com\/fr\/wp-json\/wp\/v2\/media\/121824"}],"wp:attachment":[{"href":"https:\/\/nexgendecors.com\/fr\/wp-json\/wp\/v2\/media?parent=62429"}],"wp:term":[{"taxonomy":"product_brand","embeddable":true,"href":"https:\/\/nexgendecors.com\/fr\/wp-json\/wp\/v2\/product_brand?post=62429"},{"taxonomy":"product_cat","embeddable":true,"href":"https:\/\/nexgendecors.com\/fr\/wp-json\/wp\/v2\/product_cat?post=62429"},{"taxonomy":"product_tag","embeddable":true,"href":"https:\/\/nexgendecors.com\/fr\/wp-json\/wp\/v2\/product_tag?post=62429"}],"curies":[{"name":"wp","href":"https:\/\/api.w.org\/{rel}","templated":true}]}}