{"id":62445,"date":"2025-01-26T02:59:17","date_gmt":"2025-01-26T02:59:17","guid":{"rendered":"https:\/\/nexgendecors.com\/product\/italian-light-luxury-chest-of-drawers-modern-simple-entrance-hall-porch-partition-multifunctional-storage-living-room-cabinet-2\/"},"modified":"2025-04-06T08:53:24","modified_gmt":"2025-04-06T08:53:24","slug":"italian-light-luxury-chest-of-drawers-modern-simple-entrance-hall-porch-partition-multifunctional-storage-living-room-cabinet-2","status":"publish","type":"product","link":"https:\/\/nexgendecors.com\/fr\/product\/italian-light-luxury-chest-of-drawers-modern-simple-entrance-hall-porch-partition-multifunctional-storage-living-room-cabinet-2\/","title":{"rendered":"Commode italienne de luxe l\u00e9g\u00e8re \u2013 Rangement moderne"},"content":{"rendered":"<ul>\n<li>\n<strong>marque<\/strong>:autre\/autre<\/li>\n<li>\n<strong>mod\u00e8le<\/strong>:66<\/li>\n<li>\n<strong>Mat\u00e9riel<\/strong>:M\u00e9tal<\/li>\n<li>\n<strong>mod\u00e8le<\/strong>:Art<\/li>\n<li>\n<strong>style<\/strong>:Simple et moderne<\/li>\n<li>\n<strong>trier par couleur<\/strong>:1.2m (white) one door and three buckets, 1.4m (white) one door and three buckets, 1.6m (white) one door and three buckets, 1.2m (white) three doors, 1.4m (white) four doors, 1.6m (white) four doors, 1.2m (rice gray) one door and three buckets, 1.4m (rice gray) one door and three buckets, 1.6m (rice gray) one door and three buckets, 1.2m (rice gray) three doors, 1.4m (rice gray) four doors, 1.6m (rice gray) four doors<\/li>\n<li>\n<strong>Est-ce personnalisable ?<\/strong>:Oui<\/li>\n<li>\n<strong>Appropri\u00e9<\/strong>:Adultes<\/li>\n<li>\n<strong>Nombre de combats<\/strong>:5 buckets<\/li>\n<li>\n<strong>Structure du meuble<\/strong>:Cadre<\/li>\n<li>\n<strong>Assembler<\/strong>:Non<\/li>\n<li>\n<strong><\/strong>:<\/li>\n<\/ul>\n<p><img><\/p>","protected":false},"excerpt":{"rendered":"<p>Marque : autre\/autre Mod\u00e8le : 66 Mat\u00e9riau : m\u00e9tal Motif : art Style : simple et moderne Trier par couleur : 1,2 m (blanc) une porte et trois seaux, 1,4 m (blanc) une porte<\/p>","protected":false},"featured_media":121844,"comment_status":"open","ping_status":"closed","template":"","meta":[],"product_brand":[],"product_cat":[30862,30971,30850,30854],"product_tag":[],"class_list":{"0":"post-62445","1":"product","2":"type-product","3":"status-publish","4":"has-post-thumbnail","6":"product_cat-wholesales-hotels","7":"product_cat-hp","8":"product_cat-wholesale-furniture","9":"product_cat-wholesale-side-table","11":"first","12":"instock","13":"taxable","14":"shipping-taxable","15":"purchasable","16":"product-type-variable"},"_links":{"self":[{"href":"https:\/\/nexgendecors.com\/fr\/wp-json\/wp\/v2\/product\/62445","targetHints":{"allow":["GET"]}}],"collection":[{"href":"https:\/\/nexgendecors.com\/fr\/wp-json\/wp\/v2\/product"}],"about":[{"href":"https:\/\/nexgendecors.com\/fr\/wp-json\/wp\/v2\/types\/product"}],"replies":[{"embeddable":true,"href":"https:\/\/nexgendecors.com\/fr\/wp-json\/wp\/v2\/comments?post=62445"}],"version-history":[{"count":0,"href":"https:\/\/nexgendecors.com\/fr\/wp-json\/wp\/v2\/product\/62445\/revisions"}],"wp:featuredmedia":[{"embeddable":true,"href":"https:\/\/nexgendecors.com\/fr\/wp-json\/wp\/v2\/media\/121844"}],"wp:attachment":[{"href":"https:\/\/nexgendecors.com\/fr\/wp-json\/wp\/v2\/media?parent=62445"}],"wp:term":[{"taxonomy":"product_brand","embeddable":true,"href":"https:\/\/nexgendecors.com\/fr\/wp-json\/wp\/v2\/product_brand?post=62445"},{"taxonomy":"product_cat","embeddable":true,"href":"https:\/\/nexgendecors.com\/fr\/wp-json\/wp\/v2\/product_cat?post=62445"},{"taxonomy":"product_tag","embeddable":true,"href":"https:\/\/nexgendecors.com\/fr\/wp-json\/wp\/v2\/product_tag?post=62445"}],"curies":[{"name":"wp","href":"https:\/\/api.w.org\/{rel}","templated":true}]}}