{"id":62511,"date":"2025-01-26T02:59:22","date_gmt":"2025-01-26T02:59:22","guid":{"rendered":"https:\/\/nexgendecors.com\/product\/italian-light-luxury-cream-style-polygonal-high-end-rock-slab-coffee-table-combination-small-size-internet-celebrity-2023-new-japanese-style\/"},"modified":"2025-03-09T04:46:00","modified_gmt":"2025-03-09T04:46:00","slug":"italian-light-luxury-cream-style-polygonal-high-end-rock-slab-coffee-table-combination-small-size-internet-celebrity-2023-new-japanese-style","status":"publish","type":"product","link":"https:\/\/nexgendecors.com\/fr\/product\/italian-light-luxury-cream-style-polygonal-high-end-rock-slab-coffee-table-combination-small-size-internet-celebrity-2023-new-japanese-style\/","title":{"rendered":"Table basse italienne de luxe en pierre polygonale \u2013 Style japonais"},"content":{"rendered":"<ul>\n<li>\n<strong>marque<\/strong>:#0 Usine<\/li>\n<li>\n<strong>mod\u00e8le<\/strong>:BNW-0010<\/li>\n<li>\n<strong>Mat\u00e9riel<\/strong>:Panneaux \u00e0 base de bois<\/li>\n<li>\n<strong>Types de planches artificielles<\/strong>:autre<\/li>\n<li>\n<strong>style<\/strong>:Style cr\u00e8me<\/li>\n<li>\n<strong>forme<\/strong>:\u00c9tranger<\/li>\n<li>\n<strong>Installation<\/strong>:Paquet<\/li>\n<li>\n<strong>\u00e9l\u00e9ments populaires<\/strong>:Rounded Corners<\/li>\n<li>\n<strong>trier par couleur<\/strong>:Off-white 1m coffee table combination, off-white 1m large coffee table<\/li>\n<li>\n<strong>Mat\u00e9riau de finition<\/strong>:Panneau de roche<\/li>\n<li>\n<strong>Technologie structurelle<\/strong>:Artisanat du bois<\/li>\n<li>\n<strong>Technologie des structures en bois<\/strong>:autre<\/li>\n<li>\n<strong>Technologie de finition<\/strong>:aucun<\/li>\n<li>\n<strong>Est-ce personnalisable ?<\/strong>:Non<\/li>\n<li>\n<strong>Que ce soit avec un rouleau<\/strong>:Non<\/li>\n<li>\n<strong>Nombre de portes<\/strong>:Pas de porte<\/li>\n<li>\n<strong>Y a-t-il un espace de stockage ?<\/strong>:Non<\/li>\n<li>\n<strong>Livraison\/installation disponible<\/strong>:Autres, Nanjing, Nanchang, Harbin, Dalian, Tianjin, Ningbo, Chengdu, Hangzhou, Wuhan, Shenyang, Wenzhou, Suzhou, Xi&#039;an, Guiyang, Zhengzhou, Chongqing, Jinhua, Changsha, Shanghai, Dongguan, P\u00e9kin, Guangzhou, Shenzhen, Fuzhou, Qingdao, Wuxi, Taizhou, Changzhou, Foshan, Xiamen, Nanning<\/li>\n<li>\n<strong>Assembler<\/strong>:Non<\/li>\n<li>\n<strong>volume du colis<\/strong>:0.57<\/li>\n<li>\n<strong>Un taxi est-il disponible pour le transport ?<\/strong>:Non<\/li>\n<li>\n<strong>Table basse en forme d&#039;angle<\/strong>:\u00c9tranger<\/li>\n<li>\n<strong>Positionnement de style<\/strong>:Qualit\u00e9 Luxe<\/li>\n<li>\n<strong>Instructions d&#039;installation d\u00e9taill\u00e9es<\/strong>:Aucune instruction d&#039;installation<\/li>\n<li>\n<strong>Poids brut<\/strong>:40kg<\/li>\n<li>\n<strong>taille<\/strong>:100x100x35m<\/li>\n<li>\n<strong><\/strong>:<\/li>\n<\/ul>\n<p><img><\/p>","protected":false},"excerpt":{"rendered":"<p>Marque : #0 Mod\u00e8le d&#039;usine : BNW-0010 Mat\u00e9riau : Panneaux \u00e0 base de bois Types de panneaux artificiels : autre style : Style cr\u00e8me Forme : Alien Installation : Pack \u00c9l\u00e9ments populaires : Coins arrondis Trier par couleur : Blanc cass\u00e9 1 m<\/p>","protected":false},"featured_media":121863,"comment_status":"open","ping_status":"closed","template":"","meta":[],"product_brand":[],"product_cat":[30971,30857],"product_tag":[],"class_list":{"0":"post-62511","1":"product","2":"type-product","3":"status-publish","4":"has-post-thumbnail","6":"product_cat-hp","7":"product_cat-wholesale-sofa-table","9":"first","10":"instock","11":"taxable","12":"shipping-taxable","13":"purchasable","14":"product-type-variable"},"_links":{"self":[{"href":"https:\/\/nexgendecors.com\/fr\/wp-json\/wp\/v2\/product\/62511","targetHints":{"allow":["GET"]}}],"collection":[{"href":"https:\/\/nexgendecors.com\/fr\/wp-json\/wp\/v2\/product"}],"about":[{"href":"https:\/\/nexgendecors.com\/fr\/wp-json\/wp\/v2\/types\/product"}],"replies":[{"embeddable":true,"href":"https:\/\/nexgendecors.com\/fr\/wp-json\/wp\/v2\/comments?post=62511"}],"version-history":[{"count":0,"href":"https:\/\/nexgendecors.com\/fr\/wp-json\/wp\/v2\/product\/62511\/revisions"}],"wp:featuredmedia":[{"embeddable":true,"href":"https:\/\/nexgendecors.com\/fr\/wp-json\/wp\/v2\/media\/121863"}],"wp:attachment":[{"href":"https:\/\/nexgendecors.com\/fr\/wp-json\/wp\/v2\/media?parent=62511"}],"wp:term":[{"taxonomy":"product_brand","embeddable":true,"href":"https:\/\/nexgendecors.com\/fr\/wp-json\/wp\/v2\/product_brand?post=62511"},{"taxonomy":"product_cat","embeddable":true,"href":"https:\/\/nexgendecors.com\/fr\/wp-json\/wp\/v2\/product_cat?post=62511"},{"taxonomy":"product_tag","embeddable":true,"href":"https:\/\/nexgendecors.com\/fr\/wp-json\/wp\/v2\/product_tag?post=62511"}],"curies":[{"name":"wp","href":"https:\/\/api.w.org\/{rel}","templated":true}]}}