{"id":62678,"date":"2025-01-26T02:59:44","date_gmt":"2025-01-26T02:59:44","guid":{"rendered":"https:\/\/nexgendecors.com\/product\/2024-italian-light-luxury-matte-leather-sofa-postmodern-villa-living-room-allen-benlister-combination-furniture\/"},"modified":"2025-04-06T08:54:12","modified_gmt":"2025-04-06T08:54:12","slug":"2024-italian-light-luxury-matte-leather-sofa-postmodern-villa-living-room-allen-benlister-combination-furniture","status":"publish","type":"product","link":"https:\/\/nexgendecors.com\/fr\/product\/2024-italian-light-luxury-matte-leather-sofa-postmodern-villa-living-room-allen-benlister-combination-furniture\/","title":{"rendered":"Canap\u00e9 italien en cuir mat de luxe l\u00e9ger \u2013 Confort \u00e9l\u00e9gant"},"content":{"rendered":"<p><strong>\u00a0Canap\u00e9 italien en cuir mat de luxe l\u00e9ger<\/strong><\/p>\n<p>Introducing the 2024 Italian Light Luxury Matte Leather Sofa, a postmodern masterpiece designed by Allen Benlister. Perfect for modern villa living rooms, this sofa combines sleek matte leather with cutting-edge design to create a statement piece of high-end furniture.<\/p>\n<ul>\n<li>\n<strong>marque<\/strong>:#0 Usine<\/li>\n<li>\n<strong>mod\u00e8le<\/strong>:GC-086<\/li>\n<li>\n<strong>Mati\u00e8re cuir<\/strong>:Nubuck leather<\/li>\n<li>\n<strong>style<\/strong>:Luxe l\u00e9ger italien<\/li>\n<li>\n<strong>Remplissage<\/strong>:\u00c9ponge \u00e0 haute r\u00e9silience<\/li>\n<li>\n<strong>Est-ce personnalisable ?<\/strong>:Oui<\/li>\n<li>\n<strong>Assembler<\/strong>:Oui<\/li>\n<li>\n<strong>Combinaison de canap\u00e9<\/strong>:En forme de U<\/li>\n<li>\n<strong>Mat\u00e9riel<\/strong>:H\u00eatre<\/li>\n<li>\n<strong>Appropri\u00e9<\/strong>:G\u00e9n\u00e9ral<\/li>\n<li>\n<strong>Gamme de finitions en cuir<\/strong>:Nubuck leather<\/li>\n<li>\n<strong>trier par couleur<\/strong>:Leisure chair (sand leather), double seat (sand leather), three-person seat (sand leather), four-person seat (sand leather), coffee table, TV cabinet, two side tables, leisure chair (sand leather), double seat (sand leather), three-person seat (sand leather), four-person seat (sand leather), leisure chair + double seat + three-person sofa (sand leather), leisure chair + double seat + four-person sofa (sand leather), leisure chair + double seat + three-person sofa + coffee table + TV cabinet (sand leather), leisure chair + double seat + four-person sofa + coffee table + TV cabinet (sand leather), leisure chair + double sofa + three-person sofa + coffee table + TV cabinet (sand leather), leisure chair + double sofa + three-person sofa + coffee table + TV cabinet + two side tables (sand leather), leisure chair + double seat + three-person sofa + coffee table + TV cabinet deposit<\/li>\n<\/ul>","protected":false},"excerpt":{"rendered":"<p>\u00a0Italian Light Luxury Matte Leather Sofa Introducing the 2024 Italian Light Luxury Matte Leather Sofa, a postmodern masterpiece designed by<\/p>","protected":false},"featured_media":121934,"comment_status":"open","ping_status":"closed","template":"","meta":[],"product_brand":[],"product_cat":[30862,30971,30850],"product_tag":[],"class_list":{"0":"post-62678","1":"product","2":"type-product","3":"status-publish","4":"has-post-thumbnail","6":"product_cat-wholesales-hotels","7":"product_cat-hp","8":"product_cat-wholesale-furniture","10":"first","11":"instock","12":"taxable","13":"shipping-taxable","14":"purchasable","15":"product-type-variable"},"_links":{"self":[{"href":"https:\/\/nexgendecors.com\/fr\/wp-json\/wp\/v2\/product\/62678","targetHints":{"allow":["GET"]}}],"collection":[{"href":"https:\/\/nexgendecors.com\/fr\/wp-json\/wp\/v2\/product"}],"about":[{"href":"https:\/\/nexgendecors.com\/fr\/wp-json\/wp\/v2\/types\/product"}],"replies":[{"embeddable":true,"href":"https:\/\/nexgendecors.com\/fr\/wp-json\/wp\/v2\/comments?post=62678"}],"version-history":[{"count":0,"href":"https:\/\/nexgendecors.com\/fr\/wp-json\/wp\/v2\/product\/62678\/revisions"}],"wp:featuredmedia":[{"embeddable":true,"href":"https:\/\/nexgendecors.com\/fr\/wp-json\/wp\/v2\/media\/121934"}],"wp:attachment":[{"href":"https:\/\/nexgendecors.com\/fr\/wp-json\/wp\/v2\/media?parent=62678"}],"wp:term":[{"taxonomy":"product_brand","embeddable":true,"href":"https:\/\/nexgendecors.com\/fr\/wp-json\/wp\/v2\/product_brand?post=62678"},{"taxonomy":"product_cat","embeddable":true,"href":"https:\/\/nexgendecors.com\/fr\/wp-json\/wp\/v2\/product_cat?post=62678"},{"taxonomy":"product_tag","embeddable":true,"href":"https:\/\/nexgendecors.com\/fr\/wp-json\/wp\/v2\/product_tag?post=62678"}],"curies":[{"name":"wp","href":"https:\/\/api.w.org\/{rel}","templated":true}]}}