{"id":62817,"date":"2025-01-26T03:00:03","date_gmt":"2025-01-26T03:00:03","guid":{"rendered":"https:\/\/nexgendecors.com\/product\/italian-minimalist-black-wash-basin-bathroom-cabinet-combination-toilet-wash-basin-wash-basin-bathroom-smart-basin-wall-cabinet-2\/"},"modified":"2025-04-06T08:54:41","modified_gmt":"2025-04-06T08:54:41","slug":"italian-minimalist-black-wash-basin-bathroom-cabinet-combination-toilet-wash-basin-wash-basin-bathroom-smart-basin-wall-cabinet-2","status":"publish","type":"product","link":"https:\/\/nexgendecors.com\/fr\/product\/italian-minimalist-black-wash-basin-bathroom-cabinet-combination-toilet-wash-basin-wash-basin-bathroom-smart-basin-wall-cabinet-2\/","title":{"rendered":"Italian Minimalist Black Wash Basin Bathroom Cabinet"},"content":{"rendered":"<ul>\n<li>\n<strong>marque<\/strong>:La D\u00e9claration de Lumi\u00e8re<\/li>\n<li>\n<strong>mod\u00e8le<\/strong>:45632<\/li>\n<li>\n<strong>Fonction<\/strong>:Rangement, lavage, \u00e9tanch\u00e9it\u00e9, \u00e9clairage, anti-bu\u00e9e<\/li>\n<li>\n<strong>Mat\u00e9riau de l&#039;armoire<\/strong>:Panneau multicouche en bois massif d&#039;eucalyptus<\/li>\n<li>\n<strong>style<\/strong>:Minimalisme italien<\/li>\n<li>\n<strong>trier par couleur<\/strong>:60CM with black round mirror60CM with smart backlit square mirror60CM ordinary storage mirror cabinet60CM with smart storage mirror cabinet70CM with black round mirror70CM with smart backlit square mirror70CM ordinary storage mirror cabinet70CM with smart storage mirror cabinet80CM with smart backlit square mirror80CM ordinary storage mirror cabinet80CM with smart storage mirror cabinet80CM with smart glass door mirror cabinet90CM with smart backlit square mirror90CM ordinary storage mirror cabinet90CM with smart storage mirror Cabinet 90CM with smart glass door mirror cabinet 100CM with smart backlit square mirror 100CM ordinary storage mirror cabinet 100CM with smart storage mirror cabinet 100CM with smart glass door mirror cabinet 120CM with smart backlit square mirror 120CM ordinary storage mirror cabinet 120CM with smart storage mirror cabinet 120CM with smart glass door mirror cabinet 140CM with smart backlit square mirror 140CM ordinary storage mirror cabinet 140CM with smart storage mirror cabinet 140CM with smart glass door mirror cabinet<\/li>\n<li>\n<strong>Service en ville<\/strong>:Livraison porte-\u00e0-porte logistique intra-urbaine<\/li>\n<li>\n<strong>Technologie de surface<\/strong>:Sans peinture<\/li>\n<li>\n<strong>Est-ce que cela comprend un \u00e9clairage de miroir ?<\/strong>:Oui<\/li>\n<li>\n<strong>Type de comptoir<\/strong>:Artificial stone countertops<\/li>\n<\/ul>\n<p><img><\/p>","protected":false},"excerpt":{"rendered":"<p>brand:The Light Declaration model:45632 Function:Storage, washing, waterproof, lighting, anti-fogging Cabinet Material:Eucalyptus solid wood multilayer board style:Italian minimalism sort by color:60CM<\/p>","protected":false},"featured_media":122054,"comment_status":"open","ping_status":"closed","template":"","meta":[],"product_brand":[],"product_cat":[30971,30880],"product_tag":[],"class_list":{"0":"post-62817","1":"product","2":"type-product","3":"status-publish","4":"has-post-thumbnail","6":"product_cat-hp","7":"product_cat-wholesales-bathroom-sink","9":"first","10":"instock","11":"taxable","12":"shipping-taxable","13":"purchasable","14":"product-type-variable"},"_links":{"self":[{"href":"https:\/\/nexgendecors.com\/fr\/wp-json\/wp\/v2\/product\/62817","targetHints":{"allow":["GET"]}}],"collection":[{"href":"https:\/\/nexgendecors.com\/fr\/wp-json\/wp\/v2\/product"}],"about":[{"href":"https:\/\/nexgendecors.com\/fr\/wp-json\/wp\/v2\/types\/product"}],"replies":[{"embeddable":true,"href":"https:\/\/nexgendecors.com\/fr\/wp-json\/wp\/v2\/comments?post=62817"}],"version-history":[{"count":0,"href":"https:\/\/nexgendecors.com\/fr\/wp-json\/wp\/v2\/product\/62817\/revisions"}],"wp:featuredmedia":[{"embeddable":true,"href":"https:\/\/nexgendecors.com\/fr\/wp-json\/wp\/v2\/media\/122054"}],"wp:attachment":[{"href":"https:\/\/nexgendecors.com\/fr\/wp-json\/wp\/v2\/media?parent=62817"}],"wp:term":[{"taxonomy":"product_brand","embeddable":true,"href":"https:\/\/nexgendecors.com\/fr\/wp-json\/wp\/v2\/product_brand?post=62817"},{"taxonomy":"product_cat","embeddable":true,"href":"https:\/\/nexgendecors.com\/fr\/wp-json\/wp\/v2\/product_cat?post=62817"},{"taxonomy":"product_tag","embeddable":true,"href":"https:\/\/nexgendecors.com\/fr\/wp-json\/wp\/v2\/product_tag?post=62817"}],"curies":[{"name":"wp","href":"https:\/\/api.w.org\/{rel}","templated":true}]}}