{"id":62820,"date":"2025-01-26T03:00:04","date_gmt":"2025-01-26T03:00:04","guid":{"rendered":"https:\/\/nexgendecors.com\/product\/italian-minimalist-coffee-table-special-shaped-black-fiberglass-designer-creative-coffee-table-book-coffee-table-light-luxury-living-room-coffee-table\/"},"modified":"2025-04-06T08:54:45","modified_gmt":"2025-04-06T08:54:45","slug":"italian-minimalist-coffee-table-special-shaped-black-fiberglass-designer-creative-coffee-table-book-coffee-table-light-luxury-living-room-coffee-table","status":"publish","type":"product","link":"https:\/\/nexgendecors.com\/fr\/product\/italian-minimalist-coffee-table-special-shaped-black-fiberglass-designer-creative-coffee-table-book-coffee-table-light-luxury-living-room-coffee-table\/","title":{"rendered":"Table basse minimaliste design en fibre de verre noire"},"content":{"rendered":"<ul>\n<li>\n<strong>marque<\/strong>:autre\/autre<\/li>\n<li>\n<strong>mod\u00e8le<\/strong>:BNW-0098<\/li>\n<li>\n<strong>Mat\u00e9riel<\/strong>:Fibre de verre<\/li>\n<li>\n<strong>style<\/strong>:Minimalisme italien<\/li>\n<li>\n<strong>forme<\/strong>:Carr\u00e9<\/li>\n<li>\n<strong>Installation<\/strong>:Paquet<\/li>\n<li>\n<strong>trier par couleur<\/strong>:80*80*35cm tea table [black], 100*100*35cm tea table [black], 80*80*35cm tea table [cream white], 100*100*35cm tea table [cream white], 80*80*35cm tea table + side table [black], 100*100*35cm tea table + side table [black], 80*80*35cm tea table + side table [cream white], 100*100*35cm tea table + side table [cream white], 55cm side table [cream white], 55cm side table [black]<\/li>\n<li>\n<strong>Mat\u00e9riau de finition<\/strong>:Fibre de verre<\/li>\n<li>\n<strong>Est-ce personnalisable ?<\/strong>:Non<\/li>\n<li>\n<strong>Nombre de portes<\/strong>:Pas de porte<\/li>\n<li>\n<strong>Assembler<\/strong>:Non<\/li>\n<li>\n<strong>Table basse en forme d&#039;angle<\/strong>:Carr\u00e9<\/li>\n<li>\n<strong>Positionnement de style<\/strong>:Style artistique<\/li>\n<li>\n<strong>taille<\/strong>:0.8&#215;0.8&#215;0.35m<\/li>\n<\/ul>\n<p><img><\/p>","protected":false},"excerpt":{"rendered":"<p>Marque : autre\/autre Mod\u00e8le : BNW-0098 Mat\u00e9riau : fibre de verre Style : minimalisme italien Forme : carr\u00e9 Installation : paquet Trier par couleur : table \u00e0 th\u00e9 80*80*35cm [noir], table \u00e0 th\u00e9 100*100*35cm [noir], table \u00e0 th\u00e9 80*80*35cm<\/p>","protected":false},"featured_media":122063,"comment_status":"open","ping_status":"closed","template":"","meta":[],"product_brand":[],"product_cat":[30971,30857],"product_tag":[],"class_list":{"0":"post-62820","1":"product","2":"type-product","3":"status-publish","4":"has-post-thumbnail","6":"product_cat-hp","7":"product_cat-wholesale-sofa-table","9":"first","10":"instock","11":"taxable","12":"shipping-taxable","13":"purchasable","14":"product-type-variable"},"_links":{"self":[{"href":"https:\/\/nexgendecors.com\/fr\/wp-json\/wp\/v2\/product\/62820","targetHints":{"allow":["GET"]}}],"collection":[{"href":"https:\/\/nexgendecors.com\/fr\/wp-json\/wp\/v2\/product"}],"about":[{"href":"https:\/\/nexgendecors.com\/fr\/wp-json\/wp\/v2\/types\/product"}],"replies":[{"embeddable":true,"href":"https:\/\/nexgendecors.com\/fr\/wp-json\/wp\/v2\/comments?post=62820"}],"version-history":[{"count":0,"href":"https:\/\/nexgendecors.com\/fr\/wp-json\/wp\/v2\/product\/62820\/revisions"}],"wp:featuredmedia":[{"embeddable":true,"href":"https:\/\/nexgendecors.com\/fr\/wp-json\/wp\/v2\/media\/122063"}],"wp:attachment":[{"href":"https:\/\/nexgendecors.com\/fr\/wp-json\/wp\/v2\/media?parent=62820"}],"wp:term":[{"taxonomy":"product_brand","embeddable":true,"href":"https:\/\/nexgendecors.com\/fr\/wp-json\/wp\/v2\/product_brand?post=62820"},{"taxonomy":"product_cat","embeddable":true,"href":"https:\/\/nexgendecors.com\/fr\/wp-json\/wp\/v2\/product_cat?post=62820"},{"taxonomy":"product_tag","embeddable":true,"href":"https:\/\/nexgendecors.com\/fr\/wp-json\/wp\/v2\/product_tag?post=62820"}],"curies":[{"name":"wp","href":"https:\/\/api.w.org\/{rel}","templated":true}]}}