{"id":62839,"date":"2025-01-26T03:00:10","date_gmt":"2025-01-26T03:00:10","guid":{"rendered":"https:\/\/nexgendecors.com\/product\/italian-minimalist-dining-sideboard-light-luxury-high-end-solid-wood-tea-cabinet-villa-modern-simple-entrance-cabinet-storage-cabinet-2\/"},"modified":"2025-04-06T08:54:53","modified_gmt":"2025-04-06T08:54:53","slug":"italian-minimalist-dining-sideboard-light-luxury-high-end-solid-wood-tea-cabinet-villa-modern-simple-entrance-cabinet-storage-cabinet-2","status":"publish","type":"product","link":"https:\/\/nexgendecors.com\/fr\/product\/italian-minimalist-dining-sideboard-light-luxury-high-end-solid-wood-tea-cabinet-villa-modern-simple-entrance-cabinet-storage-cabinet-2\/","title":{"rendered":"Meuble \u00e0 th\u00e9 italien minimaliste en bois massif \u2013 Design luxueux"},"content":{"rendered":"<ul>\n<li>\n<strong>marque<\/strong>:\u00c9rable violet de jade<\/li>\n<li>\n<strong>mod\u00e8le<\/strong>:Y0908<\/li>\n<li>\n<strong>style<\/strong>:Moderne et simple<\/li>\n<li>\n<strong>Fonctionnalit\u00e9s suppl\u00e9mentaires<\/strong>:Stockage<\/li>\n<li>\n<strong>volume du colis<\/strong>:1<\/li>\n<li>\n<strong>Est-ce personnalisable ?<\/strong>:Oui<\/li>\n<li>\n<strong>Assembler<\/strong>:Oui<\/li>\n<li>\n<strong>Mat\u00e9riel<\/strong>:Panneau multicouche en bois massif<\/li>\n<li>\n<strong>Nombre de tiroirs<\/strong>:0<\/li>\n<li>\n<strong>trier par couleur<\/strong>:900 Length 400 Depth 850 Height 1200 Length 400 Depth 850 Height 1400 Length 400 Depth 850 Height 1500 Length 400 Depth 850 Height 1600 Length 400 Depth 850 Height Other Sizes and Colors<\/li>\n<\/ul>\n<p><img><\/p>","protected":false},"excerpt":{"rendered":"<p>Marque : Jade Purple Maple Mod\u00e8le : Y0908 Style : Moderne et simple Caract\u00e9ristiques suppl\u00e9mentaires : Volume du paquet de stockage : 1 Est-il personnalisable ? : Oui Assemblage : Oui Mat\u00e9riau : Panneau multicouche en bois massif Nombre<\/p>","protected":false},"featured_media":122071,"comment_status":"open","ping_status":"closed","template":"","meta":[],"product_brand":[],"product_cat":[30862,30971,30850,30851,30854],"product_tag":[],"class_list":{"0":"post-62839","1":"product","2":"type-product","3":"status-publish","4":"has-post-thumbnail","6":"product_cat-wholesales-hotels","7":"product_cat-hp","8":"product_cat-wholesale-furniture","9":"product_cat-wholesale-cabinets","10":"product_cat-wholesale-side-table","12":"first","13":"instock","14":"taxable","15":"shipping-taxable","16":"purchasable","17":"product-type-variable"},"_links":{"self":[{"href":"https:\/\/nexgendecors.com\/fr\/wp-json\/wp\/v2\/product\/62839","targetHints":{"allow":["GET"]}}],"collection":[{"href":"https:\/\/nexgendecors.com\/fr\/wp-json\/wp\/v2\/product"}],"about":[{"href":"https:\/\/nexgendecors.com\/fr\/wp-json\/wp\/v2\/types\/product"}],"replies":[{"embeddable":true,"href":"https:\/\/nexgendecors.com\/fr\/wp-json\/wp\/v2\/comments?post=62839"}],"version-history":[{"count":0,"href":"https:\/\/nexgendecors.com\/fr\/wp-json\/wp\/v2\/product\/62839\/revisions"}],"wp:featuredmedia":[{"embeddable":true,"href":"https:\/\/nexgendecors.com\/fr\/wp-json\/wp\/v2\/media\/122071"}],"wp:attachment":[{"href":"https:\/\/nexgendecors.com\/fr\/wp-json\/wp\/v2\/media?parent=62839"}],"wp:term":[{"taxonomy":"product_brand","embeddable":true,"href":"https:\/\/nexgendecors.com\/fr\/wp-json\/wp\/v2\/product_brand?post=62839"},{"taxonomy":"product_cat","embeddable":true,"href":"https:\/\/nexgendecors.com\/fr\/wp-json\/wp\/v2\/product_cat?post=62839"},{"taxonomy":"product_tag","embeddable":true,"href":"https:\/\/nexgendecors.com\/fr\/wp-json\/wp\/v2\/product_tag?post=62839"}],"curies":[{"name":"wp","href":"https:\/\/api.w.org\/{rel}","templated":true}]}}