{"id":63004,"date":"2025-01-26T03:00:39","date_gmt":"2025-01-26T03:00:39","guid":{"rendered":"https:\/\/nexgendecors.com\/product\/italian-minimalist-marble-shoe-cabinet-light-luxury-style-entrance-hall-cabinet-facing-the-foyer-decorative-side-cabinet-partition-dining-side-cabinet-2\/"},"modified":"2025-04-06T08:55:34","modified_gmt":"2025-04-06T08:55:34","slug":"italian-minimalist-marble-shoe-cabinet-light-luxury-style-entrance-hall-cabinet-facing-the-foyer-decorative-side-cabinet-partition-dining-side-cabinet-2","status":"publish","type":"product","link":"https:\/\/nexgendecors.com\/fr\/product\/italian-minimalist-marble-shoe-cabinet-light-luxury-style-entrance-hall-cabinet-facing-the-foyer-decorative-side-cabinet-partition-dining-side-cabinet-2\/","title":{"rendered":"Meuble \u00e0 chaussures minimaliste italien en marbre \u2013 Style luxe l\u00e9ger"},"content":{"rendered":"<ul>\n<li>\n<strong>marque<\/strong>:Bolest<\/li>\n<li>\n<strong>mod\u00e8le<\/strong>:QQY2002998<\/li>\n<li>\n<strong>Mat\u00e9riel<\/strong>:Bois<\/li>\n<li>\n<strong>Mat\u00e9riau en bois<\/strong>:bouleau<\/li>\n<li>\n<strong>mod\u00e8le<\/strong>:Art<\/li>\n<li>\n<strong>style<\/strong>:Style de luxe l\u00e9ger<\/li>\n<li>\n<strong>Installation<\/strong>:Paquet<\/li>\n<li>\n<strong>trier par couleur<\/strong>:High-grade gray 1.6 meters, high-grade gray 1.2 meters, high-grade gray 1.0 meters<\/li>\n<li>\n<strong>Poids brut<\/strong>:81kg<\/li>\n<li>\n<strong>Mat\u00e9riau de finition<\/strong>:Bois<\/li>\n<li>\n<strong>Is the partition adjustable?<\/strong>:Oui<\/li>\n<li>\n<strong>Est-ce personnalisable ?<\/strong>:Non<\/li>\n<li>\n<strong>Nombre de portes<\/strong>:4 doors<\/li>\n<li>\n<strong>Fonctionnalit\u00e9s suppl\u00e9mentaires<\/strong>:Multifonction<\/li>\n<li>\n<strong>Structure du meuble<\/strong>:Structure de cadre en bo\u00eete<\/li>\n<li>\n<strong>M\u00e9thode d&#039;ouverture et de fermeture<\/strong>:Double door<\/li>\n<li>\n<strong>Livraison\/installation disponible<\/strong>:All cities, Beijing, Chongqing, Shanghai, Tianjin, Shenzhen, Chengdu, Shenyang, Dalian, Harbin, Nanjing, Wuxi, Changzhou, Suzhou, Hangzhou, Ningbo, Wenzhou, Jinhua, Taizhou, Fuzhou, Xiamen, Nanchang, Qingdao, Zhengzhou, Wuhan, Changsha, Guangzhou, Foshan, Dongguan, Nanning, Guiyang, Xi&#8217;an<\/li>\n<li>\n<strong>ville<\/strong>:Ville de Zhongshan<\/li>\n<li>\n<strong>Districts et comt\u00e9s<\/strong>:District de Shiqi<\/li>\n<li>\n<strong>Assembler<\/strong>:Non<\/li>\n<li>\n<strong>volume du colis<\/strong>:0.8<\/li>\n<li>\n<strong>Instructions d&#039;installation d\u00e9taill\u00e9es<\/strong>:Aucune instruction d&#039;installation<\/li>\n<li>\n<strong><\/strong>:<\/li>\n<\/ul>\n<p><img><\/p>","protected":false},"excerpt":{"rendered":"<p>Marque : Bolest Mod\u00e8le : QQY2002998 Mat\u00e9riau : Bois Mat\u00e9riau du bois : bouleau Motif : Art Style : Style de luxe l\u00e9ger Installation : Pack Trier par couleur : Gris de haute qualit\u00e9 1,6 m\u00e8tre, gris de haute qualit\u00e9 1,2 m\u00e8tre,<\/p>","protected":false},"featured_media":122169,"comment_status":"open","ping_status":"closed","template":"","meta":[],"product_brand":[],"product_cat":[30858,30862,30971,30850,30851],"product_tag":[],"class_list":{"0":"post-63004","1":"product","2":"type-product","3":"status-publish","4":"has-post-thumbnail","6":"product_cat-wholesale-bedroom","7":"product_cat-wholesales-hotels","8":"product_cat-hp","9":"product_cat-wholesale-furniture","10":"product_cat-wholesale-cabinets","12":"first","13":"instock","14":"taxable","15":"shipping-taxable","16":"purchasable","17":"product-type-variable"},"_links":{"self":[{"href":"https:\/\/nexgendecors.com\/fr\/wp-json\/wp\/v2\/product\/63004","targetHints":{"allow":["GET"]}}],"collection":[{"href":"https:\/\/nexgendecors.com\/fr\/wp-json\/wp\/v2\/product"}],"about":[{"href":"https:\/\/nexgendecors.com\/fr\/wp-json\/wp\/v2\/types\/product"}],"replies":[{"embeddable":true,"href":"https:\/\/nexgendecors.com\/fr\/wp-json\/wp\/v2\/comments?post=63004"}],"version-history":[{"count":0,"href":"https:\/\/nexgendecors.com\/fr\/wp-json\/wp\/v2\/product\/63004\/revisions"}],"wp:featuredmedia":[{"embeddable":true,"href":"https:\/\/nexgendecors.com\/fr\/wp-json\/wp\/v2\/media\/122169"}],"wp:attachment":[{"href":"https:\/\/nexgendecors.com\/fr\/wp-json\/wp\/v2\/media?parent=63004"}],"wp:term":[{"taxonomy":"product_brand","embeddable":true,"href":"https:\/\/nexgendecors.com\/fr\/wp-json\/wp\/v2\/product_brand?post=63004"},{"taxonomy":"product_cat","embeddable":true,"href":"https:\/\/nexgendecors.com\/fr\/wp-json\/wp\/v2\/product_cat?post=63004"},{"taxonomy":"product_tag","embeddable":true,"href":"https:\/\/nexgendecors.com\/fr\/wp-json\/wp\/v2\/product_tag?post=63004"}],"curies":[{"name":"wp","href":"https:\/\/api.w.org\/{rel}","templated":true}]}}