{"id":63124,"date":"2025-01-26T03:00:55","date_gmt":"2025-01-26T03:00:55","guid":{"rendered":"https:\/\/nexgendecors.com\/product\/italian-minimalist-transparent-acrylic-leisure-single-chair-designer-creative-tempered-glass-special-shaped-net-celebrity-recliner\/"},"modified":"2025-04-06T08:55:47","modified_gmt":"2025-04-06T08:55:47","slug":"fauteuil-de-loisirs-simple-en-acrylique-transparent-minimaliste-italien-design-creatif-en-verre-trempe-fauteuil-inclinable-special-pour-celebrites","status":"publish","type":"product","link":"https:\/\/nexgendecors.com\/fr\/product\/fauteuil-de-loisirs-simple-en-acrylique-transparent-minimaliste-italien-design-creatif-en-verre-trempe-fauteuil-inclinable-special-pour-celebrites\/","title":{"rendered":"Fauteuil de loisirs minimaliste italien en acrylique \u2013 Fauteuil inclinable \u00e9l\u00e9gant"},"content":{"rendered":"<ul>\n<li>\n<strong>marque<\/strong>:Fang Yuzheng<\/li>\n<li>\n<strong>mod\u00e8le<\/strong>:169<\/li>\n<li>\n<strong>Mat\u00e9riel<\/strong>:Verre<\/li>\n<li>\n<strong>\u00e9l\u00e9ments populaires<\/strong>:Conception principale, forme sp\u00e9ciale<\/li>\n<li>\n<strong>trier par couleur<\/strong>:Acrylique + cuir orange, acrylique + cuir noir, acrylique + cuir marron, acrylique + cuir vert, acrylique + cuir marron, verre tremp\u00e9 + cuir orange, verre tremp\u00e9 + cuir noir, verre tremp\u00e9 + cuir marron, verre tremp\u00e9 + cuir vert, verre tremp\u00e9 + cuir marron, personnalisation du cuir couleur contacter le service client<\/li>\n<li>\n<strong>Est-ce personnalisable ?<\/strong>:Oui<\/li>\n<li>\n<strong>Livraison\/installation disponible<\/strong>:Shanghai, autres, P\u00e9kin, Nanjing, Nanchang, Harbin, Dalian, Tianjin, Ningbo, Guangzhou, Chengdu, Hangzhou, Wuhan, Shenyang, Shenzhen, Wenzhou, Suzhou, Xi&#039;an, Guiyang, Zhengzhou, Chongqing, Jinhua, Changsha, Dongguan, Fuzhou, Qingdao, Wuxi, Taizhou, Changzhou, Foshan, Xiamen, Nanning<\/li>\n<li>\n<strong>ville<\/strong>:Huizhou<\/li>\n<li>\n<strong>Districts et comt\u00e9s<\/strong>:District de Huiyang<\/li>\n<li>\n<strong>Un taxi est-il disponible pour le transport ?<\/strong>:Non<\/li>\n<li>\n<strong>Positionnement de style<\/strong>:Style artistique<\/li>\n<li>\n<strong>Instructions d&#039;installation d\u00e9taill\u00e9es<\/strong>:Aucune instruction d&#039;installation<\/li>\n<li>\n<strong><\/strong>:<\/li>\n<\/ul>","protected":false},"excerpt":{"rendered":"<p>brand:Fang Yuzheng model:169 Material:Glass popular elements:Master Design, Special Shape sort by color:Acrylic + orange leather, acrylic + black leather, acrylic<\/p>","protected":false},"featured_media":122255,"comment_status":"open","ping_status":"closed","template":"","meta":[],"product_brand":[],"product_cat":[30971,30850],"product_tag":[15654],"class_list":{"0":"post-63124","1":"product","2":"type-product","3":"status-publish","4":"has-post-thumbnail","6":"product_cat-hp","7":"product_cat-wholesale-furniture","8":"product_tag-taobao","10":"first","11":"instock","12":"sale","13":"taxable","14":"shipping-taxable","15":"purchasable","16":"product-type-variable"},"_links":{"self":[{"href":"https:\/\/nexgendecors.com\/fr\/wp-json\/wp\/v2\/product\/63124","targetHints":{"allow":["GET"]}}],"collection":[{"href":"https:\/\/nexgendecors.com\/fr\/wp-json\/wp\/v2\/product"}],"about":[{"href":"https:\/\/nexgendecors.com\/fr\/wp-json\/wp\/v2\/types\/product"}],"replies":[{"embeddable":true,"href":"https:\/\/nexgendecors.com\/fr\/wp-json\/wp\/v2\/comments?post=63124"}],"version-history":[{"count":0,"href":"https:\/\/nexgendecors.com\/fr\/wp-json\/wp\/v2\/product\/63124\/revisions"}],"wp:featuredmedia":[{"embeddable":true,"href":"https:\/\/nexgendecors.com\/fr\/wp-json\/wp\/v2\/media\/122255"}],"wp:attachment":[{"href":"https:\/\/nexgendecors.com\/fr\/wp-json\/wp\/v2\/media?parent=63124"}],"wp:term":[{"taxonomy":"product_brand","embeddable":true,"href":"https:\/\/nexgendecors.com\/fr\/wp-json\/wp\/v2\/product_brand?post=63124"},{"taxonomy":"product_cat","embeddable":true,"href":"https:\/\/nexgendecors.com\/fr\/wp-json\/wp\/v2\/product_cat?post=63124"},{"taxonomy":"product_tag","embeddable":true,"href":"https:\/\/nexgendecors.com\/fr\/wp-json\/wp\/v2\/product_tag?post=63124"}],"curies":[{"name":"wp","href":"https:\/\/api.w.org\/{rel}","templated":true}]}}