{"id":63227,"date":"2025-01-26T03:01:14","date_gmt":"2025-01-26T03:01:14","guid":{"rendered":"https:\/\/nexgendecors.com\/product\/japanese-black-and-white-wabi-sabi-art-square-pillow\/"},"modified":"2025-04-06T08:56:11","modified_gmt":"2025-04-06T08:56:11","slug":"coussin-carre-japonais-noir-et-blanc-art-wabi-sabi","status":"publish","type":"product","link":"https:\/\/nexgendecors.com\/fr\/product\/coussin-carre-japonais-noir-et-blanc-art-wabi-sabi\/","title":{"rendered":"Coussin d\u00e9coratif de style japonais boh\u00e8me ANGELLOONG"},"content":{"rendered":"<div><strong>Description:<\/strong><\/div>\n<ul class=\"a-unordered-list a-vertical a-spacing-mini\" data-mce-fragment=\"1\">\n<li data-mce-fragment=\"1\"><span class=\"a-list-item\" data-mce-fragment=\"1\">Design moderne et unique\u00a0: les housses de coussin noires et blanches, au look design, se d\u00e9marqueront de la foule. Leur qualit\u00e9 exceptionnelle d\u00e9passera vos attentes. Choisissez des couleurs classiques, un tissage, un capitonnage et des pompons artisanaux, pour un r\u00e9sultat chaleureux et confortable.<\/span><\/li>\n<li data-mce-fragment=\"1\"><span class=\"a-list-item\" data-mce-fragment=\"1\">Tissu et dimensions\u00a0: le devant de cette housse de coussin de 45 x 45 cm est en coton 45%, polyester 45% et viscose 10%, tandis que le dos est en coton 100%. Sa finition soign\u00e9e lui conf\u00e8re une texture touffet\u00e9e dense, douce et esth\u00e9tique. L&#039;effet 3D de la technique de touffetage conf\u00e8re aux housses de coussin boh\u00e8me leur caract\u00e8re unique.<\/span><\/li>\n<li data-mce-fragment=\"1\"><span class=\"a-list-item\" data-mce-fragment=\"1\">Durabilit\u00e9\u00a0: la fermeture \u00e9clair invisible facilite l&#039;enfilage et le retrait. Coutures soign\u00e9es, y compris autour de la fermeture \u00e9clair. Cette housse de coussin d\u00e9corative arbore des motifs g\u00e9om\u00e9triques classiques et intemporels. Le capitonnage en fils de coton assortis lui conf\u00e8re un aspect luxueux.<\/span><\/li>\n<li data-mce-fragment=\"1\"><span class=\"a-list-item\" data-mce-fragment=\"1\">D\u00e9coration parfaite : ces housses de coussin boh\u00e8mes sont respirantes, chaudes et r\u00e9sistantes \u00e0 la chaleur. Parfaites pour d\u00e9corer votre chambre de mani\u00e8re simple et tendance. Convient pour le salon, la chambre, le canap\u00e9, le lit, la voiture, le bureau, le caf\u00e9, etc.<\/span><\/li>\n<\/ul>","protected":false},"excerpt":{"rendered":"<p>Description : Design moderne unique : les housses de coussin noires et blanches ont un look et une sensation de designer, se d\u00e9marqueront dans<\/p>","protected":false},"featured_media":122342,"comment_status":"open","ping_status":"closed","template":"","meta":[],"product_brand":[],"product_cat":[30823,30828,30971],"product_tag":[12259,12260],"class_list":{"0":"post-63227","1":"product","2":"type-product","3":"status-publish","4":"has-post-thumbnail","6":"product_cat-cushions-throuws","7":"product_cat-furnishing","8":"product_cat-hp","9":"product_tag-_wf_cus","10":"product_tag-_wf_exc","12":"first","13":"instock","14":"sale","15":"taxable","16":"shipping-taxable","17":"purchasable","18":"product-type-variable"},"_links":{"self":[{"href":"https:\/\/nexgendecors.com\/fr\/wp-json\/wp\/v2\/product\/63227","targetHints":{"allow":["GET"]}}],"collection":[{"href":"https:\/\/nexgendecors.com\/fr\/wp-json\/wp\/v2\/product"}],"about":[{"href":"https:\/\/nexgendecors.com\/fr\/wp-json\/wp\/v2\/types\/product"}],"replies":[{"embeddable":true,"href":"https:\/\/nexgendecors.com\/fr\/wp-json\/wp\/v2\/comments?post=63227"}],"version-history":[{"count":0,"href":"https:\/\/nexgendecors.com\/fr\/wp-json\/wp\/v2\/product\/63227\/revisions"}],"wp:featuredmedia":[{"embeddable":true,"href":"https:\/\/nexgendecors.com\/fr\/wp-json\/wp\/v2\/media\/122342"}],"wp:attachment":[{"href":"https:\/\/nexgendecors.com\/fr\/wp-json\/wp\/v2\/media?parent=63227"}],"wp:term":[{"taxonomy":"product_brand","embeddable":true,"href":"https:\/\/nexgendecors.com\/fr\/wp-json\/wp\/v2\/product_brand?post=63227"},{"taxonomy":"product_cat","embeddable":true,"href":"https:\/\/nexgendecors.com\/fr\/wp-json\/wp\/v2\/product_cat?post=63227"},{"taxonomy":"product_tag","embeddable":true,"href":"https:\/\/nexgendecors.com\/fr\/wp-json\/wp\/v2\/product_tag?post=63227"}],"curies":[{"name":"wp","href":"https:\/\/api.w.org\/{rel}","templated":true}]}}