{"id":63293,"date":"2025-01-26T03:01:19","date_gmt":"2025-01-26T03:01:19","guid":{"rendered":"https:\/\/nexgendecors.com\/product\/japanese-ins-style-nail-table-and-chair-set-simple-single-double-silver-dressing-table-nail-table-special-price-economical\/"},"modified":"2025-04-06T08:56:15","modified_gmt":"2025-04-06T08:56:15","slug":"japanese-ins-style-nail-table-and-chair-set-simple-single-double-silver-dressing-table-nail-table-special-price-economical","status":"publish","type":"product","link":"https:\/\/nexgendecors.com\/fr\/product\/japanese-ins-style-nail-table-and-chair-set-simple-single-double-silver-dressing-table-nail-table-special-price-economical\/","title":{"rendered":"Ensemble \u00e9l\u00e9gant de table et de chaises japonaises pour manucure \u2013 Style abordable"},"content":{"rendered":"<ul>\n<li>\n<strong>marque<\/strong>:Zhongmin Yunshang<\/li>\n<li>\n<strong>mod\u00e8le<\/strong>:ZMYS0149<\/li>\n<li>\n<strong>Fonction<\/strong>:Anti-fouling and dirt-resistant<\/li>\n<li>\n<strong>Mat\u00e9riel<\/strong>:Iron rock slab soft package<\/li>\n<li>\n<strong>style<\/strong>:Style de luxe l\u00e9ger<\/li>\n<li>\n<strong>Origine<\/strong>:Province du Fujian<\/li>\n<li>\n<strong>trier par couleur<\/strong>:(Silver) Goddess Nail Art Table 80x45x78 (Silver) Goddess Nail Art Table 100x45x78 (Silver) Goddess Nail Art Table 120x45x78 (Silver) Goddess Nail Art Table 140x45x78 (Silver) Round Stool (Color Note) (Silver) Red Lip Chair (Color Note) (Silver) Meilin Chair (Color Note) (Silver) Scallop Chair (Color Note) (Silver) Mermaid Chair (Color Note) (Silver) Water Drop Chair (Color Note) (Silver) Princess Chair (Color Note) (Silver) Lotus Leaf Chair (Color Note) (Silver) Lipstick Sofa (Color Note) (Silver) Football Chair (Color Note) (Silver) Arc Chair (Color Note) (Silver) Line U-shaped Sofa (Color Note) (Silver) Butterfly Chair (Color Note) (Silver) U-shaped Sofa (Color Note) Cactus Chair (Color Note) Hippo Chair (color notes) (Silver) Swallow Chair (color notes) Peacock Chair (color notes)<\/li>\n<li>\n<strong>Package Type<\/strong>:Official standard<\/li>\n<li>\n<strong>Taille du paquet<\/strong>:0<\/li>\n<li>\n<strong>Poids du colis<\/strong>:0<\/li>\n<li>\n<strong>Normes environnementales<\/strong>:green design<\/li>\n<li>\n<strong>Est-ce personnalisable ?<\/strong>:Oui<\/li>\n<li>\n<strong>La pr\u00e9vente est-elle disponible ?<\/strong>:Non<\/li>\n<li>\n<strong><\/strong>:<\/li>\n<\/ul>\n<p><img><\/p>","protected":false},"excerpt":{"rendered":"<p>Marque : Zhongmin Yunshang Mod\u00e8le : ZMYS0149 Fonction : Anti-salissure et r\u00e9sistant \u00e0 la salet\u00e9 Mat\u00e9riau : Dalle de roche en fer Style d&#039;emballage souple : Style de luxe l\u00e9ger Origine : Province du Fujian Trier par couleur : (Argent) D\u00e9esse<\/p>","protected":false},"featured_media":122375,"comment_status":"open","ping_status":"closed","template":"","meta":[],"product_brand":[],"product_cat":[30971,30865],"product_tag":[],"class_list":{"0":"post-63293","1":"product","2":"type-product","3":"status-publish","4":"has-post-thumbnail","6":"product_cat-hp","7":"product_cat-wholesales-salons-shops","9":"first","10":"instock","11":"sale","12":"taxable","13":"shipping-taxable","14":"purchasable","15":"product-type-variable"},"_links":{"self":[{"href":"https:\/\/nexgendecors.com\/fr\/wp-json\/wp\/v2\/product\/63293","targetHints":{"allow":["GET"]}}],"collection":[{"href":"https:\/\/nexgendecors.com\/fr\/wp-json\/wp\/v2\/product"}],"about":[{"href":"https:\/\/nexgendecors.com\/fr\/wp-json\/wp\/v2\/types\/product"}],"replies":[{"embeddable":true,"href":"https:\/\/nexgendecors.com\/fr\/wp-json\/wp\/v2\/comments?post=63293"}],"version-history":[{"count":0,"href":"https:\/\/nexgendecors.com\/fr\/wp-json\/wp\/v2\/product\/63293\/revisions"}],"wp:featuredmedia":[{"embeddable":true,"href":"https:\/\/nexgendecors.com\/fr\/wp-json\/wp\/v2\/media\/122375"}],"wp:attachment":[{"href":"https:\/\/nexgendecors.com\/fr\/wp-json\/wp\/v2\/media?parent=63293"}],"wp:term":[{"taxonomy":"product_brand","embeddable":true,"href":"https:\/\/nexgendecors.com\/fr\/wp-json\/wp\/v2\/product_brand?post=63293"},{"taxonomy":"product_cat","embeddable":true,"href":"https:\/\/nexgendecors.com\/fr\/wp-json\/wp\/v2\/product_cat?post=63293"},{"taxonomy":"product_tag","embeddable":true,"href":"https:\/\/nexgendecors.com\/fr\/wp-json\/wp\/v2\/product_tag?post=63293"}],"curies":[{"name":"wp","href":"https:\/\/api.w.org\/{rel}","templated":true}]}}