{"id":63628,"date":"2025-01-26T03:02:12","date_gmt":"2025-01-26T03:02:12","guid":{"rendered":"https:\/\/nexgendecors.com\/product\/kashuo-future-stone-wabi-sabi-wind-art-tile-milk-tea-shop-wall-brick-restaurant-coffee-shop-clubhouse-porch-background-wall-brick\/"},"modified":"2025-04-15T11:18:10","modified_gmt":"2025-04-15T11:18:10","slug":"kashuo-future-stone-wabi-sabi-wind-art-tile-milk-tea-shop-wall-brick-restaurant-coffee-shop-clubhouse-porch-background-wall-brick","status":"publish","type":"product","link":"https:\/\/nexgendecors.com\/fr\/product\/kashuo-future-stone-wabi-sabi-wind-art-tile-milk-tea-shop-wall-brick-restaurant-coffee-shop-clubhouse-porch-background-wall-brick\/","title":{"rendered":"Carrelage d\u00e9coratif Kashuo Wabi Sabi Wind Art pour murs de caf\u00e9"},"content":{"rendered":"<div id=\"J_BrandAttr\">\n<div class=\"name\">\n<font style=\"vertical-align: inherit;\"><font style=\"vertical-align: inherit;\">Nom de marque : <\/font><\/font><b class=\"J_EbrandLogo\" target=\"_blank\" href=\"\/\/brand.tmall.com\/brandInfo.htm?brandId=38744885&#038;type=0&#038;scm=1048.1.1.4\"><font style=\"vertical-align: inherit;\"><font style=\"vertical-align: inherit;\">Kashuo<\/font><\/font><\/b>\n<\/div>\n<\/div>\n<p><em><font style=\"vertical-align: inherit;\"><font style=\"vertical-align: inherit;\">Param\u00e8tres du produit :<\/font><\/font><\/em><\/p>\n<ul id=\"J_AttrUL\">\n<li title=\"\u00a0Wear-resistant\"><font style=\"vertical-align: inherit;\"><font style=\"vertical-align: inherit;\">Special purpose: Wear-resistant<\/font><\/font><\/li>\n<li id=\"J_attrBrandName\" title=\"\u00a0Kashuo\"><font style=\"vertical-align: inherit;\"><font style=\"vertical-align: inherit;\">Marque : Kashuo<\/font><\/font><\/li>\n<li title=\"\u00a03DCL-T1\"><font style=\"vertical-align: inherit;\"><font style=\"vertical-align: inherit;\">Model: 3DCL-T1<\/font><\/font><\/li>\n<li title=\"\u00a0ceramics\"><font style=\"vertical-align: inherit;\"><font style=\"vertical-align: inherit;\">Mat\u00e9riau : c\u00e9ramique<\/font><\/font><\/li>\n<li title=\"\u00a0Simple et moderne\"><font style=\"vertical-align: inherit;\"><font style=\"vertical-align: inherit;\">Style : simple et moderne<\/font><\/font><\/li>\n<li title=\"\u00a0Chine continentale\"><font style=\"vertical-align: inherit;\"><font style=\"vertical-align: inherit;\">Origine : Chine continentale<\/font><\/font><\/li>\n<li title=\"\u00a0autre\"><font style=\"vertical-align: inherit;\"><font style=\"vertical-align: inherit;\">Size: other<\/font><\/font><\/li>\n<li title=\"\u00a0mur int\u00e9rieur\"><font style=\"vertical-align: inherit;\"><font style=\"vertical-align: inherit;\">Espace applicable : mur int\u00e9rieur<\/font><\/font><\/li>\n<li title=\"\u00a0Time Stone 190X46\"><font style=\"vertical-align: inherit;\"><font style=\"vertical-align: inherit;\">Color classification: Stone of time and space 190X46<\/font><\/font><\/li>\n<li title=\"\u00a0Les acheteurs de la m\u00eame ville viennent r\u00e9cup\u00e9rer les marchandises\"><font style=\"vertical-align: inherit;\"><font style=\"vertical-align: inherit;\">Service dans la m\u00eame ville : les acheteurs de la m\u00eame ville viennent r\u00e9cup\u00e9rer les marchandises<\/font><\/font><\/li>\n<li title=\"\u00a0autre\"><font style=\"vertical-align: inherit;\"><font style=\"vertical-align: inherit;\">Process: other\/other<\/font><\/font><\/li>\n<li title=\"\u00a0background wall restaurant porch\"><font style=\"vertical-align: inherit;\"><font style=\"vertical-align: inherit;\">Decoration space classification: background wall restaurant porch<\/font><\/font><\/li>\n<li title=\"\u00a0matte\"><font style=\"vertical-align: inherit;\"><font style=\"vertical-align: inherit;\">Paint gloss: matte<\/font><\/font><\/li>\n<li title=\"\u00a046mm\"><font style=\"vertical-align: inherit;\"><font style=\"vertical-align: inherit;\">Each piece width (mm): 46mm<\/font><\/font><\/li>\n<li title=\"\u00a0190mm\"><font style=\"vertical-align: inherit;\"><font style=\"vertical-align: inherit;\">Length of each piece (mm): 190mm<\/font><\/font><\/li>\n<li title=\"\u00a00.0087\u33a1\"><font style=\"vertical-align: inherit;\"><font style=\"vertical-align: inherit;\">Pricing unit: 0.0087\u33a1<\/font><\/font><\/li>\n<li title=\"\u00a0Sample cutting is free, freight is at your own expense\"><font style=\"vertical-align: inherit;\"><font style=\"vertical-align: inherit;\">Envoi d&#039;\u00e9chantillons : la d\u00e9coupe des \u00e9chantillons est gratuite, le transport est \u00e0 vos frais<\/font><\/font><\/li>\n<p>                                \t\t\t\t\t\t\t\t\t\t\t\t\t\t\t\t\t\t\t\t\t                        <!-- \u5065\u5b57\u53f7\u76f8\u5173-->\t\t\t\t\t\t\t    <\/ul>","protected":false},"excerpt":{"rendered":"<p>Nom de marque : Kashuo Param\u00e8tres du produit : Usage sp\u00e9cial : R\u00e9sistant \u00e0 l&#039;usure Marque : Kashuo Mod\u00e8le : 3DCL-T1 Mat\u00e9riau : C\u00e9ramique Style : simple et moderne Origine : Continentale<\/p>","protected":false},"featured_media":122678,"comment_status":"open","ping_status":"closed","template":"","meta":[],"product_brand":[],"product_cat":[30971,30986,30878],"product_tag":[12259,12260],"class_list":{"0":"post-63628","1":"product","2":"type-product","3":"status-publish","4":"has-post-thumbnail","6":"product_cat-hp","7":"product_cat-tiles-wall-bricks","8":"product_cat-wall-panel","9":"product_tag-_wf_cus","10":"product_tag-_wf_exc","12":"first","13":"instock","14":"sale","15":"taxable","16":"shipping-taxable","17":"purchasable","18":"product-type-simple"},"_links":{"self":[{"href":"https:\/\/nexgendecors.com\/fr\/wp-json\/wp\/v2\/product\/63628","targetHints":{"allow":["GET"]}}],"collection":[{"href":"https:\/\/nexgendecors.com\/fr\/wp-json\/wp\/v2\/product"}],"about":[{"href":"https:\/\/nexgendecors.com\/fr\/wp-json\/wp\/v2\/types\/product"}],"replies":[{"embeddable":true,"href":"https:\/\/nexgendecors.com\/fr\/wp-json\/wp\/v2\/comments?post=63628"}],"version-history":[{"count":0,"href":"https:\/\/nexgendecors.com\/fr\/wp-json\/wp\/v2\/product\/63628\/revisions"}],"wp:featuredmedia":[{"embeddable":true,"href":"https:\/\/nexgendecors.com\/fr\/wp-json\/wp\/v2\/media\/122678"}],"wp:attachment":[{"href":"https:\/\/nexgendecors.com\/fr\/wp-json\/wp\/v2\/media?parent=63628"}],"wp:term":[{"taxonomy":"product_brand","embeddable":true,"href":"https:\/\/nexgendecors.com\/fr\/wp-json\/wp\/v2\/product_brand?post=63628"},{"taxonomy":"product_cat","embeddable":true,"href":"https:\/\/nexgendecors.com\/fr\/wp-json\/wp\/v2\/product_cat?post=63628"},{"taxonomy":"product_tag","embeddable":true,"href":"https:\/\/nexgendecors.com\/fr\/wp-json\/wp\/v2\/product_tag?post=63628"}],"curies":[{"name":"wp","href":"https:\/\/api.w.org\/{rel}","templated":true}]}}