{"id":63642,"date":"2025-01-26T03:02:14","date_gmt":"2025-01-26T03:02:14","guid":{"rendered":"https:\/\/nexgendecors.com\/product\/custom-nordic-solid-wood-bedside-table-simple-modern-small-rack-light-luxury-creative-new-free-installation-bedroom-bedside-table\/"},"modified":"2025-04-06T08:56:46","modified_gmt":"2025-04-06T08:56:46","slug":"table-de-chevet-nordique-en-bois-massif-sur-mesure-simple-moderne-petite-etagere-luxe-creative-nouvelle-installation-gratuite-table-de-chevet-pour-chambre-a-coucher","status":"publish","type":"product","link":"https:\/\/nexgendecors.com\/fr\/product\/table-de-chevet-nordique-en-bois-massif-sur-mesure-simple-moderne-petite-etagere-luxe-creative-nouvelle-installation-gratuite-table-de-chevet-pour-chambre-a-coucher\/","title":{"rendered":"Table de nuit Kayden : \u00c9l\u00e9gance moderne et solutions de rangement"},"content":{"rendered":"<p data-mce-fragment=\"1\"><span data-mce-fragment=\"1\">Une table de chevet classique au style intemporel et classique avec ses bords arrondis et doux. Fabriqu\u00e9e en fr\u00eane ou en pin, elle est dot\u00e9e de deux tiroirs gain\u00e9s de cuir reconstitu\u00e9 galuchat cr\u00e8me.\u00a0<\/span>Ces tables d&#039;appoint, disponibles en deux styles, confirmeront votre statut de d\u00e9corateur d&#039;int\u00e9rieur dans votre cercle social. Installez-en deux dans votre salon ou deux dans votre chambre.<\/p>\n<ul data-mce-fragment=\"1\">\n<li data-mce-fragment=\"1\">Mat\u00e9riau : Bois<\/li>\n<li data-mce-fragment=\"1\">Offert en 2 choix de style<\/li>\n<li data-mce-fragment=\"1\">Contenu de l&#039;emballage : 1 table d&#039;appoint, au choix du style<\/li>\n<li data-mce-fragment=\"1\">Remarque\u00a0: les mesures peuvent comporter des erreurs. \u00c9vitez toute exposition prolong\u00e9e au soleil.<\/li>\n<\/ul>","protected":false},"excerpt":{"rendered":"<p>Une table de nuit classique qui offre un look intemporel et classique avec ses bords doux et arrondis. Fabriqu\u00e9e en fr\u00eane ou en pin<\/p>","protected":false},"featured_media":122701,"comment_status":"open","ping_status":"closed","template":"","meta":[],"product_brand":[],"product_cat":[30858,30971,30867,32],"product_tag":[12259,12260],"class_list":{"0":"post-63642","1":"product","2":"type-product","3":"status-publish","4":"has-post-thumbnail","6":"product_cat-wholesale-bedroom","7":"product_cat-hp","8":"product_cat-nightstands","9":"product_cat-residential-furniture","10":"product_tag-_wf_cus","11":"product_tag-_wf_exc","13":"first","14":"instock","15":"sale","16":"taxable","17":"shipping-taxable","18":"purchasable","19":"product-type-variable"},"_links":{"self":[{"href":"https:\/\/nexgendecors.com\/fr\/wp-json\/wp\/v2\/product\/63642","targetHints":{"allow":["GET"]}}],"collection":[{"href":"https:\/\/nexgendecors.com\/fr\/wp-json\/wp\/v2\/product"}],"about":[{"href":"https:\/\/nexgendecors.com\/fr\/wp-json\/wp\/v2\/types\/product"}],"replies":[{"embeddable":true,"href":"https:\/\/nexgendecors.com\/fr\/wp-json\/wp\/v2\/comments?post=63642"}],"version-history":[{"count":0,"href":"https:\/\/nexgendecors.com\/fr\/wp-json\/wp\/v2\/product\/63642\/revisions"}],"wp:featuredmedia":[{"embeddable":true,"href":"https:\/\/nexgendecors.com\/fr\/wp-json\/wp\/v2\/media\/122701"}],"wp:attachment":[{"href":"https:\/\/nexgendecors.com\/fr\/wp-json\/wp\/v2\/media?parent=63642"}],"wp:term":[{"taxonomy":"product_brand","embeddable":true,"href":"https:\/\/nexgendecors.com\/fr\/wp-json\/wp\/v2\/product_brand?post=63642"},{"taxonomy":"product_cat","embeddable":true,"href":"https:\/\/nexgendecors.com\/fr\/wp-json\/wp\/v2\/product_cat?post=63642"},{"taxonomy":"product_tag","embeddable":true,"href":"https:\/\/nexgendecors.com\/fr\/wp-json\/wp\/v2\/product_tag?post=63642"}],"curies":[{"name":"wp","href":"https:\/\/api.w.org\/{rel}","templated":true}]}}